{"id":8290,"date":"2025-11-19T09:17:00","date_gmt":"2025-11-19T08:17:00","guid":{"rendered":"https:\/\/vozolpuff.de\/?post_type=product&#038;p=8290"},"modified":"2025-11-19T09:17:00","modified_gmt":"2025-11-19T08:17:00","slug":"bang-leader-120k-blue-razz-love66","status":"publish","type":"product","link":"https:\/\/vozolpuff.de\/pl\/produkt\/bang-leader-120k-blue-razz-love66\/","title":{"rendered":"Bang Leader 120K Blue Razz\/Love66"},"content":{"rendered":"<h2 class=\"font-claude-response-heading text-text-100 mt-1 -mb-0.5\">Bang Leader 120K Blue Razz\/Love66 Jednorazowy e-papieros<\/h2>\n<p class=\"font-claude-response-body whitespace-normal break-words\">Bang Leader 120K oferuje wyj\u0105tkowe 120 000 zaci\u0105gni\u0119\u0107 dzi\u0119ki innowacyjnej konstrukcji z podw\u00f3jn\u0105 komor\u0105 2 w 1. \u0141atwo prze\u0142\u0105czaj si\u0119 mi\u0119dzy orze\u017awiaj\u0105cym Blue Razz a uwodzicielskim Love66 dzi\u0119ki oddzielnym systemom cewek, kt\u00f3re zachowuj\u0105 czyste profile smakowe. Zaawansowane cewki siatkowe, wydajny akumulator wielokrotnego \u0142adowania i kompaktowa, ergonomiczna konstrukcja zapewniaj\u0105 sta\u0142\u0105 produkcj\u0119 pary przez ca\u0142y okres przed\u0142u\u017conej \u017cywotno\u015bci. Najwy\u017cszej jako\u015bci technologia jednorazowych vape'\u00f3w \u0142\u0105czy si\u0119 z najwy\u017cszym komfortem i r\u00f3\u017cnorodno\u015bci\u0105 smak\u00f3w w jednym wyrafinowanym urz\u0105dzeniu.<\/p>\n<h3 class=\"font-claude-response-subheading text-text-100 mt-1 -mb-1.5\">Bang Leader 120K Blue Razz\/Love66 zaci\u0105gni\u0119\u0107 \u2013 najwa\u017cniejsze cechy:<\/h3>\n<p class=\"font-claude-response-body whitespace-normal break-words\">Bang Vape na nowo definiuje trwa\u0142o\u015b\u0107 jednorazowych e-papieros\u00f3w dzi\u0119ki swojej wyj\u0105tkowej pojemno\u015bci wynosz\u0105cej 120 000 zaci\u0105gni\u0119\u0107. Ta niezwyk\u0142a wydajno\u015b\u0107 gwarantuje miesi\u0105ce niezmiennej przyjemno\u015bci z wapowania bez kompromis\u00f3w i zapewnia doskona\u0142y stosunek ceny do jako\u015bci dla u\u017cytkownik\u00f3w, kt\u00f3rzy oczekuj\u0105 zar\u00f3wno przed\u0142u\u017conej wydajno\u015bci, jak i sta\u0142ej jako\u015bci smaku przez ca\u0142y okres u\u017cytkowania urz\u0105dzenia.<\/p>\n<p class=\"font-claude-response-body whitespace-normal break-words\">Technologia 2 w 1 Vape posiada wyrafinowan\u0105 konstrukcj\u0119 z podw\u00f3jn\u0105 komor\u0105, kt\u00f3ra zapewnia idealne oddzielenie smak\u00f3w. Ten innowacyjny system umo\u017cliwia natychmiastowe prze\u0142\u0105czanie si\u0119 mi\u0119dzy uzupe\u0142niaj\u0105cymi si\u0119 profilami smakowymi przy zachowaniu absolutnej integralno\u015bci smaku. Ka\u017cda komora dzia\u0142a niezale\u017cnie, zapewniaj\u0105c autentyczne doznania smakowe przy ka\u017cdym zaci\u0105gni\u0119ciu.<\/p>\n<p class=\"font-claude-response-body whitespace-normal break-words\">Dzi\u0119ki zaawansowanej technologii Dual Mesh Coil, 120k Vape zapewnia optymalny smak i sta\u0142\u0105 produkcj\u0119 pary. Akumulator o du\u017cej pojemno\u015bci z funkcj\u0105 szybkiego \u0142adowania typu C zapewnia niezawodne zasilanie, a inteligentna technologia chipowa utrzymuje idealn\u0105 kontrol\u0119 temperatury w obu komorach smakowych.<\/p>\n<p class=\"font-claude-response-body whitespace-normal break-words\">Bang Leader 120K charakteryzuje si\u0119 ergonomiczn\u0105 konstrukcj\u0105, kt\u00f3ra zapewnia dobr\u0105 widoczno\u015b\u0107 poziomu e-liquidu i intuicyjn\u0105 obs\u0142ug\u0119. Przemy\u015blany system przep\u0142ywu powietrza umo\u017cliwia indywidualn\u0105 regulacj\u0119 wytwarzania pary, a liczne mechanizmy zabezpieczaj\u0105ce gwarantuj\u0105 beztroskie u\u017cytkowanie przez ca\u0142y okres eksploatacji urz\u0105dzenia.<\/p>\n<h3 class=\"font-claude-response-subheading text-text-100 mt-1 -mb-1.5\">Dane techniczne:<\/h3>\n<p class=\"font-claude-response-body whitespace-normal break-words\">\u2611 RUCHY: 120 000 ruch\u00f3w<br \/>\n\u2611 Akumulator: 650 mAh<br \/>\n\u2611 Rezystancja: 1,0 om<br \/>\n\u2611 Z\u0142\u0105cze \u0142adowania typu C<br \/>\n\u2611 Nikotyna: 0% \/ 2% \/ 3% \/ 5%<\/p>\n<h3 class=\"font-claude-response-subheading text-text-100 mt-1 -mb-1.5\">Odkryj wi\u0119cej BANG VAPE na vozolpuff<\/h3>\n<p class=\"font-claude-response-body whitespace-normal break-words\">Odkryj wi\u0119cej wysokiej jako\u015bci e-papieros\u00f3w w naszej ofercie <strong><a class=\"underline\" href=\"https:\/\/vozolpuff.de\/pl\/\">G\u0142\u00f3wny asortyment<\/a><\/strong>. Przejrzyj nasz\u0105 kompletn\u0105 ofert\u0119 <strong><a class=\"underline\" href=\"https:\/\/vozolpuff.de\/pl\/product-category\/bang-vape\/\">Kolekcja BANG VAPE<\/a><\/strong> lub zapoznaj si\u0119 ze wszystkimi wariantami <strong><a class=\"underline\" href=\"https:\/\/vozolpuff.de\/pl\/product-category\/bang-vape\/bang-leader-120k\/\">Seria Bang Leader 120K<\/a><\/strong>.<\/p>","protected":false},"excerpt":{"rendered":"<p class=\"font-claude-response-body whitespace-normal break-words\">Bang Leader 120K Blue Razz\/Love66 rewolucjonizuje jednorazowe vape'y dzi\u0119ki 120 000 zaci\u0105gni\u0119\u0107 i innowacyjnemu systemowi podw\u00f3jnej komory. Dzi\u0119ki oddzielnym cewkom siatkowym mo\u017cna bez wysi\u0142ku prze\u0142\u0105cza\u0107 si\u0119 mi\u0119dzy orze\u017awiaj\u0105cym Blue Razz a uwodzicielskim Love66. Akumulator 650 mAh z szybkim \u0142adowaniem typu C i inteligentn\u0105 kontrol\u0105 temperatury gwarantuje miesi\u0105ce przyjemno\u015bci z wapowania na najwy\u017cszym poziomie.<\/p>","protected":false},"featured_media":8299,"comment_status":"open","ping_status":"closed","template":"","meta":{"_acf_changed":false},"product_brand":[],"product_cat":[93],"product_tag":[],"class_list":{"0":"post-8290","1":"product","2":"type-product","3":"status-publish","4":"has-post-thumbnail","6":"product_cat-bang-leader-120k","8":"first","9":"instock","10":"shipping-taxable","11":"purchasable","12":"product-type-variable"},"acf":[],"_links":{"self":[{"href":"https:\/\/vozolpuff.de\/pl\/wp-json\/wp\/v2\/product\/8290","targetHints":{"allow":["GET"]}}],"collection":[{"href":"https:\/\/vozolpuff.de\/pl\/wp-json\/wp\/v2\/product"}],"about":[{"href":"https:\/\/vozolpuff.de\/pl\/wp-json\/wp\/v2\/types\/product"}],"replies":[{"embeddable":true,"href":"https:\/\/vozolpuff.de\/pl\/wp-json\/wp\/v2\/comments?post=8290"}],"wp:featuredmedia":[{"embeddable":true,"href":"https:\/\/vozolpuff.de\/pl\/wp-json\/wp\/v2\/media\/8299"}],"wp:attachment":[{"href":"https:\/\/vozolpuff.de\/pl\/wp-json\/wp\/v2\/media?parent=8290"}],"wp:term":[{"taxonomy":"product_brand","embeddable":true,"href":"https:\/\/vozolpuff.de\/pl\/wp-json\/wp\/v2\/product_brand?post=8290"},{"taxonomy":"product_cat","embeddable":true,"href":"https:\/\/vozolpuff.de\/pl\/wp-json\/wp\/v2\/product_cat?post=8290"},{"taxonomy":"product_tag","embeddable":true,"href":"https:\/\/vozolpuff.de\/pl\/wp-json\/wp\/v2\/product_tag?post=8290"}],"curies":[{"name":"wp","href":"https:\/\/api.w.org\/{rel}","templated":true}]}}