{"id":8300,"date":"2025-11-19T09:21:09","date_gmt":"2025-11-19T08:21:09","guid":{"rendered":"https:\/\/vozolpuff.de\/?post_type=product&#038;p=8300"},"modified":"2025-11-19T09:21:09","modified_gmt":"2025-11-19T08:21:09","slug":"bang-leader-120k-strawberry-cherry-kiwi-passion-fruit-guava","status":"publish","type":"product","link":"https:\/\/vozolpuff.de\/pl\/produkt\/bang-leader-120k-strawberry-cherry-kiwi-passion-fruit-guava\/","title":{"rendered":"Bang Leader 120K Truskawka Wi\u015bnia\/Kiwi Marakuja Guawa"},"content":{"rendered":"<h2 class=\"font-claude-response-heading text-text-100 mt-1 -mb-0.5\">Bang Leader 120K Truskawka Wi\u015bnia\/Kiwi Marakuja Guawa Jednorazowy e-papieros<\/h2>\n<p class=\"font-claude-response-body whitespace-normal break-words\">Bang Leader 120K zapewnia rewelacyjne 120 000 zaci\u0105gni\u0119\u0107 dzi\u0119ki rewolucyjnej konstrukcji 2 w 1 z podw\u00f3jn\u0105 komor\u0105. Z \u0142atwo\u015bci\u0105 prze\u0142\u0105czaj si\u0119 mi\u0119dzy owocow\u0105 truskawkowo-wi\u015bniow\u0105 a egzotyczn\u0105 kiwi-marakuja-gwaj\u0105 dzi\u0119ki oddzielnym systemom cewek, kt\u00f3re zachowuj\u0105 czyste profile smakowe. Najnowocze\u015bniejsze cewki siatkowe, mocny akumulator wielokrotnego \u0142adowania i kompaktowa, ergonomiczna konstrukcja gwarantuj\u0105 ci\u0105g\u0142\u0105 wydajno\u015b\u0107 parowania przez ca\u0142y okres eksploatacji. Najwy\u017cszej klasy jednorazowe vape'y \u0142\u0105cz\u0105 w sobie najwy\u017cszy komfort u\u017cytkowania i r\u00f3\u017cnorodno\u015b\u0107 smak\u00f3w w jednym wyrafinowanym urz\u0105dzeniu.<\/p>\n<h3 class=\"font-claude-response-subheading text-text-100 mt-1 -mb-1.5\">Bang Leader 120K Truskawka Wi\u015bnia\/Kiwi Marakuja Guawa \u2013 najwa\u017cniejsze cechy:<\/h3>\n<p class=\"font-claude-response-body whitespace-normal break-words\">Bang Vape rewolucjonizuje trwa\u0142o\u015b\u0107 jednorazowych e-papieros\u00f3w dzi\u0119ki swojej wyj\u0105tkowej pojemno\u015bci 120 000 zaci\u0105gni\u0119\u0107. Ta niezwyk\u0142a wydajno\u015b\u0107 zapewnia miesi\u0105ce niezmiennej przyjemno\u015bci z wapowania bez utraty jako\u015bci i oferuje wyj\u0105tkowy stosunek ceny do jako\u015bci dla u\u017cytkownik\u00f3w, kt\u00f3rzy wymagaj\u0105 zar\u00f3wno przed\u0142u\u017conej wydajno\u015bci, jak i sta\u0142ej jako\u015bci smaku przez ca\u0142y okres u\u017cytkowania urz\u0105dzenia.<\/p>\n<p class=\"font-claude-response-body whitespace-normal break-words\">Technologia 2 w 1 opiera si\u0119 na wyrafinowanej konstrukcji z podw\u00f3jn\u0105 komor\u0105, kt\u00f3ra zapewnia doskona\u0142\u0105 separacj\u0119 smak\u00f3w. Ten prze\u0142omowy system pozwala na b\u0142yskawiczn\u0105 zmian\u0119 mi\u0119dzy r\u00f3\u017cnymi profilami smakowymi przy zachowaniu absolutnej integralno\u015bci smaku. Ka\u017cda komora dzia\u0142a niezale\u017cnie, zapewniaj\u0105c autentyczne doznania smakowe przy ka\u017cdym zaci\u0105gni\u0119ciu.<\/p>\n<p class=\"font-claude-response-body whitespace-normal break-words\">Wyposa\u017cony w zaawansowan\u0105 technologi\u0119 Dual Mesh Coil, 120k Vape zapewnia optymalne rozwijanie smaku i sta\u0142e wytwarzanie pary. Akumulator o du\u017cej pojemno\u015bci z funkcj\u0105 szybkiego \u0142adowania typu C zapewnia niezawodne zasilanie, a inteligentna technologia chipowa utrzymuje idealn\u0105 kontrol\u0119 temperatury w obu komorach smakowych.<\/p>\n<p class=\"font-claude-response-body whitespace-normal break-words\">Bang Leader 120K przekonuje ergonomicznym wzornictwem z wyra\u017an\u0105 widoczno\u015bci\u0105 e-liquidu i intuicyjn\u0105 obs\u0142ug\u0105. Przemy\u015blany system przep\u0142ywu powietrza umo\u017cliwia indywidualn\u0105 regulacj\u0119 wytwarzania pary, a liczne mechanizmy zabezpieczaj\u0105ce zapewniaj\u0105 beztroskie u\u017cytkowanie przez ca\u0142y okres eksploatacji urz\u0105dzenia.<\/p>\n<h3 class=\"font-claude-response-subheading text-text-100 mt-1 -mb-1.5\">Dane techniczne:<\/h3>\n<p class=\"font-claude-response-body whitespace-normal break-words\">\u2611 RUCHY: 120 000 ruch\u00f3w<br \/>\n\u2611 Akumulator: 650 mAh<br \/>\n\u2611 Rezystancja: 1,0 om<br \/>\n\u2611 Z\u0142\u0105cze \u0142adowania typu C<br \/>\n\u2611 Nikotyna: 0% \/ 2% \/ 3% \/ 5%<\/p>\n<h3 class=\"font-claude-response-subheading text-text-100 mt-1 -mb-1.5\">Odkryj wi\u0119cej BANG VAPE na vozolpuff<\/h3>\n<p class=\"font-claude-response-body whitespace-normal break-words\">Zapraszamy do odwiedzenia naszej bogatej oferty <strong><a class=\"underline\" href=\"https:\/\/vozolpuff.de\/pl\/\">Oferta produkt\u00f3w do wapowania<\/a><\/strong>. W naszej <strong><a class=\"underline\" href=\"https:\/\/vozolpuff.de\/pl\/product-category\/bang-vape\/\">Kategoria BANG VAPE<\/a><\/strong> znajd\u017a inne topowe modele lub przejrzyj ca\u0142\u0105 ofert\u0119 <strong><a class=\"underline\" href=\"https:\/\/vozolpuff.de\/pl\/product-category\/bang-vape\/bang-leader-120k\/\">Bang Leader 120K Wyb\u00f3r smak\u00f3w<\/a><\/strong>.<\/p>","protected":false},"excerpt":{"rendered":"<p class=\"font-claude-response-body whitespace-normal break-words\">Bang Leader 120K Strawberry Cherry\/Kiwi Passion Fruit Guava rewolucjonizuje jednorazowe vape'y dzi\u0119ki 120 000 zaci\u0105gni\u0119\u0107 i innowacyjnemu systemowi podw\u00f3jnej komory. Dzi\u0119ki oddzielnym cewkom siatkowym mo\u017cna bez wysi\u0142ku prze\u0142\u0105cza\u0107 si\u0119 mi\u0119dzy owocow\u0105 truskawkowo-wi\u015bniow\u0105 a egzotyczn\u0105 kiwi-marakuja-gwaj\u0105. Akumulator 650 mAh z szybkim \u0142adowaniem typu C zapewnia miesi\u0105ce doskona\u0142ej przyjemno\u015bci.<\/p>","protected":false},"featured_media":8302,"comment_status":"open","ping_status":"closed","template":"","meta":{"_acf_changed":false},"product_brand":[],"product_cat":[93],"product_tag":[],"class_list":{"0":"post-8300","1":"product","2":"type-product","3":"status-publish","4":"has-post-thumbnail","6":"product_cat-bang-leader-120k","8":"first","9":"instock","10":"shipping-taxable","11":"purchasable","12":"product-type-variable"},"acf":[],"_links":{"self":[{"href":"https:\/\/vozolpuff.de\/pl\/wp-json\/wp\/v2\/product\/8300","targetHints":{"allow":["GET"]}}],"collection":[{"href":"https:\/\/vozolpuff.de\/pl\/wp-json\/wp\/v2\/product"}],"about":[{"href":"https:\/\/vozolpuff.de\/pl\/wp-json\/wp\/v2\/types\/product"}],"replies":[{"embeddable":true,"href":"https:\/\/vozolpuff.de\/pl\/wp-json\/wp\/v2\/comments?post=8300"}],"wp:featuredmedia":[{"embeddable":true,"href":"https:\/\/vozolpuff.de\/pl\/wp-json\/wp\/v2\/media\/8302"}],"wp:attachment":[{"href":"https:\/\/vozolpuff.de\/pl\/wp-json\/wp\/v2\/media?parent=8300"}],"wp:term":[{"taxonomy":"product_brand","embeddable":true,"href":"https:\/\/vozolpuff.de\/pl\/wp-json\/wp\/v2\/product_brand?post=8300"},{"taxonomy":"product_cat","embeddable":true,"href":"https:\/\/vozolpuff.de\/pl\/wp-json\/wp\/v2\/product_cat?post=8300"},{"taxonomy":"product_tag","embeddable":true,"href":"https:\/\/vozolpuff.de\/pl\/wp-json\/wp\/v2\/product_tag?post=8300"}],"curies":[{"name":"wp","href":"https:\/\/api.w.org\/{rel}","templated":true}]}}