{"id":8307,"date":"2025-11-19T09:24:38","date_gmt":"2025-11-19T08:24:38","guid":{"rendered":"https:\/\/vozolpuff.de\/?post_type=product&#038;p=8307"},"modified":"2025-11-19T09:24:39","modified_gmt":"2025-11-19T08:24:39","slug":"bang-leader-120k-watermelon-bubble-gum-mixed-fruit","status":"publish","type":"product","link":"https:\/\/vozolpuff.de\/pl\/produkt\/bang-leader-120k-watermelon-bubble-gum-mixed-fruit\/","title":{"rendered":"Bang Leader 120K Arbuzowa guma balonowa\/mieszanka owocowa"},"content":{"rendered":"<h2 class=\"font-claude-response-heading text-text-100 mt-1 -mb-0.5\">Bang Leader 120K Watermelon Bubble Gum\/Mixed Fruit Jednorazowy e-papieros<\/h2>\n<p class=\"font-claude-response-body whitespace-normal break-words\">Bang Leader 120K oferuje imponuj\u0105ce 120 000 zaci\u0105gni\u0119\u0107 dzi\u0119ki zaawansowanej konstrukcji z podw\u00f3jn\u0105 komor\u0105 2 w 1. \u0141atwo prze\u0142\u0105czaj si\u0119 mi\u0119dzy s\u0142odk\u0105 gum\u0105 balonow\u0105 o smaku arbuza a wszechstronn\u0105 mieszank\u0105 owoc\u00f3w dzi\u0119ki oddzielnym systemom cewek, kt\u00f3re zachowuj\u0105 czyste profile smakowe. Zaawansowane cewki siatkowe, wydajny akumulator wielokrotnego \u0142adowania i ergonomiczna konstrukcja zapewniaj\u0105 sta\u0142\u0105 produkcj\u0119 pary przez ca\u0142y okres przed\u0142u\u017conej \u017cywotno\u015bci. Najwy\u017cszej jako\u015bci technologia jednorazowych vape'\u00f3w \u0142\u0105czy si\u0119 z najwy\u017cszym komfortem i r\u00f3\u017cnorodno\u015bci\u0105 smak\u00f3w w jednym innowacyjnym urz\u0105dzeniu.<\/p>\n<h3 class=\"font-claude-response-subheading text-text-100 mt-1 -mb-1.5\">Bang Leader 120K Watermelon Bubble Gum\/Mixed Fruit Z\u00fcge \u2013 najwa\u017cniejsze cechy:<\/h3>\n<p class=\"font-claude-response-body whitespace-normal break-words\">E-papieros Bang Vape wyznacza standardy w dziedzinie jednorazowych urz\u0105dze\u0144 do wapowania dzi\u0119ki swojej spektakularnej pojemno\u015bci wynosz\u0105cej 120 000 zaci\u0105gni\u0119\u0107. Ta wyj\u0105tkowa wydajno\u015b\u0107 gwarantuje miesi\u0105ce nieprzerwanej przyjemno\u015bci wapowania bez kompromis\u00f3w i zapewnia doskona\u0142y stosunek jako\u015bci do ceny dla wymagaj\u0105cych u\u017cytkownik\u00f3w, kt\u00f3rzy oczekuj\u0105 zar\u00f3wno przed\u0142u\u017conej wydajno\u015bci, jak i sta\u0142ej jako\u015bci smaku przez ca\u0142y okres u\u017cytkowania urz\u0105dzenia.<\/p>\n<p class=\"font-claude-response-body whitespace-normal break-words\">Technologia 2 w 1 wykorzystuje inteligentn\u0105 konstrukcj\u0119 z podw\u00f3jn\u0105 komor\u0105, kt\u00f3ra zapewnia idealne oddzielenie smak\u00f3w. Ten zaawansowany system umo\u017cliwia spontaniczne prze\u0142\u0105czanie si\u0119 mi\u0119dzy kontrastuj\u0105cymi profilami smakowymi przy zachowaniu absolutnej integralno\u015bci smaku. Ka\u017cda komora dzia\u0142a niezale\u017cnie, zapewniaj\u0105c autentyczne doznania smakowe przy ka\u017cdym zaci\u0105gni\u0119ciu.<\/p>\n<p class=\"font-claude-response-body whitespace-normal break-words\">Dzi\u0119ki innowacyjnej technologii Dual Mesh Coil, 120k Vape zapewnia doskona\u0142y smak i r\u00f3wnomierne wytwarzanie pary. Akumulator o du\u017cej pojemno\u015bci z funkcj\u0105 szybkiego \u0142adowania typu C zapewnia niezawodne zasilanie, a inteligentna technologia chipowa utrzymuje idealn\u0105 kontrol\u0119 temperatury w obu komorach smakowych.<\/p>\n<p class=\"font-claude-response-body whitespace-normal break-words\">Bang Leader 120K zachwyca ergonomicznym designem z wyra\u017an\u0105 widoczno\u015bci\u0105 e-liquidu i intuicyjn\u0105 obs\u0142ug\u0105. Precyzyjnie dostrojony system przep\u0142ywu powietrza umo\u017cliwia indywidualn\u0105 regulacj\u0119 wytwarzania pary, a wielokrotne mechanizmy zabezpieczaj\u0105ce zapewniaj\u0105 beztroskie u\u017cytkowanie przez ca\u0142y okres eksploatacji urz\u0105dzenia.<\/p>\n<h3 class=\"font-claude-response-subheading text-text-100 mt-1 -mb-1.5\">Dane techniczne:<\/h3>\n<p class=\"font-claude-response-body whitespace-normal break-words\">\u2611 RUCHY: 120 000 ruch\u00f3w<br \/>\n\u2611 Akumulator: 650 mAh<br \/>\n\u2611 Rezystancja: 1,0 om<br \/>\n\u2611 Z\u0142\u0105cze \u0142adowania typu C<br \/>\n\u2611 Nikotyna: 0% \/ 2% \/ 3% \/ 5%<\/p>\n<h3 class=\"font-claude-response-subheading text-text-100 mt-1 -mb-1.5\">Odkryj wi\u0119cej BANG VAPE na vozolpuff<\/h3>\n<p class=\"font-claude-response-body whitespace-normal break-words\">Zapraszamy do zapoznania si\u0119 z nasz\u0105 bogat\u0105 ofert\u0105 <strong><a class=\"underline\" href=\"https:\/\/vozolpuff.de\/pl\/\">Oferta e-papieros\u00f3w<\/a><\/strong> . Zapraszamy do zapoznania si\u0119 z nasz\u0105 pe\u0142n\u0105 ofert\u0105. <strong><a class=\"underline\" href=\"https:\/\/vozolpuff.de\/pl\/product-category\/bang-vape\/\">Seria produkt\u00f3w BANG VAPE<\/a><\/strong> lub zapoznaj si\u0119 ze wszystkimi informacjami <strong><a class=\"underline\" href=\"https:\/\/vozolpuff.de\/pl\/product-category\/bang-vape\/bang-leader-120k\/\">Bang Leader 120K Warianty smakowe<\/a><\/strong>.<\/p>","protected":false},"excerpt":{"rendered":"<p class=\"font-claude-response-body whitespace-normal break-words\">Bang Leader 120K Watermelon Bubble Gum\/Mixed Fruit rewolucjonizuje jednorazowe vape'y dzi\u0119ki 120 000 zaci\u0105gni\u0119\u0107 i innowacyjnemu systemowi podw\u00f3jnej komory. Dzi\u0119ki oddzielnym cewkom siatkowym mo\u017cna z \u0142atwo\u015bci\u0105 prze\u0142\u0105cza\u0107 si\u0119 mi\u0119dzy s\u0142odk\u0105 gum\u0105 balonow\u0105 o smaku arbuza a r\u00f3\u017cnorodnymi owocami mieszanymi. Akumulator 650 mAh z szybkim \u0142adowaniem typu C zapewnia miesi\u0105ce przyjemno\u015bci z wapowania na najwy\u017cszym poziomie.<\/p>","protected":false},"featured_media":8309,"comment_status":"open","ping_status":"closed","template":"","meta":{"_acf_changed":false},"product_brand":[],"product_cat":[93],"product_tag":[],"class_list":{"0":"post-8307","1":"product","2":"type-product","3":"status-publish","4":"has-post-thumbnail","6":"product_cat-bang-leader-120k","8":"first","9":"instock","10":"shipping-taxable","11":"purchasable","12":"product-type-variable"},"acf":[],"_links":{"self":[{"href":"https:\/\/vozolpuff.de\/pl\/wp-json\/wp\/v2\/product\/8307","targetHints":{"allow":["GET"]}}],"collection":[{"href":"https:\/\/vozolpuff.de\/pl\/wp-json\/wp\/v2\/product"}],"about":[{"href":"https:\/\/vozolpuff.de\/pl\/wp-json\/wp\/v2\/types\/product"}],"replies":[{"embeddable":true,"href":"https:\/\/vozolpuff.de\/pl\/wp-json\/wp\/v2\/comments?post=8307"}],"wp:featuredmedia":[{"embeddable":true,"href":"https:\/\/vozolpuff.de\/pl\/wp-json\/wp\/v2\/media\/8309"}],"wp:attachment":[{"href":"https:\/\/vozolpuff.de\/pl\/wp-json\/wp\/v2\/media?parent=8307"}],"wp:term":[{"taxonomy":"product_brand","embeddable":true,"href":"https:\/\/vozolpuff.de\/pl\/wp-json\/wp\/v2\/product_brand?post=8307"},{"taxonomy":"product_cat","embeddable":true,"href":"https:\/\/vozolpuff.de\/pl\/wp-json\/wp\/v2\/product_cat?post=8307"},{"taxonomy":"product_tag","embeddable":true,"href":"https:\/\/vozolpuff.de\/pl\/wp-json\/wp\/v2\/product_tag?post=8307"}],"curies":[{"name":"wp","href":"https:\/\/api.w.org\/{rel}","templated":true}]}}