{"id":8351,"date":"2025-11-19T09:46:34","date_gmt":"2025-11-19T08:46:34","guid":{"rendered":"https:\/\/vozolpuff.de\/?post_type=product&#038;p=8351"},"modified":"2025-11-19T09:46:34","modified_gmt":"2025-11-19T08:46:34","slug":"bang-leader-120k-strawberry-watermelon-orange-soda","status":"publish","type":"product","link":"https:\/\/vozolpuff.de\/pl\/produkt\/bang-leader-120k-strawberry-watermelon-orange-soda\/","title":{"rendered":"Bang Leader 120K Truskawka Arbuz\/Pomara\u0144czowa soda"},"content":{"rendered":"<h2 class=\"font-claude-response-heading text-text-100 mt-1 -mb-0.5\">Bang Leader 120K Truskawka-arbuz\/pomara\u0144czowa soda Jednorazowy e-papieros<\/h2>\n<p class=\"font-claude-response-body whitespace-normal break-words\">Bang Leader 120K \u0142\u0105czy w sobie niesamowite 120 000 zaci\u0105gni\u0119\u0107 z innowacyjn\u0105 konstrukcj\u0105 2 w 1 z podw\u00f3jn\u0105 komor\u0105. Ciesz si\u0119 p\u0142ynnym przej\u015bciem mi\u0119dzy owocow\u0105 truskawkowo-arbuzow\u0105 a orze\u017awiaj\u0105c\u0105 pomara\u0144czow\u0105 sod\u0105 dzi\u0119ki oddzielnym systemom cewek, kt\u00f3re zachowuj\u0105 czyste profile smakowe. Zaawansowane cewki siatkowe, mocny akumulator wielokrotnego \u0142adowania i kompaktowa, ergonomiczna konstrukcja zapewniaj\u0105 sta\u0142\u0105 produkcj\u0119 pary przez ca\u0142y okres eksploatacji. Najwy\u017cszej jako\u015bci technologia jednorazowych vape'\u00f3w \u0142\u0105czy si\u0119 z najwy\u017cszym komfortem i r\u00f3\u017cnorodno\u015bci\u0105 smak\u00f3w w eleganckim urz\u0105dzeniu.<\/p>\n<h3 class=\"font-claude-response-subheading text-text-100 mt-1 -mb-1.5\">Bang Leader 120K Strawberry Watermelon\/Orange Soda Z\u00fcge \u2013 najwa\u017cniejsze cechy:<\/h3>\n<p class=\"font-claude-response-body whitespace-normal break-words\">E-papieros Bang Vape rewolucjonizuje standardy produkt\u00f3w jednorazowego u\u017cytku dzi\u0119ki swojej niezwyk\u0142ej pojemno\u015bci wynosz\u0105cej 120 000 zaci\u0105gni\u0119\u0107. Ta niezwyk\u0142a wytrzyma\u0142o\u015b\u0107 zapewnia miesi\u0105ce niezmiennej przyjemno\u015bci z wapowania bez \u017cadnych kompromis\u00f3w i oferuje bezkonkurencyjny stosunek ceny do jako\u015bci dla u\u017cytkownik\u00f3w, kt\u00f3rzy oczekuj\u0105 zar\u00f3wno trwa\u0142o\u015bci, jak i sta\u0142ej jako\u015bci aromat\u00f3w przez ca\u0142y okres u\u017cytkowania urz\u0105dzenia.<\/p>\n<p class=\"font-claude-response-body whitespace-normal break-words\">Technologia 2 w 1 Vape ma przemy\u015blan\u0105 konstrukcj\u0119 z podw\u00f3jn\u0105 komor\u0105, kt\u00f3ra zapewnia idealne rozdzielenie smak\u00f3w. Ten prze\u0142omowy system umo\u017cliwia b\u0142yskawiczne prze\u0142\u0105czanie mi\u0119dzy orze\u017awiaj\u0105cymi profilami smakowymi przy zachowaniu pe\u0142nej integralno\u015bci smaku. Ka\u017cda komora dzia\u0142a niezale\u017cnie, zapewniaj\u0105c autentyczne doznania smakowe przy ka\u017cdym zaci\u0105gni\u0119ciu.<\/p>\n<p class=\"font-claude-response-body whitespace-normal break-words\">Wyposa\u017cony w zaawansowan\u0105 technologi\u0119 Dual Mesh Coil, 120k Vape zapewnia doskona\u0142e rozwijanie smaku i sta\u0142e wytwarzanie pary. Akumulator o du\u017cej pojemno\u015bci z funkcj\u0105 szybkiego \u0142adowania typu C zapewnia niezawodne zasilanie, a inteligentna technologia chipowa utrzymuje idealn\u0105 kontrol\u0119 temperatury w obu komorach smakowych.<\/p>\n<p class=\"font-claude-response-body whitespace-normal break-words\">Bang Leader 120K przekonuje ergonomicznym designem z wyra\u017an\u0105 widoczno\u015bci\u0105 e-liquidu i dziecinnie prost\u0105 obs\u0142ug\u0105. Przemy\u015blany system przep\u0142ywu powietrza umo\u017cliwia indywidualn\u0105 regulacj\u0119 wytwarzania pary, a kompleksowe mechanizmy zabezpieczaj\u0105ce zapewniaj\u0105 beztroskie u\u017cytkowanie przez ca\u0142y wyd\u0142u\u017cony okres eksploatacji urz\u0105dzenia.<\/p>\n<h3 class=\"font-claude-response-subheading text-text-100 mt-1 -mb-1.5\">Dane techniczne:<\/h3>\n<p class=\"font-claude-response-body whitespace-normal break-words\">\u2611 RUCHY: 120 000 ruch\u00f3w<br \/>\n\u2611 Akumulator: 650 mAh<br \/>\n\u2611 Rezystancja: 1,0 om<br \/>\n\u2611 Z\u0142\u0105cze \u0142adowania typu C<br \/>\n\u2611 Nikotyna: 0% \/ 2% \/ 3% \/ 5%<\/p>\n<h3 class=\"font-claude-response-subheading text-text-100 mt-1 -mb-1.5\">Odkryj wi\u0119cej BANG VAPE na vozolpuff<\/h3>\n<p class=\"font-claude-response-body whitespace-normal break-words\">Przegl\u0105daj nasze <strong><a class=\"underline\" href=\"https:\/\/vozolpuff.de\/pl\/\">Pe\u0142ny zakres<\/a><\/strong> dla vape'\u00f3w premium. Zapraszamy do zapoznania si\u0119 z nasz\u0105 popularn\u0105 ofert\u0105 <strong><a class=\"underline\" href=\"https:\/\/vozolpuff.de\/pl\/product-category\/bang-vape\/\">Linia BANG VAPE<\/a><\/strong> lub por\u00f3wna\u0107 wszystkie <strong><a class=\"underline\" href=\"https:\/\/vozolpuff.de\/pl\/product-category\/bang-vape\/bang-leader-120k\/\">Bang Leader 120K Smaki<\/a><\/strong>.<\/p>","protected":false},"excerpt":{"rendered":"<p class=\"font-claude-response-body whitespace-normal break-words\">Bang Leader 120K Strawberry Watermelon\/Orange Soda rewolucjonizuje jednorazowe vape'y dzi\u0119ki 120 000 zaci\u0105gni\u0119\u0107 i innowacyjnemu systemowi podw\u00f3jnej komory. Dzi\u0119ki oddzielnym cewkom siatkowym mo\u017cna z \u0142atwo\u015bci\u0105 prze\u0142\u0105cza\u0107 si\u0119 mi\u0119dzy owocowym smakiem truskawkowo-arbuzowym a orze\u017awiaj\u0105cym smakiem pomara\u0144czowego napoju gazowanego. Akumulator 650 mAh z szybkim \u0142adowaniem typu C zapewnia miesi\u0105ce doskona\u0142ej przyjemno\u015bci z wapowania.<\/p>","protected":false},"featured_media":8353,"comment_status":"open","ping_status":"closed","template":"","meta":{"_acf_changed":false},"product_brand":[],"product_cat":[93],"product_tag":[],"class_list":{"0":"post-8351","1":"product","2":"type-product","3":"status-publish","4":"has-post-thumbnail","6":"product_cat-bang-leader-120k","8":"first","9":"instock","10":"shipping-taxable","11":"purchasable","12":"product-type-variable"},"acf":[],"_links":{"self":[{"href":"https:\/\/vozolpuff.de\/pl\/wp-json\/wp\/v2\/product\/8351","targetHints":{"allow":["GET"]}}],"collection":[{"href":"https:\/\/vozolpuff.de\/pl\/wp-json\/wp\/v2\/product"}],"about":[{"href":"https:\/\/vozolpuff.de\/pl\/wp-json\/wp\/v2\/types\/product"}],"replies":[{"embeddable":true,"href":"https:\/\/vozolpuff.de\/pl\/wp-json\/wp\/v2\/comments?post=8351"}],"wp:featuredmedia":[{"embeddable":true,"href":"https:\/\/vozolpuff.de\/pl\/wp-json\/wp\/v2\/media\/8353"}],"wp:attachment":[{"href":"https:\/\/vozolpuff.de\/pl\/wp-json\/wp\/v2\/media?parent=8351"}],"wp:term":[{"taxonomy":"product_brand","embeddable":true,"href":"https:\/\/vozolpuff.de\/pl\/wp-json\/wp\/v2\/product_brand?post=8351"},{"taxonomy":"product_cat","embeddable":true,"href":"https:\/\/vozolpuff.de\/pl\/wp-json\/wp\/v2\/product_cat?post=8351"},{"taxonomy":"product_tag","embeddable":true,"href":"https:\/\/vozolpuff.de\/pl\/wp-json\/wp\/v2\/product_tag?post=8351"}],"curies":[{"name":"wp","href":"https:\/\/api.w.org\/{rel}","templated":true}]}}