{"id":8365,"date":"2025-11-19T09:53:08","date_gmt":"2025-11-19T08:53:08","guid":{"rendered":"https:\/\/vozolpuff.de\/?post_type=product&#038;p=8365"},"modified":"2025-11-19T09:53:40","modified_gmt":"2025-11-19T08:53:40","slug":"bang-leader-120k-blueberry-ice-black-currant","status":"publish","type":"product","link":"https:\/\/vozolpuff.de\/pl\/produkt\/bang-leader-120k-blueberry-ice-black-currant\/","title":{"rendered":"Bang Leader 120K Blueberry Ice\/Black Currant"},"content":{"rendered":"<h2 class=\"font-claude-response-heading text-text-100 mt-1 -mb-0.5\">Bang Leader 120K Blueberry Ice\/Black Currant Jednorazowy e-papieros<\/h2>\n<p class=\"font-claude-response-body whitespace-normal break-words\">Bang Leader 120K oferuje rewelacyjne 120 000 zaci\u0105gni\u0119\u0107 dzi\u0119ki rewolucyjnej konstrukcji z podw\u00f3jn\u0105 komor\u0105 2 w 1. Z \u0142atwo\u015bci\u0105 prze\u0142\u0105czaj si\u0119 mi\u0119dzy ch\u0142odnym smakiem Blueberry Ice a intensywnym smakiem Black Currant dzi\u0119ki oddzielnym systemom cewek, kt\u00f3re zachowuj\u0105 czyste profile smakowe. Zaawansowane cewki siatkowe, mocny akumulator wielokrotnego \u0142adowania i kompaktowa, ergonomiczna konstrukcja zapewniaj\u0105 sta\u0142\u0105 produkcj\u0119 pary przez ca\u0142y okres eksploatacji. Najwy\u017cszej jako\u015bci technologia jednorazowych vape'\u00f3w \u0142\u0105czy si\u0119 z najwy\u017cszym komfortem i r\u00f3\u017cnorodno\u015bci\u0105 smak\u00f3w w jednym wymagaj\u0105cym urz\u0105dzeniu.<\/p>\n<h3 class=\"font-claude-response-subheading text-text-100 mt-1 -mb-1.5\">Bang Leader 120K Blueberry Ice\/Black Currant \u2013 najwa\u017cniejsze cechy:<\/h3>\n<p class=\"font-claude-response-body whitespace-normal break-words\">E-papieros Bang Vape rewolucjonizuje jednorazowe vaping dzi\u0119ki imponuj\u0105cej pojemno\u015bci 120 000 zaci\u0105gni\u0119\u0107. Ta niezwyk\u0142a wytrzyma\u0142o\u015b\u0107 zapewnia miesi\u0105ce nieprzerwanej przyjemno\u015bci z vapingu bez utraty jako\u015bci i oferuje doskona\u0142y stosunek ceny do jako\u015bci dla vaper\u00f3w, kt\u00f3rzy oczekuj\u0105 zar\u00f3wno trwa\u0142o\u015bci, jak i sta\u0142ej jako\u015bci aromat\u00f3w przez ca\u0142y okres u\u017cytkowania urz\u0105dzenia.<\/p>\n<p class=\"font-claude-response-body whitespace-normal break-words\">Technologia 2 w 1 wykorzystuje inteligentn\u0105 konstrukcj\u0119 z podw\u00f3jn\u0105 komor\u0105, kt\u00f3ra zapewnia doskona\u0142e oddzielenie smak\u00f3w. Ten prze\u0142omowy system umo\u017cliwia \u0142atwe prze\u0142\u0105czanie mi\u0119dzy intensywnymi profilami smakowymi przy zachowaniu pe\u0142nej integralno\u015bci smaku. Ka\u017cda komora dzia\u0142a niezale\u017cnie, zapewniaj\u0105c autentyczne doznania smakowe przy ka\u017cdym zaci\u0105gni\u0119ciu.<\/p>\n<p class=\"font-claude-response-body whitespace-normal break-words\">Dzi\u0119ki najnowocze\u015bniejszej technologii Dual Mesh Coil, 120k Vape zapewnia doskona\u0142y smak i sta\u0142\u0105 produkcj\u0119 pary. Akumulator o du\u017cej pojemno\u015bci z funkcj\u0105 szybkiego \u0142adowania typu C zapewnia niezawodne zasilanie, a inteligentna technologia chipowa utrzymuje idealn\u0105 kontrol\u0119 temperatury w obu komorach smakowych.<\/p>\n<p class=\"font-claude-response-body whitespace-normal break-words\">Bang Leader 120K zachwyca ergonomicznym designem z wyra\u017an\u0105 widoczno\u015bci\u0105 e-liquidu i dziecinnie prost\u0105 obs\u0142ug\u0105. Przemy\u015blany system przep\u0142ywu powietrza umo\u017cliwia indywidualn\u0105 regulacj\u0119 wytwarzania pary, a kompleksowe mechanizmy zabezpieczaj\u0105ce zapewniaj\u0105 beztroskie u\u017cytkowanie przez ca\u0142y okres eksploatacji urz\u0105dzenia.<\/p>\n<h3 class=\"font-claude-response-subheading text-text-100 mt-1 -mb-1.5\">Dane techniczne:<\/h3>\n<p class=\"font-claude-response-body whitespace-normal break-words\">\u2611 RUCHY: 120 000 ruch\u00f3w<br \/>\n\u2611 Akumulator: 650 mAh<br \/>\n\u2611 Rezystancja: 1,0 om<br \/>\n\u2611 Z\u0142\u0105cze \u0142adowania typu C<br \/>\n\u2611 Nikotyna: 0% \/ 2% \/ 3% \/ 5%<\/p>\n<h3 class=\"font-claude-response-subheading text-text-100 mt-1 -mb-1.5\">Odkryj wi\u0119cej BANG VAPE na vozolpuff<\/h3>\n<p class=\"font-claude-response-body whitespace-normal break-words\">Wi\u0119cej produkt\u00f3w premium mo\u017cna znale\u017a\u0107 na naszej stronie internetowej. <strong><a class=\"underline\" href=\"https:\/\/vozolpuff.de\/pl\/\">Strona g\u0142\u00f3wna<\/a><\/strong>. Zapraszamy do zapoznania si\u0119 z nasz\u0105 innowacyjn\u0105 <strong><a class=\"underline\" href=\"https:\/\/vozolpuff.de\/pl\/product-category\/bang-vape\/\">Kolekcja BANG VAPE<\/a><\/strong> lub odkryj wszystkie <strong><a class=\"underline\" href=\"https:\/\/vozolpuff.de\/pl\/product-category\/bang-vape\/bang-leader-120k\/\">Bang Leader 120K Smaki<\/a><\/strong>.<\/p>","protected":false},"excerpt":{"rendered":"<p class=\"font-claude-response-body whitespace-normal break-words\">Bang Leader 120K Blueberry Ice\/Black Currant rewolucjonizuje jednorazowe vape'y dzi\u0119ki 120 000 zaci\u0105gni\u0119\u0107 i innowacyjnemu systemowi podw\u00f3jnej komory. Dzi\u0119ki oddzielnym cewkom siatkowym mo\u017cna bez wysi\u0142ku prze\u0142\u0105cza\u0107 si\u0119 mi\u0119dzy ch\u0142odnym smakiem jag\u00f3d a intensywnym smakiem czarnej porzeczki. Akumulator 650 mAh z szybkim \u0142adowaniem typu C zapewnia miesi\u0105ce doskona\u0142ej przyjemno\u015bci z wapowania.<\/p>","protected":false},"featured_media":8367,"comment_status":"open","ping_status":"closed","template":"","meta":{"_acf_changed":false},"product_brand":[],"product_cat":[93],"product_tag":[],"class_list":{"0":"post-8365","1":"product","2":"type-product","3":"status-publish","4":"has-post-thumbnail","6":"product_cat-bang-leader-120k","8":"first","9":"instock","10":"shipping-taxable","11":"purchasable","12":"product-type-variable"},"acf":[],"_links":{"self":[{"href":"https:\/\/vozolpuff.de\/pl\/wp-json\/wp\/v2\/product\/8365","targetHints":{"allow":["GET"]}}],"collection":[{"href":"https:\/\/vozolpuff.de\/pl\/wp-json\/wp\/v2\/product"}],"about":[{"href":"https:\/\/vozolpuff.de\/pl\/wp-json\/wp\/v2\/types\/product"}],"replies":[{"embeddable":true,"href":"https:\/\/vozolpuff.de\/pl\/wp-json\/wp\/v2\/comments?post=8365"}],"wp:featuredmedia":[{"embeddable":true,"href":"https:\/\/vozolpuff.de\/pl\/wp-json\/wp\/v2\/media\/8367"}],"wp:attachment":[{"href":"https:\/\/vozolpuff.de\/pl\/wp-json\/wp\/v2\/media?parent=8365"}],"wp:term":[{"taxonomy":"product_brand","embeddable":true,"href":"https:\/\/vozolpuff.de\/pl\/wp-json\/wp\/v2\/product_brand?post=8365"},{"taxonomy":"product_cat","embeddable":true,"href":"https:\/\/vozolpuff.de\/pl\/wp-json\/wp\/v2\/product_cat?post=8365"},{"taxonomy":"product_tag","embeddable":true,"href":"https:\/\/vozolpuff.de\/pl\/wp-json\/wp\/v2\/product_tag?post=8365"}],"curies":[{"name":"wp","href":"https:\/\/api.w.org\/{rel}","templated":true}]}}