{"id":8372,"date":"2025-11-19T09:56:46","date_gmt":"2025-11-19T08:56:46","guid":{"rendered":"https:\/\/vozolpuff.de\/?post_type=product&#038;p=8372"},"modified":"2025-11-19T09:57:06","modified_gmt":"2025-11-19T08:57:06","slug":"bang-leader-120k-raspberry-mojito-peach-ice-lady-killer","status":"publish","type":"product","link":"https:\/\/vozolpuff.de\/pl\/produkt\/bang-leader-120k-raspberry-mojito-peach-ice-lady-killer\/","title":{"rendered":"Bang Leader 120K Raspberry Mojito Peach Ice\/Lady Killer"},"content":{"rendered":"<h2 class=\"font-claude-response-heading text-text-100 mt-1 -mb-0.5\">Bang Leader 120K Malina Mojito Brzoskwinia Ice\/Lady Killer Jednorazowy e-papieros<\/h2>\n<p class=\"font-claude-response-body whitespace-normal break-words\">Bang Leader 120K \u0142\u0105czy w sobie niezwyk\u0142e 120 000 zaci\u0105gni\u0119\u0107 z innowacyjn\u0105 konstrukcj\u0105 2 w 1 z podw\u00f3jn\u0105 komor\u0105. Ciesz si\u0119 p\u0142ynnym przej\u015bciem mi\u0119dzy orze\u017awiaj\u0105cym Raspberry Mojito Peach Ice a uwodzicielskim Lady Killer dzi\u0119ki oddzielnym systemom cewek, kt\u00f3re zachowuj\u0105 czyste profile smakowe. Zaawansowane cewki siatkowe, wydajny akumulator wielokrotnego \u0142adowania i kompaktowa, ergonomiczna konstrukcja zapewniaj\u0105 sta\u0142\u0105 produkcj\u0119 pary przez ca\u0142y okres u\u017cytkowania. Najwy\u017cszej jako\u015bci technologia jednorazowych vape'\u00f3w \u0142\u0105czy si\u0119 z najwy\u017cszym komfortem i r\u00f3\u017cnorodno\u015bci\u0105 smak\u00f3w w jednym eleganckim urz\u0105dzeniu.<\/p>\n<h3 class=\"font-claude-response-subheading text-text-100 mt-1 -mb-1.5\">Bang Leader 120K Raspberry Mojito Peach Ice\/Lady Killer \u2013 najwa\u017cniejsze cechy:<\/h3>\n<p class=\"font-claude-response-body whitespace-normal break-words\">Ten Bang Vape na nowo definiuje standardy jednorazowych urz\u0105dze\u0144 do wapowania dzi\u0119ki swojej spektakularnej pojemno\u015bci wynosz\u0105cej 120 000 zaci\u0105gni\u0119\u0107. Ta wyj\u0105tkowa wydajno\u015b\u0107 gwarantuje miesi\u0105ce niezmiennej przyjemno\u015bci z wapowania bez \u017cadnych kompromis\u00f3w i oferuje bezkonkurencyjny stosunek ceny do jako\u015bci dla u\u017cytkownik\u00f3w, kt\u00f3rzy wymagaj\u0105 zar\u00f3wno przed\u0142u\u017conej wydajno\u015bci, jak i sta\u0142ej jako\u015bci smaku przez ca\u0142y okres u\u017cytkowania urz\u0105dzenia.<\/p>\n<p class=\"font-claude-response-body whitespace-normal break-words\">Technologia 2 w 1 opiera si\u0119 na wyrafinowanej konstrukcji z podw\u00f3jn\u0105 komor\u0105, kt\u00f3ra zapewnia doskona\u0142\u0105 separacj\u0119 smak\u00f3w. Ten zaawansowany system pozwala na b\u0142yskawiczne prze\u0142\u0105czanie si\u0119 mi\u0119dzy wyrafinowanymi profilami smakowymi przy zachowaniu absolutnej integralno\u015bci smaku. Ka\u017cda komora dzia\u0142a niezale\u017cnie, zapewniaj\u0105c autentyczne doznania smakowe przy ka\u017cdym zaci\u0105gni\u0119ciu.<\/p>\n<p class=\"font-claude-response-body whitespace-normal break-words\">Wyposa\u017cony w najnowocze\u015bniejsz\u0105 technologi\u0119 Dual Mesh Coil, 120k Vape zapewnia doskona\u0142y smak i r\u00f3wnomierne wytwarzanie pary. Akumulator o du\u017cej pojemno\u015bci z funkcj\u0105 szybkiego \u0142adowania typu C zapewnia niezawodne zasilanie, a inteligentna technologia chipowa utrzymuje idealn\u0105 kontrol\u0119 temperatury w obu komorach smakowych.<\/p>\n<p class=\"font-claude-response-body whitespace-normal break-words\">Bang Leader 120K przekonuje ergonomicznym wzornictwem, wyra\u017an\u0105 widoczno\u015bci\u0105 e-liquidu i intuicyjn\u0105 obs\u0142ug\u0105. Precyzyjnie dostrojony system przep\u0142ywu powietrza umo\u017cliwia spersonalizowane wytwarzanie pary, a wielokrotne mechanizmy zabezpieczaj\u0105ce zapewniaj\u0105 beztroskie u\u017cytkowanie przez ca\u0142y wyd\u0142u\u017cony okres eksploatacji urz\u0105dzenia.<\/p>\n<h3 class=\"font-claude-response-subheading text-text-100 mt-1 -mb-1.5\">Dane techniczne:<\/h3>\n<p class=\"font-claude-response-body whitespace-normal break-words\">\u2611 RUCHY: 120 000 ruch\u00f3w<br \/>\n\u2611 Akumulator: 650 mAh<br \/>\n\u2611 Rezystancja: 1,0 om<br \/>\n\u2611 Z\u0142\u0105cze \u0142adowania typu C<br \/>\n\u2611 Nikotyna: 0% \/ 2% \/ 3% \/ 5%<\/p>\n<h3 class=\"font-claude-response-subheading text-text-100 mt-1 -mb-1.5\">Odkryj wi\u0119cej BANG VAPE na vozolpuff<\/h3>\n<p class=\"font-claude-response-body whitespace-normal break-words\">Przejrzyj nasz\u0105 pe\u0142n\u0105 ofert\u0119 <strong><a class=\"underline\" href=\"https:\/\/vozolpuff.de\/pl\/\">Zakres produkt\u00f3w<\/a><\/strong> najwy\u017cszej jako\u015bci. Zapraszamy do zapoznania si\u0119 z nasz\u0105 pe\u0142n\u0105 ofert\u0105. <strong><a class=\"underline\" href=\"https:\/\/vozolpuff.de\/pl\/product-category\/bang-vape\/\">Gama BANG VAPE<\/a><\/strong> lub wybierz z pe\u0142nej listy <strong><a class=\"underline\" href=\"https:\/\/vozolpuff.de\/pl\/product-category\/bang-vape\/bang-leader-120k\/\">Bang Leader 120K Wyb\u00f3r<\/a><\/strong>.<\/p>","protected":false},"excerpt":{"rendered":"<p class=\"font-claude-response-body whitespace-normal break-words\">Bang Leader 120K Raspberry Mojito Peach Ice\/Lady Killer rewolucjonizuje jednorazowe vape'y dzi\u0119ki 120 000 zaci\u0105gni\u0119\u0107 i innowacyjnemu systemowi podw\u00f3jnej komory. Dzi\u0119ki oddzielnym cewkom siatkowym mo\u017cna bez wysi\u0142ku prze\u0142\u0105cza\u0107 si\u0119 mi\u0119dzy orze\u017awiaj\u0105cym smakiem Raspberry Mojito Peach Ice a uwodzicielskim Lady Killer. Akumulator 650 mAh z szybkim \u0142adowaniem typu C zapewnia najwy\u017csz\u0105 jako\u015b\u0107 u\u017cytkowania.<\/p>","protected":false},"featured_media":8374,"comment_status":"open","ping_status":"closed","template":"","meta":{"_acf_changed":false},"product_brand":[],"product_cat":[93],"product_tag":[],"class_list":{"0":"post-8372","1":"product","2":"type-product","3":"status-publish","4":"has-post-thumbnail","6":"product_cat-bang-leader-120k","8":"first","9":"instock","10":"shipping-taxable","11":"purchasable","12":"product-type-variable"},"acf":[],"_links":{"self":[{"href":"https:\/\/vozolpuff.de\/pl\/wp-json\/wp\/v2\/product\/8372","targetHints":{"allow":["GET"]}}],"collection":[{"href":"https:\/\/vozolpuff.de\/pl\/wp-json\/wp\/v2\/product"}],"about":[{"href":"https:\/\/vozolpuff.de\/pl\/wp-json\/wp\/v2\/types\/product"}],"replies":[{"embeddable":true,"href":"https:\/\/vozolpuff.de\/pl\/wp-json\/wp\/v2\/comments?post=8372"}],"wp:featuredmedia":[{"embeddable":true,"href":"https:\/\/vozolpuff.de\/pl\/wp-json\/wp\/v2\/media\/8374"}],"wp:attachment":[{"href":"https:\/\/vozolpuff.de\/pl\/wp-json\/wp\/v2\/media?parent=8372"}],"wp:term":[{"taxonomy":"product_brand","embeddable":true,"href":"https:\/\/vozolpuff.de\/pl\/wp-json\/wp\/v2\/product_brand?post=8372"},{"taxonomy":"product_cat","embeddable":true,"href":"https:\/\/vozolpuff.de\/pl\/wp-json\/wp\/v2\/product_cat?post=8372"},{"taxonomy":"product_tag","embeddable":true,"href":"https:\/\/vozolpuff.de\/pl\/wp-json\/wp\/v2\/product_tag?post=8372"}],"curies":[{"name":"wp","href":"https:\/\/api.w.org\/{rel}","templated":true}]}}