{"id":842,"date":"2025-08-24T10:28:00","date_gmt":"2025-08-24T08:28:00","guid":{"rendered":"https:\/\/vozolpuff.de\/?post_type=product&#038;p=842"},"modified":"2026-01-15T12:15:04","modified_gmt":"2026-01-15T11:15:04","slug":"vozol-vista-40000-strawberry-ice","status":"publish","type":"product","link":"https:\/\/vozolpuff.de\/pl\/produkt\/vozol-vista-40000-strawberry-ice\/","title":{"rendered":"Vozol Vista 40000 Strawberry Ice"},"content":{"rendered":"<h2 class=\"text-2xl font-bold mt-1 text-text-100\">Vozol Vista 40000 Strawberry Ice Jednorazowy vape<\/h2>\n<p class=\"whitespace-normal break-words\">Do\u015bwiadczenie <strong>Vozol Vista 40000 Strawberry Ice<\/strong> \u2013 kusz\u0105cy e-papieros z mo\u017cliwo\u015bci\u0105 \u0142adowania, kt\u00f3ry \u0142\u0105czy s\u0142odkie truskawki z orze\u017awiaj\u0105cym ch\u0142odem, tworz\u0105c nieodparte letnie doznania. Wyposa\u017cony w niezawodn\u0105 bateri\u0119 1000 mAh i funkcj\u0119 szybkiego \u0142adowania USB-C, ten wysokiej jako\u015bci vape umo\u017cliwia nawet <strong>40 000 orze\u017awiaj\u0105cych, s\u0142odkich zaci\u0105gni\u0119\u0107<\/strong>. Zaawansowany system podw\u00f3jnej cewki z technologi\u0105 S.i.L.C zapewnia doskona\u0142e przenoszenie smaku, a 4-stopniowa regulacja mocy i podw\u00f3jna regulacja przep\u0142ywu powietrza umo\u017cliwiaj\u0105 indywidualne dostosowanie ustawie\u0144.<\/p>\n<h3 class=\"text-xl font-bold text-text-100 mt-1 -mb-0.5\">Strawberry Ice Vista 40000 W\u0142a\u015bciwo\u015bci:<\/h3>\n<p class=\"whitespace-normal break-words\"><strong>Energetyzuj\u0105cy akumulator litowy o pojemno\u015bci 1000 mAh:<\/strong> Niezawodne zasilanie z superszybkim procesem \u0142adowania typu C<\/p>\n<p class=\"whitespace-normal break-words\"><strong>Dwustrumieniowe zarz\u0105dzanie ci\u0105giem:<\/strong> \u0141atwe prze\u0142\u0105czanie mi\u0119dzy ciasnymi zaci\u0105gni\u0119ciami MTL i lu\u017anymi doznaniami z waporyzacji<\/p>\n<p class=\"whitespace-normal break-words\"><strong>Czterostopniowa modulacja mocy:<\/strong> Precyzyjna kontrola ilo\u015bci pary dla autentycznego doznania Strawberry Ice<\/p>\n<p class=\"whitespace-normal break-words\"><strong>Pe\u0142ny widok 270\u00b0 interfejsu LED:<\/strong> Szczeg\u00f3\u0142owy wy\u015bwietlacz statystyk dmuchania, poziomu na\u0142adowania baterii i trybu wyj\u015bciowego<\/p>\n<p class=\"whitespace-normal break-words\"><strong>S.i.L.C Dual-Mesh System:<\/strong> Zaawansowana architektura cewki zapewniaj\u0105ca sta\u0142y smak truskawkowego lodu<\/p>\n<p class=\"whitespace-normal break-words\"><strong>O\u015bwietlenie LED Smart Response:<\/strong> Eleganckie efekty \u015bwietlne zsynchronizowane z ka\u017cd\u0105 akcj\u0105 parow\u0105<\/p>\n<p class=\"whitespace-normal break-words\"><strong>Najwy\u017csza zawarto\u015b\u0107 nikotyny 50 mg\/ml (5%):<\/strong> Optymalna poda\u017c nikotyny dla wymagaj\u0105cych u\u017cytkownik\u00f3w<\/p>\n<h3 class=\"text-xl font-bold text-text-100 mt-1 -mb-0.5\">Odkryj wi\u0119cej VOZOL VAPE na vozolpuff<\/h3>\n<p class=\"whitespace-normal break-words\">Kup Vozol Vista 40000 Strawberry Ice w wiod\u0105cym niemieckim sklepie z produktami do wapowania. Odwied\u017a nasz\u0105 stron\u0119 internetow\u0105. <a class=\"underline\" href=\"https:\/\/vozolpuff.de\/pl\/\"><strong>Strona g\u0142\u00f3wna<\/strong><\/a> Aby uzyska\u0107 wi\u0119cej produkt\u00f3w premium, odkryj kompletne <a class=\"underline\" href=\"https:\/\/vozolpuff.de\/pl\/product-category\/vozol-vape\/\"><strong>VOZOL VAPE<\/strong><\/a> kolekcj\u0119 lub przegl\u0105da\u0107 wszystkie <a class=\"underline\" href=\"https:\/\/vozolpuff.de\/pl\/product-category\/vozol-vape\/vozol-vista-40000\/\"><strong>Vozol Vista 40000<\/strong><\/a> Smaki.<\/p>","protected":false},"excerpt":{"rendered":"<p>The <strong>Vozol Vista 40000 Strawberry Ice Jednorazowy vape<\/strong> \u0142\u0105czy s\u0142odkie truskawki z orze\u017awiaj\u0105cym ch\u0142odem, tworz\u0105c nieodparte letnie doznanie, kt\u00f3re zapewnia do 40 000 orze\u017awiaj\u0105cych, s\u0142odkich zaci\u0105gni\u0119\u0107. Z niezawodn\u0105 bateri\u0105 1000 mAh, szybkim \u0142adowaniem USB-C i technologi\u0105 Dual-Mesh S.i.L.C. 4-stopniowa regulacja mocy, podw\u00f3jna regulacja przep\u0142ywu powietrza i interfejs LED 270\u00b0. Zawarto\u015b\u0107 nikotyny: 50 mg\/ml (5%).<\/p>","protected":false},"featured_media":844,"comment_status":"open","ping_status":"closed","template":"","meta":{"_acf_changed":false},"product_brand":[],"product_cat":[31],"product_tag":[],"class_list":{"0":"post-842","1":"product","2":"type-product","3":"status-publish","4":"has-post-thumbnail","6":"product_cat-vozol-vista-40000","8":"first","9":"instock","10":"shipping-taxable","11":"purchasable","12":"product-type-variable"},"acf":[],"_links":{"self":[{"href":"https:\/\/vozolpuff.de\/pl\/wp-json\/wp\/v2\/product\/842","targetHints":{"allow":["GET"]}}],"collection":[{"href":"https:\/\/vozolpuff.de\/pl\/wp-json\/wp\/v2\/product"}],"about":[{"href":"https:\/\/vozolpuff.de\/pl\/wp-json\/wp\/v2\/types\/product"}],"replies":[{"embeddable":true,"href":"https:\/\/vozolpuff.de\/pl\/wp-json\/wp\/v2\/comments?post=842"}],"wp:featuredmedia":[{"embeddable":true,"href":"https:\/\/vozolpuff.de\/pl\/wp-json\/wp\/v2\/media\/844"}],"wp:attachment":[{"href":"https:\/\/vozolpuff.de\/pl\/wp-json\/wp\/v2\/media?parent=842"}],"wp:term":[{"taxonomy":"product_brand","embeddable":true,"href":"https:\/\/vozolpuff.de\/pl\/wp-json\/wp\/v2\/product_brand?post=842"},{"taxonomy":"product_cat","embeddable":true,"href":"https:\/\/vozolpuff.de\/pl\/wp-json\/wp\/v2\/product_cat?post=842"},{"taxonomy":"product_tag","embeddable":true,"href":"https:\/\/vozolpuff.de\/pl\/wp-json\/wp\/v2\/product_tag?post=842"}],"curies":[{"name":"wp","href":"https:\/\/api.w.org\/{rel}","templated":true}]}}