{"id":847,"date":"2025-08-24T10:31:03","date_gmt":"2025-08-24T08:31:03","guid":{"rendered":"https:\/\/vozolpuff.de\/?post_type=product&#038;p=847"},"modified":"2026-01-15T12:14:51","modified_gmt":"2026-01-15T11:14:51","slug":"vozol-vista-40000-strawberry-kiwi","status":"publish","type":"product","link":"https:\/\/vozolpuff.de\/pl\/produkt\/vozol-vista-40000-strawberry-kiwi\/","title":{"rendered":"Vozol Vista 40000 Truskawka Kiwi"},"content":{"rendered":"<h2 class=\"text-2xl font-bold mt-1 text-text-100\">Vozol Vista 40000 Strawberry Kiwi Jednorazowy vape<\/h2>\n<p class=\"whitespace-normal break-words\">The <strong>Vozol Vista 40000 Truskawka Kiwi<\/strong> oferuje egzotyczne po\u0142\u0105czenie s\u0142odkich truskawek i kwa\u015bnych kiwi, zapewniaj\u0105c zr\u00f3wnowa\u017con\u0105 owocow\u0105 przygod\u0119. Ten wysokiej jako\u015bci jednorazowy vape z mo\u017cliwo\u015bci\u0105 ponownego \u0142adowania jest wyposa\u017cony w pot\u0119\u017cny akumulator 1000 mAh i technologi\u0119 szybkiego \u0142adowania USB-C. Do\u015bwiadcz nawet do <strong>40 000 tropikalnych owocowych poci\u0105g\u00f3w<\/strong> dzi\u0119ki rewolucyjnej cewce Dual Mesh Coil z technologi\u0105 S.i.L.C, uzupe\u0142nionej 4-stopniow\u0105 regulacj\u0105 mocy i podw\u00f3jn\u0105 regulacj\u0105 przep\u0142ywu powietrza.<\/p>\n<h3 class=\"text-xl font-bold text-text-100 mt-1 -mb-0.5\">Najwa\u017cniejsze cechy Strawberry Kiwi Vista 40000:<\/h3>\n<p class=\"whitespace-normal break-words\"><strong>Wydajny akumulator o pojemno\u015bci 1000 mAh:<\/strong> Trwa\u0142a moc dzi\u0119ki szybkiemu \u0142adowaniu typu C zapewniaj\u0105cemu nieprzerwan\u0105 przyjemno\u015b\u0107 z wapowania<\/p>\n<p class=\"whitespace-normal break-words\"><strong>Dwupoziomowa odporno\u015b\u0107 na wyci\u0105ganie:<\/strong> Elastyczne przej\u015bcie mi\u0119dzy intensywnymi zaci\u0105gni\u0119ciami MTL a bardziej relaksuj\u0105cymi inhalacjami<\/p>\n<p class=\"whitespace-normal break-words\"><strong>Regulacja Quattro-Watt:<\/strong> Indywidualna intensywno\u015b\u0107 pary dla idealnego smaku truskawkowo-kiwi<\/p>\n<p class=\"whitespace-normal break-words\"><strong>Widok panoramiczny 270\u00b0 Monitor LED:<\/strong> Kompletne informacje o liczniku przebiegu, stanie akumulatora i trybie pracy<\/p>\n<p class=\"whitespace-normal break-words\"><strong>Technologia S.i.L.C Dual-Mesh:<\/strong> Najnowocze\u015bniejsza technologia nawijania zapewniaj\u0105ca r\u00f3wnomierny smak truskawki i kiwi<\/p>\n<p class=\"whitespace-normal break-words\"><strong>Funkcje o\u015bwietlenia reaktywnego:<\/strong> Atrakcyjne pokazy LED aktywowane przy ka\u017cdym u\u017cyciu<\/p>\n<p class=\"whitespace-normal break-words\"><strong>Standardowa zawarto\u015b\u0107 nikotyny 50 mg\/ml (5%):<\/strong> Zadowalaj\u0105ce dostarczanie nikotyny dla regularnych u\u017cytkownik\u00f3w e-papieros\u00f3w<\/p>\n<h3 class=\"text-xl font-bold text-text-100 mt-1 -mb-0.5\">Odkryj wi\u0119cej VOZOL VAPE na vozolpuff<\/h3>\n<p class=\"whitespace-normal break-words\">Kup Vozol Vista 40000 Strawberry Kiwi w wiod\u0105cym niemieckim sklepie z produktami do wapowania. Odwied\u017a nasz\u0105 stron\u0119 internetow\u0105. <a class=\"underline\" href=\"https:\/\/vozolpuff.de\/pl\/\"><strong>Strona g\u0142\u00f3wna<\/strong><\/a> Aby uzyska\u0107 wi\u0119cej produkt\u00f3w premium, odkryj kompletne <a class=\"underline\" href=\"https:\/\/vozolpuff.de\/pl\/product-category\/vozol-vape\/\"><strong>VOZOL VAPE<\/strong><\/a> kolekcj\u0119 lub przegl\u0105da\u0107 wszystkie <a class=\"underline\" href=\"https:\/\/vozolpuff.de\/pl\/product-category\/vozol-vape\/vozol-vista-40000\/\"><strong>Vozol Vista 40000<\/strong><\/a> Smaki.<\/p>","protected":false},"excerpt":{"rendered":"<p>The <strong>Vozol Vista 40000 Strawberry Kiwi Jednorazowy vape<\/strong> Oferuje egzotyczne po\u0142\u0105czenie s\u0142odkich truskawek i kwa\u015bnych kiwi, zapewniaj\u0105ce do 40 000 tropikalnych, owocowych zaci\u0105gni\u0119\u0107. Z pot\u0119\u017cnym akumulatorem 1000 mAh, technologi\u0105 szybkiego \u0142adowania USB-C i technologi\u0105 Dual-Mesh S.i.L.C. 4-stopniowa regulacja mocy, podw\u00f3jna regulacja przep\u0142ywu powietrza i monitor LED 270\u00b0. Zawarto\u015b\u0107 nikotyny: 50 mg\/ml (5%).<\/p>","protected":false},"featured_media":849,"comment_status":"open","ping_status":"closed","template":"","meta":{"_acf_changed":false},"product_brand":[],"product_cat":[31],"product_tag":[],"class_list":{"0":"post-847","1":"product","2":"type-product","3":"status-publish","4":"has-post-thumbnail","6":"product_cat-vozol-vista-40000","8":"first","9":"instock","10":"shipping-taxable","11":"purchasable","12":"product-type-variable"},"acf":[],"_links":{"self":[{"href":"https:\/\/vozolpuff.de\/pl\/wp-json\/wp\/v2\/product\/847","targetHints":{"allow":["GET"]}}],"collection":[{"href":"https:\/\/vozolpuff.de\/pl\/wp-json\/wp\/v2\/product"}],"about":[{"href":"https:\/\/vozolpuff.de\/pl\/wp-json\/wp\/v2\/types\/product"}],"replies":[{"embeddable":true,"href":"https:\/\/vozolpuff.de\/pl\/wp-json\/wp\/v2\/comments?post=847"}],"wp:featuredmedia":[{"embeddable":true,"href":"https:\/\/vozolpuff.de\/pl\/wp-json\/wp\/v2\/media\/849"}],"wp:attachment":[{"href":"https:\/\/vozolpuff.de\/pl\/wp-json\/wp\/v2\/media?parent=847"}],"wp:term":[{"taxonomy":"product_brand","embeddable":true,"href":"https:\/\/vozolpuff.de\/pl\/wp-json\/wp\/v2\/product_brand?post=847"},{"taxonomy":"product_cat","embeddable":true,"href":"https:\/\/vozolpuff.de\/pl\/wp-json\/wp\/v2\/product_cat?post=847"},{"taxonomy":"product_tag","embeddable":true,"href":"https:\/\/vozolpuff.de\/pl\/wp-json\/wp\/v2\/product_tag?post=847"}],"curies":[{"name":"wp","href":"https:\/\/api.w.org\/{rel}","templated":true}]}}