{"id":857,"date":"2025-08-24T10:37:20","date_gmt":"2025-08-24T08:37:20","guid":{"rendered":"https:\/\/vozolpuff.de\/?post_type=product&#038;p=857"},"modified":"2026-01-15T12:14:23","modified_gmt":"2026-01-15T11:14:23","slug":"vozol-vista-40000-strawberry-watermelon","status":"publish","type":"product","link":"https:\/\/vozolpuff.de\/pl\/produkt\/vozol-vista-40000-strawberry-watermelon\/","title":{"rendered":"Vozol Vista 40000 Arbuz truskawkowy"},"content":{"rendered":"<h2 class=\"text-2xl font-bold mt-1 text-text-100\">Vozol Vista 40000 Truskawka i arbuz Jednorazowy vape<\/h2>\n<p class=\"whitespace-normal break-words\">The <strong>Vozol Vista 40000 Arbuz truskawkowy<\/strong> \u0142\u0105czy s\u0142odkie truskawki z soczystym smakiem arbuza, tworz\u0105c niezapomniane doznania smakowe. Ten zaawansowany technologicznie, jednorazowy e-papieros z mo\u017cliwo\u015bci\u0105 ponownego \u0142adowania jest wyposa\u017cony w pot\u0119\u017cny akumulator 1000 mAh z funkcj\u0105 szybkiego \u0142adowania USB-C. Ciesz si\u0119 nawet <strong>40 000 letnich, \u015bwie\u017cych poci\u0105g\u00f3w<\/strong> dzi\u0119ki rewolucyjnej cewce Dual Mesh Coil z technologi\u0105 S.i.L.C, wspieranej przez 4-stopniow\u0105 regulacj\u0119 mocy i elastyczn\u0105 regulacj\u0119 przep\u0142ywu powietrza.<\/p>\n<h3 class=\"text-xl font-bold text-text-100 mt-1 -mb-0.5\">Strawberry Watermelon Vista 40000 Specyfikacje:<\/h3>\n<p class=\"whitespace-normal break-words\"><strong>Wytrzyma\u0142a bateria o pojemno\u015bci 1000 mAh:<\/strong> Sta\u0142e zasilanie dzi\u0119ki technologii \u0142adowania Lightning Type-C<\/p>\n<p class=\"whitespace-normal break-words\"><strong>Dwustopniowa regulacja przep\u0142ywu powietrza:<\/strong> P\u0142ynne przej\u015bcie mi\u0119dzy skoncentrowanymi doznaniami MTL a bardziej otwartymi stylami zaci\u0105gania si\u0119<\/p>\n<p class=\"whitespace-normal break-words\"><strong>Regulacja pary na czterech poziomach:<\/strong> Indywidualna regulacja wytwarzania pary dla optymalnego smaku truskawkowo-arbuzowego<\/p>\n<p class=\"whitespace-normal break-words\"><strong>Wy\u015bwietlacz LED o pe\u0142nym widoku 270\u00b0:<\/strong> Pe\u0142ne informacje o liczbie poci\u0105g\u00f3w, pojemno\u015bci akumulatora i ustawieniach eksploatacyjnych<\/p>\n<p class=\"whitespace-normal break-words\"><strong>Technologia S.i.L.C Dual-Mesh:<\/strong> Innowacyjna technologia podgrzewania zapewniaj\u0105ca sta\u0142y smak truskawkowo-arbuzowy<\/p>\n<p class=\"whitespace-normal break-words\"><strong>Adaptacyjne funkcje o\u015bwietlenia:<\/strong> Dynamiczne animacje LED aktywuj\u0105 si\u0119 przy ka\u017cdym wdechu.<\/p>\n<p class=\"whitespace-normal break-words\"><strong>Wysokiej jako\u015bci zawarto\u015b\u0107 nikotyny 50mg\/ml (5%):<\/strong> Zadowalaj\u0105ce dostarczanie nikotyny na codzienne potrzeby<\/p>\n<h3 class=\"text-xl font-bold text-text-100 mt-1 -mb-0.5\">Odkryj wi\u0119cej VOZOL VAPE na vozolpuff<\/h3>\n<p class=\"whitespace-normal break-words\">Kup Vozol Vista 40000 Strawberry Watermelon w wiod\u0105cym niemieckim sklepie z produktami do wapowania. Odwied\u017a nasz\u0105 stron\u0119 internetow\u0105. <a class=\"underline\" href=\"https:\/\/vozolpuff.de\/pl\/\"><strong>Strona g\u0142\u00f3wna<\/strong><\/a> Aby uzyska\u0107 wi\u0119cej produkt\u00f3w premium, odkryj kompletne <a class=\"underline\" href=\"https:\/\/vozolpuff.de\/pl\/product-category\/vozol-vape\/\"><strong>VOZOL VAPE<\/strong><\/a> kolekcj\u0119 lub przegl\u0105da\u0107 wszystkie <a class=\"underline\" href=\"https:\/\/vozolpuff.de\/pl\/product-category\/vozol-vape\/vozol-vista-40000\/\"><strong>Vozol Vista 40000<\/strong><\/a> Smaki.<\/p>","protected":false},"excerpt":{"rendered":"<p>The <strong>Vozol Vista 40000 Truskawka i arbuz Jednorazowy vape<\/strong> \u0142\u0105czy s\u0142odkie truskawki z soczystym smakiem arbuza, tworz\u0105c niezapomniane letnie doznania owocowe, zapewniaj\u0105ce nawet 40 000 \u015bwie\u017cych, letnich zaci\u0105gni\u0119\u0107. Z mocnym akumulatorem 1000 mAh, szybkim \u0142adowaniem USB-C i technologi\u0105 Dual-Mesh S.i.L.C. 4-stopniowa regulacja mocy, elastyczna regulacja przep\u0142ywu powietrza i wy\u015bwietlacz LED 270\u00b0. Zawarto\u015b\u0107 nikotyny: 50 mg\/ml (5%).<\/p>","protected":false},"featured_media":860,"comment_status":"open","ping_status":"closed","template":"","meta":{"_acf_changed":false},"product_brand":[],"product_cat":[31],"product_tag":[],"class_list":{"0":"post-857","1":"product","2":"type-product","3":"status-publish","4":"has-post-thumbnail","6":"product_cat-vozol-vista-40000","8":"first","9":"instock","10":"shipping-taxable","11":"purchasable","12":"product-type-variable"},"acf":[],"_links":{"self":[{"href":"https:\/\/vozolpuff.de\/pl\/wp-json\/wp\/v2\/product\/857","targetHints":{"allow":["GET"]}}],"collection":[{"href":"https:\/\/vozolpuff.de\/pl\/wp-json\/wp\/v2\/product"}],"about":[{"href":"https:\/\/vozolpuff.de\/pl\/wp-json\/wp\/v2\/types\/product"}],"replies":[{"embeddable":true,"href":"https:\/\/vozolpuff.de\/pl\/wp-json\/wp\/v2\/comments?post=857"}],"wp:featuredmedia":[{"embeddable":true,"href":"https:\/\/vozolpuff.de\/pl\/wp-json\/wp\/v2\/media\/860"}],"wp:attachment":[{"href":"https:\/\/vozolpuff.de\/pl\/wp-json\/wp\/v2\/media?parent=857"}],"wp:term":[{"taxonomy":"product_brand","embeddable":true,"href":"https:\/\/vozolpuff.de\/pl\/wp-json\/wp\/v2\/product_brand?post=857"},{"taxonomy":"product_cat","embeddable":true,"href":"https:\/\/vozolpuff.de\/pl\/wp-json\/wp\/v2\/product_cat?post=857"},{"taxonomy":"product_tag","embeddable":true,"href":"https:\/\/vozolpuff.de\/pl\/wp-json\/wp\/v2\/product_tag?post=857"}],"curies":[{"name":"wp","href":"https:\/\/api.w.org\/{rel}","templated":true}]}}