{"id":8596,"date":"2025-11-26T07:54:32","date_gmt":"2025-11-26T06:54:32","guid":{"rendered":"https:\/\/vozolpuff.de\/?post_type=product&#038;p=8596"},"modified":"2025-11-26T07:54:33","modified_gmt":"2025-11-26T06:54:33","slug":"jnr-rage-gorilla-55000-cherry-cola","status":"publish","type":"product","link":"https:\/\/vozolpuff.de\/pl\/produkt\/jnr-rage-gorilla-55000-cherry-cola\/","title":{"rendered":"JNR Rage Gorilla 55000 Cherry Cola"},"content":{"rendered":"<h2 class=\"font-claude-response-heading text-text-100 mt-1 -mb-0.5\">JNR Rage Gorilla 55000 Cherry Cola Jednorazowy vape<\/h2>\n<p class=\"font-claude-response-body whitespace-normal break-words\">Poczuj nostalgiczn\u0105 orze\u017awiaj\u0105c\u0105 przyjemno\u015b\u0107 dzi\u0119ki JNR Rage Gorilla 55000 Cherry Cola \u2013 jednorazowemu e-papierosowi, kt\u00f3ry \u0142\u0105czy klasyczny smak coli z soczystymi nutami wi\u015bni. Ta eksplozja smaku jest mo\u017cliwa dzi\u0119ki 42 ml e-liquidu i imponuj\u0105cym 55 000 zaci\u0105gni\u0119\u0107. Zaawansowane cewki Dual Mesh zapewniaj\u0105 autentyczny smak, przypominaj\u0105cy pierwszy \u0142yk sch\u0142odzonej Cherry Cola. Praktyczny wy\u015bwietlacz Smart Display informuje o stanie na\u0142adowania baterii i poziomie p\u0142ynu, a wytrzyma\u0142a bateria 950 mAh z funkcj\u0105 szybkiego \u0142adowania typu C zapewnia ci\u0105g\u0142\u0105 dost\u0119pno\u015b\u0107.<\/p>\n<h3 class=\"font-claude-response-subheading text-text-100 mt-1 -mb-1.5\">Zalety JNR Rage Gorilla 55000 Cherry Cola:<\/h3>\n<p class=\"font-claude-response-body whitespace-normal break-words\">Zgodna z normami UE zawarto\u015b\u0107 nikotyny 2% zapewnia \u0142agodne, nigdy nie nachalne doznania podczas wapowania \u2013 idealne na relaksuj\u0105ce przerwy lub towarzyskie chwile. Cherry Cola \u0142\u0105czy w sobie ponadczasow\u0105 s\u0142odycz z musuj\u0105c\u0105 \u015bwie\u017co\u015bci\u0105 i rezygnuje z nadmiernych chmur dymu na rzecz autentycznego smaku.<\/p>\n<p class=\"font-claude-response-body whitespace-normal break-words\">Dzi\u0119ki technologii Dual Mesh Coil powierzchnia grzewcza jest maksymalnie zwi\u0119kszona, co zapewnia bardziej precyzyjne odtworzenie smaku. Charakterystyczne po\u0142\u0105czenie aromatu coli i s\u0142odyczy wi\u015bni rozwija si\u0119 w ka\u017cdym niuansie \u2013 pe\u0142nym i zr\u00f3wnowa\u017conym.<\/p>\n<p class=\"font-claude-response-body whitespace-normal break-words\">Niezwyk\u0142a pojemno\u015b\u0107 55 000 zaci\u0105gni\u0119\u0107 sprawia, \u017ce urz\u0105dzenie to b\u0119dzie wiernym towarzyszem przez wiele tygodni. Dzi\u0119ki pojemno\u015bci 42 ml p\u0142ynu nie ma potrzeby uci\u0105\u017cliwego uzupe\u0142niania ani cz\u0119stego kupowania nowych produkt\u00f3w \u2013 gwarantowana jest nieprzerwana przyjemno\u015b\u0107 u\u017cytkowania.<\/p>\n<p class=\"font-claude-response-body whitespace-normal break-words\">Wydajny akumulator o pojemno\u015bci 950 mAh bez problemu radzi sobie nawet podczas intensywnego u\u017cytkowania. Funkcja szybkiego \u0142adowania typu C pozwala na\u0142adowa\u0107 urz\u0105dzenie do pe\u0142nej mocy w zaledwie 30 minut. Przejrzysty wy\u015bwietlacz LED niezawodnie informuje o pozosta\u0142ym poziomie na\u0142adowania akumulatora i ilo\u015bci p\u0142ynu.<\/p>\n<p class=\"font-claude-response-body whitespace-normal break-words\">Wyrafinowana forma z polerowanymi metalowymi akcentami podkre\u015bla wysok\u0105 jako\u015b\u0107 produktu. Solidne wykonanie \u0142\u0105czy si\u0119 z nowoczesnym designem \u2013 urz\u0105dzenie, kt\u00f3re nie tylko dzia\u0142a, ale tak\u017ce zachwyca.<\/p>\n<h3 class=\"font-claude-response-subheading text-text-100 mt-1 -mb-1.5\">Dane techniczne:<\/h3>\n<p class=\"font-claude-response-body whitespace-normal break-words\"><strong>st\u0119\u017cenie nikotyny:<\/strong> 2% Nikotyna<br \/>\n<strong>Liczba poci\u0105g\u00f3w:<\/strong> 55 000 poci\u0105g\u00f3w<br \/>\n<strong>Pojemno\u015b\u0107 zbiornika:<\/strong> 42 ml<br \/>\n<strong>System waporyzatora:<\/strong> Cewka z podw\u00f3jn\u0105 siatk\u0105<br \/>\n<strong>Wy\u015bwietlacz:<\/strong> Inteligentny ekran wy\u015bwietlacza<br \/>\n<strong>Pojemno\u015b\u0107 akumulatora:<\/strong> Akumulator 950 mAh<br \/>\n<strong>Interfejs \u0142adowania:<\/strong> Szybkie \u0142adowanie typu C<br \/>\n<strong>Smak:<\/strong> Cherry Cola<\/p>\n<h3 class=\"font-claude-response-subheading text-text-100 mt-1 -mb-1.5\">Odkryj wi\u0119cej JNR VAPE na vozolpuff<\/h3>\n<p class=\"font-claude-response-body whitespace-normal break-words\">Odwied\u017a nasz\u0105 stron\u0119 <strong><a class=\"underline\" href=\"https:\/\/vozolpuff.de\/pl\/\">Strona g\u0142\u00f3wna<\/a><\/strong> aby uzyska\u0107 wi\u0119cej informacji na temat najwy\u017cszej jako\u015bci e-papieros\u00f3w i zapozna\u0107 si\u0119 z pe\u0142n\u0105 ofert\u0105 <strong><a class=\"underline\" href=\"https:\/\/vozolpuff.de\/pl\/product-category\/jnr-vape\/\">Seria JNR VAPE<\/a><\/strong> z przysz\u0142o\u015bciowymi funkcjami. Wszystkie smaki JNR Rage Gorilla 55000 mo\u017cna znale\u017a\u0107 w naszym <strong><a class=\"underline\" href=\"https:\/\/vozolpuff.de\/pl\/product-category\/jnr-vape\/jnr-rage-gorilla-55000\/\">Obszar smaku<\/a><\/strong>.<\/p>","protected":false},"excerpt":{"rendered":"<p class=\"font-claude-response-body whitespace-normal break-words\">JNR Rage Gorilla 55000 Cherry Cola \u0142\u0105czy klasyczny smak coli z soczystymi nutami wi\u015bni. Dzi\u0119ki 55 000 zaci\u0105gni\u0119\u0107, 42 ml e-liquidu i cewkom Dual Mesh Coils mo\u017cesz cieszy\u0107 si\u0119 autentycznymi smakami. Inteligentny wy\u015bwietlacz, akumulator 950 mAh z \u0142adowaniem typu C \u2013 nostalgiczna przyjemno\u015b\u0107 przez tygodnie bez konieczno\u015bci uzupe\u0142niania.<\/p>","protected":false},"featured_media":8598,"comment_status":"open","ping_status":"closed","template":"","meta":{"_acf_changed":false},"product_brand":[],"product_cat":[96],"product_tag":[],"class_list":{"0":"post-8596","1":"product","2":"type-product","3":"status-publish","4":"has-post-thumbnail","6":"product_cat-jnr-rage-gorilla-55000","8":"first","9":"instock","10":"shipping-taxable","11":"purchasable","12":"product-type-variable"},"acf":[],"_links":{"self":[{"href":"https:\/\/vozolpuff.de\/pl\/wp-json\/wp\/v2\/product\/8596","targetHints":{"allow":["GET"]}}],"collection":[{"href":"https:\/\/vozolpuff.de\/pl\/wp-json\/wp\/v2\/product"}],"about":[{"href":"https:\/\/vozolpuff.de\/pl\/wp-json\/wp\/v2\/types\/product"}],"replies":[{"embeddable":true,"href":"https:\/\/vozolpuff.de\/pl\/wp-json\/wp\/v2\/comments?post=8596"}],"wp:featuredmedia":[{"embeddable":true,"href":"https:\/\/vozolpuff.de\/pl\/wp-json\/wp\/v2\/media\/8598"}],"wp:attachment":[{"href":"https:\/\/vozolpuff.de\/pl\/wp-json\/wp\/v2\/media?parent=8596"}],"wp:term":[{"taxonomy":"product_brand","embeddable":true,"href":"https:\/\/vozolpuff.de\/pl\/wp-json\/wp\/v2\/product_brand?post=8596"},{"taxonomy":"product_cat","embeddable":true,"href":"https:\/\/vozolpuff.de\/pl\/wp-json\/wp\/v2\/product_cat?post=8596"},{"taxonomy":"product_tag","embeddable":true,"href":"https:\/\/vozolpuff.de\/pl\/wp-json\/wp\/v2\/product_tag?post=8596"}],"curies":[{"name":"wp","href":"https:\/\/api.w.org\/{rel}","templated":true}]}}