{"id":8601,"date":"2025-11-26T07:57:44","date_gmt":"2025-11-26T06:57:44","guid":{"rendered":"https:\/\/vozolpuff.de\/?post_type=product&#038;p=8601"},"modified":"2025-11-26T07:57:44","modified_gmt":"2025-11-26T06:57:44","slug":"jnr-rage-gorilla-55000-watermelon-ice","status":"publish","type":"product","link":"https:\/\/vozolpuff.de\/pl\/produkt\/jnr-rage-gorilla-55000-watermelon-ice\/","title":{"rendered":"JNR Rage Gorilla 55000 Arbuz z lodem"},"content":{"rendered":"<h2 class=\"font-claude-response-heading text-text-100 mt-1 -mb-0.5\">JNR Rage Gorilla 55000 Watermelon Ice Jednorazowy vape<\/h2>\n<p class=\"font-claude-response-body whitespace-normal break-words\">JNR Rage Gorilla 55000 Watermelon Ice zapewnia letnie orze\u017awienie podczas wapowania \u2013 soczysty arbuz \u0142\u0105czy si\u0119 z o\u017cywcz\u0105 ch\u0142odem. Dzi\u0119ki 55 000 zaci\u0105gni\u0119\u0107 z 42 ml najwy\u017cszej jako\u015bci e-liquidu ten jednorazowy e-papieros gwarantuje tygodnie przyjemno\u015bci. Wydajne cewki Dual Mesh wydobywaj\u0105 naturaln\u0105 s\u0142odycz dojrza\u0142ych arbuz\u00f3w i \u0142\u0105cz\u0105 j\u0105 z orze\u017awiaj\u0105cym ch\u0142odem. Inteligentny wy\u015bwietlacz stale monitoruje stan baterii i p\u0142ynu, a bateria 950 mAh z technologi\u0105 Type-C \u0142aduje si\u0119 b\u0142yskawicznie.<\/p>\n<h3 class=\"font-claude-response-subheading text-text-100 mt-1 -mb-1.5\">Zalety JNR Rage Gorilla 55000 Watermelon Ice:<\/h3>\n<p class=\"font-claude-response-body whitespace-normal break-words\">Dzi\u0119ki standardowej zawarto\u015bci nikotyny 2% urz\u0105dzenie to spe\u0142nia wszystkie wymogi UE i zapewnia p\u0142ynne doznania podczas wapowania bez podra\u017cnienia gard\u0142a. Watermelon Ice to idealny wyb\u00f3r na upalne letnie dni lub gdy chcesz pozwoli\u0107 sobie na owocow\u0105, orze\u017awiaj\u0105c\u0105 przerw\u0119 \u2013 dyskretny, a jednocze\u015bnie intensywny smak.<\/p>\n<p class=\"font-claude-response-body whitespace-normal break-words\">Zaawansowana technologia Dual Mesh rozprowadza ciep\u0142o bardziej r\u00f3wnomiernie, uwalniaj\u0105c autentyczny aromat arbuza w ca\u0142ej jego z\u0142o\u017cono\u015bci. W po\u0142\u0105czeniu z efektem ch\u0142odzenia daje to harmonijny profil smakowy, kt\u00f3ry zachwyca od pocz\u0105tku do ko\u0144ca.<\/p>\n<p class=\"font-claude-response-body whitespace-normal break-words\">Dzi\u0119ki niezwyk\u0142ej wydajno\u015bci wynosz\u0105cej 55 000 zaci\u0105gni\u0119\u0107 nie musisz martwi\u0107 si\u0119 o uzupe\u0142nienie zapas\u00f3w przez d\u0142ugi czas. Zbiornik o pojemno\u015bci 42 ml zapewnia wystarczaj\u0105c\u0105 ilo\u015b\u0107 p\u0142ynu, aby cieszy\u0107 si\u0119 d\u0142ugimi sesjami wapowania bez utraty jako\u015bci.<\/p>\n<p class=\"font-claude-response-body whitespace-normal break-words\">Bateria o pojemno\u015bci 950 mAh zosta\u0142a zaprojektowana z my\u015bl\u0105 o d\u0142ugim czasie pracy i bez problemu wytrzymuje ca\u0142y dzie\u0144. Je\u015bli jednak zajdzie potrzeba do\u0142adowania, szybkie \u0142adowanie typu C zapewnia pe\u0142n\u0105 gotowo\u015b\u0107 do pracy w ci\u0105gu p\u00f3\u0142 godziny. Dzi\u0119ki przejrzystemu wy\u015bwietlaczowi LED wszystkie wa\u017cne informacje s\u0105 zawsze pod r\u0119k\u0105.<\/p>\n<p class=\"font-claude-response-body whitespace-normal break-words\">Projekt \u0142\u0105czy smuk\u0142e linie z wysokiej jako\u015bci metalowymi detalami \u2013 to propozycja dla wymagaj\u0105cych u\u017cytkownik\u00f3w. Ka\u017cdy szczeg\u00f3\u0142 \u015bwiadczy o jako\u015bci i trwa\u0142o\u015bci.<\/p>\n<h3 class=\"font-claude-response-subheading text-text-100 mt-1 -mb-1.5\">Dane techniczne:<\/h3>\n<p class=\"font-claude-response-body whitespace-normal break-words\"><strong>st\u0119\u017cenie nikotyny:<\/strong> 2% Nikotyna<br \/>\n<strong>Liczba poci\u0105g\u00f3w:<\/strong> 55 000 poci\u0105g\u00f3w<br \/>\n<strong>Pojemno\u015b\u0107 zbiornika:<\/strong> 42 ml<br \/>\n<strong>System waporyzatora:<\/strong> Cewka z podw\u00f3jn\u0105 siatk\u0105<br \/>\n<strong>Wy\u015bwietlacz:<\/strong> Inteligentny ekran wy\u015bwietlacza<br \/>\n<strong>Pojemno\u015b\u0107 akumulatora:<\/strong> Akumulator 950 mAh<br \/>\n<strong>Interfejs \u0142adowania:<\/strong> Szybkie \u0142adowanie typu C<br \/>\n<strong>Smak:<\/strong> Lody arbuzowe<\/p>\n<h3 class=\"font-claude-response-subheading text-text-100 mt-1 -mb-1.5\">Odkryj wi\u0119cej JNR VAPE na vozolpuff<\/h3>\n<p class=\"font-claude-response-body whitespace-normal break-words\">Zobacz inne najlepsze produkty na naszej stronie <strong><a class=\"underline\" href=\"https:\/\/vozolpuff.de\/pl\/\">Strona g\u0142\u00f3wna<\/a><\/strong> lub przejrzyj innowacyjn\u0105 <strong><a class=\"underline\" href=\"https:\/\/vozolpuff.de\/pl\/product-category\/jnr-vape\/\">Kategoria JNR VAPE<\/a><\/strong> dla najnowocze\u015bniejszej technologii parowej. Wszystkie dost\u0119pne aromaty Rage Gorilla 55000 prezentujemy w naszym <strong><a class=\"underline\" href=\"https:\/\/vozolpuff.de\/pl\/product-category\/jnr-vape\/jnr-rage-gorilla-55000\/\">Przegl\u0105d smak\u00f3w<\/a><\/strong>.<\/p>","protected":false},"excerpt":{"rendered":"<p class=\"font-claude-response-body whitespace-normal break-words\">JNR Rage Gorilla 55000 Watermelon Ice oferuje soczysty arbuz o orze\u017awiaj\u0105cym efekcie ch\u0142odzenia. Dzi\u0119ki 55 000 zaci\u0105gni\u0119\u0107, 42 ml e-liquidu i podw\u00f3jnym cewkom siatkowym mo\u017cesz cieszy\u0107 si\u0119 letni\u0105 \u015bwie\u017co\u015bci\u0105. Inteligentny wy\u015bwietlacz, akumulator 950 mAh z \u0142adowaniem typu C \u2013 d\u0142ugotrwa\u0142a przyjemno\u015b\u0107 bez konieczno\u015bci uzupe\u0142niania.<\/p>","protected":false},"featured_media":8603,"comment_status":"open","ping_status":"closed","template":"","meta":{"_acf_changed":false},"product_brand":[],"product_cat":[96],"product_tag":[],"class_list":{"0":"post-8601","1":"product","2":"type-product","3":"status-publish","4":"has-post-thumbnail","6":"product_cat-jnr-rage-gorilla-55000","8":"first","9":"instock","10":"shipping-taxable","11":"purchasable","12":"product-type-variable"},"acf":[],"_links":{"self":[{"href":"https:\/\/vozolpuff.de\/pl\/wp-json\/wp\/v2\/product\/8601","targetHints":{"allow":["GET"]}}],"collection":[{"href":"https:\/\/vozolpuff.de\/pl\/wp-json\/wp\/v2\/product"}],"about":[{"href":"https:\/\/vozolpuff.de\/pl\/wp-json\/wp\/v2\/types\/product"}],"replies":[{"embeddable":true,"href":"https:\/\/vozolpuff.de\/pl\/wp-json\/wp\/v2\/comments?post=8601"}],"wp:featuredmedia":[{"embeddable":true,"href":"https:\/\/vozolpuff.de\/pl\/wp-json\/wp\/v2\/media\/8603"}],"wp:attachment":[{"href":"https:\/\/vozolpuff.de\/pl\/wp-json\/wp\/v2\/media?parent=8601"}],"wp:term":[{"taxonomy":"product_brand","embeddable":true,"href":"https:\/\/vozolpuff.de\/pl\/wp-json\/wp\/v2\/product_brand?post=8601"},{"taxonomy":"product_cat","embeddable":true,"href":"https:\/\/vozolpuff.de\/pl\/wp-json\/wp\/v2\/product_cat?post=8601"},{"taxonomy":"product_tag","embeddable":true,"href":"https:\/\/vozolpuff.de\/pl\/wp-json\/wp\/v2\/product_tag?post=8601"}],"curies":[{"name":"wp","href":"https:\/\/api.w.org\/{rel}","templated":true}]}}