{"id":8606,"date":"2025-11-26T08:01:22","date_gmt":"2025-11-26T07:01:22","guid":{"rendered":"https:\/\/vozolpuff.de\/?post_type=product&#038;p=8606"},"modified":"2025-11-26T08:01:22","modified_gmt":"2025-11-26T07:01:22","slug":"jnr-rage-gorilla-55000-blue-razz-cherry","status":"publish","type":"product","link":"https:\/\/vozolpuff.de\/pl\/produkt\/jnr-rage-gorilla-55000-blue-razz-cherry\/","title":{"rendered":"JNR Rage Gorilla 55000 Blue Razz Cherry"},"content":{"rendered":"<h2 class=\"font-claude-response-heading text-text-100 mt-1 -mb-0.5\">JNR Rage Gorilla 55000 Blue Razz Cherry Jednorazowy vape<\/h2>\n<p class=\"font-claude-response-body whitespace-normal break-words\">JNR Rage Gorilla 55000 Blue Razz Cherry \u0142\u0105czy owocow\u0105 s\u0142odycz jag\u00f3d z cierpk\u0105 nut\u0105 wi\u015bni, tworz\u0105c niepowtarzalne doznania smakowe. Ten wydajny jednorazowy e-papieros zapewnia fenomenalne 55 000 zaci\u0105gni\u0119\u0107 z pojemnego zbiornika na p\u0142yn o pojemno\u015bci 42 ml. Najnowocze\u015bniejsze cewki Dual Mesh zapewniaj\u0105 precyzyjne wydobycie aromatu i p\u0142ynne wytwarzanie pary od pierwszego do ostatniego u\u017cycia. Przejrzysty wy\u015bwietlacz Smart pokazuje w ka\u017cdej chwili stan baterii i poziom nape\u0142nienia, a pot\u0119\u017cny akumulator 950 mAh z szybkim \u0142adowaniem typu C zosta\u0142 zaprojektowany z my\u015bl\u0105 o maksymalnej mobilno\u015bci.<\/p>\n<h3 class=\"font-claude-response-subheading text-text-100 mt-1 -mb-1.5\">Zalety JNR Rage Gorilla 55000 Blue Razz Cherry:<\/h3>\n<p class=\"font-claude-response-body whitespace-normal break-words\">Zawarto\u015b\u0107 nikotyny 2% spe\u0142nia europejskie normy i zapewnia zr\u00f3wnowa\u017con\u0105 przyjemno\u015b\u0107 z wapowania \u2013 aksamitn\u0105 mi\u0119kko\u015b\u0107 bez agresywnego drapania w gardle. Blue Razz Cherry oferuje wyj\u0105tkowe po\u0142\u0105czenie aromat\u00f3w dla mi\u0142o\u015bnik\u00f3w owocowej z\u0142o\u017cono\u015bci, kt\u00f3rzy ceni\u0105 sobie g\u0142\u0119bi\u0119 smaku zamiast zwyk\u0142ej masy pary.<\/p>\n<p class=\"font-claude-response-body whitespace-normal break-words\">Konstrukcja Dual Mesh Coil znacznie zwi\u0119ksza powierzchni\u0119 odparowywania, co pozwala na intensywniejsze uwalnianie charakterystycznych aromat\u00f3w niebieskiej maliny i wi\u015bni. Ka\u017cdy zaci\u0105gni\u0119cie si\u0119 zapewnia idealn\u0105 r\u00f3wnowag\u0119 mi\u0119dzy s\u0142odycz\u0105 a cierpko\u015bci\u0105.<\/p>\n<p class=\"font-claude-response-body whitespace-normal break-words\">Imponuj\u0105ca wydajno\u015b\u0107 55 000 poci\u0105gni\u0119\u0107 na nowo definiuje poj\u0119cie trwa\u0142o\u015bci. Pojemno\u015b\u0107 42 ml sprawia, \u017ce nie ma potrzeby ci\u0105g\u0142ego zamawiania nowych produkt\u00f3w \u2013 po zakupie urz\u0105dzenie b\u0119dzie s\u0142u\u017cy\u0107 przez wiele tygodni, zapewniaj\u0105c sta\u0142\u0105 jako\u015b\u0107.<\/p>\n<p class=\"font-claude-response-body whitespace-normal break-words\">Wytrzyma\u0142a bateria o pojemno\u015bci 950 mAh zosta\u0142a zaprojektowana z my\u015bl\u0105 o u\u017cytkownikach intensywnie korzystaj\u0105cych z urz\u0105dzenia i bez problemu wytrzymuje nawet najbardziej intensywne dni. Dzi\u0119ki technologii szybkiego \u0142adowania typu C urz\u0105dzenie jest w pe\u0142ni gotowe do u\u017cycia ju\u017c po 30 minutach. Precyzyjny wy\u015bwietlacz LED gwarantuje, \u017ce nigdy nie zaskoczy Ci\u0119 roz\u0142adowana bateria lub brak p\u0142ynu.<\/p>\n<p class=\"font-claude-response-body whitespace-normal break-words\">Stylowa konstrukcja z b\u0142yszcz\u0105cymi elementami metalowymi uosabia nowoczesny gust. Forma i funkcjonalno\u015b\u0107 \u0142\u0105cz\u0105 si\u0119 w przemy\u015blan\u0105 ca\u0142o\u015b\u0107.<\/p>\n<h3 class=\"font-claude-response-subheading text-text-100 mt-1 -mb-1.5\">Dane techniczne:<\/h3>\n<p class=\"font-claude-response-body whitespace-normal break-words\"><strong>st\u0119\u017cenie nikotyny:<\/strong> 2% Nikotyna<br \/>\n<strong>Liczba poci\u0105g\u00f3w:<\/strong> 55 000 poci\u0105g\u00f3w<br \/>\n<strong>Pojemno\u015b\u0107 zbiornika:<\/strong> 42 ml<br \/>\n<strong>System waporyzatora:<\/strong> Cewka z podw\u00f3jn\u0105 siatk\u0105<br \/>\n<strong>Wy\u015bwietlacz:<\/strong> Inteligentny ekran wy\u015bwietlacza<br \/>\n<strong>Pojemno\u015b\u0107 akumulatora:<\/strong> Akumulator 950 mAh<br \/>\n<strong>Interfejs \u0142adowania:<\/strong> Szybkie \u0142adowanie typu C<br \/>\n<strong>Smak:<\/strong> Niebieska wi\u015bnia<\/p>\n<h3 class=\"font-claude-response-subheading text-text-100 mt-1 -mb-1.5\">Odkryj wi\u0119cej JNR VAPE na vozolpuff<\/h3>\n<p class=\"font-claude-response-body whitespace-normal break-words\">Poznaj nasze <strong><a class=\"underline\" href=\"https:\/\/vozolpuff.de\/pl\/\">Pe\u0142ny zakres<\/a><\/strong> z rozwi\u0105zaniami premium do wapowania lub dowiedz si\u0119 wi\u0119cej o zaawansowanej technologii <strong><a class=\"underline\" href=\"https:\/\/vozolpuff.de\/pl\/product-category\/jnr-vape\/\">Linia produkt\u00f3w JNR VAPE<\/a><\/strong> z prze\u0142omow\u0105 technologi\u0105. Pe\u0142n\u0105 gam\u0119 smak\u00f3w JNR Rage Gorilla 55000 mo\u017cna znale\u017a\u0107 w naszym <strong><a class=\"underline\" href=\"https:\/\/vozolpuff.de\/pl\/product-category\/jnr-vape\/jnr-rage-gorilla-55000\/\">obszar specjalny<\/a><\/strong>.<\/p>","protected":false},"excerpt":{"rendered":"<p class=\"font-claude-response-body whitespace-normal break-words\">JNR Rage Gorilla 55000 Blue Razz Cherry \u0142\u0105czy w sobie owocow\u0105 s\u0142odycz jag\u00f3d z cierpk\u0105 nut\u0105 wi\u015bni. Dzi\u0119ki 55 000 zaci\u0105gni\u0119\u0107, 42 ml e-liquidu i podw\u00f3jnym cewkom siatkowym mo\u017cesz cieszy\u0107 si\u0119 intensywnymi aromatami. Inteligentny wy\u015bwietlacz, bateria 950 mAh z \u0142adowaniem typu C \u2013 tygodnie przyjemno\u015bci bez konieczno\u015bci uzupe\u0142niania.<\/p>","protected":false},"featured_media":8608,"comment_status":"open","ping_status":"closed","template":"","meta":{"_acf_changed":false},"product_brand":[],"product_cat":[96],"product_tag":[],"class_list":{"0":"post-8606","1":"product","2":"type-product","3":"status-publish","4":"has-post-thumbnail","6":"product_cat-jnr-rage-gorilla-55000","8":"first","9":"instock","10":"shipping-taxable","11":"purchasable","12":"product-type-variable"},"acf":[],"_links":{"self":[{"href":"https:\/\/vozolpuff.de\/pl\/wp-json\/wp\/v2\/product\/8606","targetHints":{"allow":["GET"]}}],"collection":[{"href":"https:\/\/vozolpuff.de\/pl\/wp-json\/wp\/v2\/product"}],"about":[{"href":"https:\/\/vozolpuff.de\/pl\/wp-json\/wp\/v2\/types\/product"}],"replies":[{"embeddable":true,"href":"https:\/\/vozolpuff.de\/pl\/wp-json\/wp\/v2\/comments?post=8606"}],"wp:featuredmedia":[{"embeddable":true,"href":"https:\/\/vozolpuff.de\/pl\/wp-json\/wp\/v2\/media\/8608"}],"wp:attachment":[{"href":"https:\/\/vozolpuff.de\/pl\/wp-json\/wp\/v2\/media?parent=8606"}],"wp:term":[{"taxonomy":"product_brand","embeddable":true,"href":"https:\/\/vozolpuff.de\/pl\/wp-json\/wp\/v2\/product_brand?post=8606"},{"taxonomy":"product_cat","embeddable":true,"href":"https:\/\/vozolpuff.de\/pl\/wp-json\/wp\/v2\/product_cat?post=8606"},{"taxonomy":"product_tag","embeddable":true,"href":"https:\/\/vozolpuff.de\/pl\/wp-json\/wp\/v2\/product_tag?post=8606"}],"curies":[{"name":"wp","href":"https:\/\/api.w.org\/{rel}","templated":true}]}}