{"id":8621,"date":"2025-11-26T08:11:44","date_gmt":"2025-11-26T07:11:44","guid":{"rendered":"https:\/\/vozolpuff.de\/?post_type=product&#038;p=8621"},"modified":"2025-11-26T08:11:44","modified_gmt":"2025-11-26T07:11:44","slug":"jnr-rage-gorilla-55000-strawberry-watermelon-ice","status":"publish","type":"product","link":"https:\/\/vozolpuff.de\/pl\/produkt\/jnr-rage-gorilla-55000-strawberry-watermelon-ice\/","title":{"rendered":"JNR Rage Gorilla 55000 Truskawka i arbuz z lodem"},"content":{"rendered":"<h2 class=\"font-claude-response-heading text-text-100 mt-1 -mb-0.5\">JNR Rage Gorilla 55000 Strawberry Watermelon Ice Jednorazowy vape<\/h2>\n<p class=\"font-claude-response-body whitespace-normal break-words\">JNR Rage Gorilla 55000 Strawberry Watermelon Ice \u0142\u0105czy letni\u0105 s\u0142odycz owoc\u00f3w z lodowat\u0105 \u015bwie\u017co\u015bci\u0105, zapewniaj\u0105c orze\u017awiaj\u0105ce doznania podczas wapowania. Ten wysokowydajny jednorazowy e-papieros zapewnia a\u017c 55 000 zaci\u0105gni\u0119\u0107 z 42 ml najwy\u017cszej jako\u015bci e-liquidu. Najnowocze\u015bniejsze cewki Dual Mesh gwarantuj\u0105 intensywny smak i jedwabist\u0105 par\u0119 od pierwszego do ostatniego zaci\u0105gni\u0119cia. Informacyjny wy\u015bwietlacz Smart stale pokazuje poziom na\u0142adowania baterii i poziom nape\u0142nienia, a wytrzyma\u0142a bateria 950 mAh z technologi\u0105 szybkiego \u0142adowania typu C zapewnia maksymaln\u0105 dost\u0119pno\u015b\u0107 \u2013 idealna dla wszystkich, kt\u00f3rzy kochaj\u0105 owocow\u0105 \u015bwie\u017co\u015b\u0107.<\/p>\n<h3 class=\"font-claude-response-subheading text-text-100 mt-1 -mb-1.5\">Zalety JNR Rage Gorilla 55000 Strawberry Watermelon Ice:<\/h3>\n<p class=\"font-claude-response-body whitespace-normal break-words\">Zawarto\u015b\u0107 nikotyny 2% regulowana przez UE zapewnia zr\u00f3wnowa\u017cone, nigdy agresywne doznania podczas wapowania \u2013 idealne na relaksuj\u0105ce letnie dni lub jako orze\u017awiaj\u0105c\u0105 przerw\u0119 w ci\u0105gu dnia. Strawberry Watermelon Ice \u0142\u0105czy dwa popularne letnie owoce z orze\u017awiaj\u0105c\u0105 ch\u0142odno\u015bci\u0105, tworz\u0105c harmonijny smak bez zb\u0119dnego wytwarzania pary.<\/p>\n<p class=\"font-claude-response-body whitespace-normal break-words\">Wydajna technologia Dual Mesh znacznie zwi\u0119ksza powierzchni\u0119 grzewcz\u0105, umo\u017cliwiaj\u0105c tym samym bardziej precyzyjn\u0105 ekstrakcj\u0119 aromat\u00f3w truskawki i arbuza, dope\u0142nionych charakterystycznym efektem ch\u0142odzenia. Po\u0142\u0105czenie tych trzech sk\u0142adnik\u00f3w daje orze\u017awiaj\u0105cy, nigdy nie nachalny profil smakowy.<\/p>\n<p class=\"font-claude-response-body whitespace-normal break-words\">Niezwyk\u0142a pojemno\u015b\u0107 wynosz\u0105ca 55 000 zaci\u0105gni\u0119\u0107 sprawia, \u017ce przez d\u0142ugi czas nie ma potrzeby dokonywania kolejnych zakup\u00f3w. Dzi\u0119ki pojemno\u015bci 42 ml p\u0142ynu mo\u017cna cieszy\u0107 si\u0119 sta\u0142\u0105 jako\u015bci\u0105 przez wiele tygodni bez spadku wydajno\u015bci lub zmiany smaku.<\/p>\n<p class=\"font-claude-response-body whitespace-normal break-words\">Wytrzyma\u0142a bateria o pojemno\u015bci 950 mAh z \u0142atwo\u015bci\u0105 poradzi sobie nawet z najbardziej wymagaj\u0105cymi dniami. Szybkie \u0142adowanie typu C pozwala przywr\u00f3ci\u0107 pe\u0142n\u0105 pojemno\u015b\u0107 urz\u0105dzenia w zaledwie 30 minut. Przejrzysty wy\u015bwietlacz LED informuje o wszystkich wa\u017cnych parametrach w dowolnym momencie.<\/p>\n<p class=\"font-claude-response-body whitespace-normal break-words\">Ponadczasowy design z b\u0142yszcz\u0105cymi metalowymi aplikacjami przemawia do wymagaj\u0105cych u\u017cytkownik\u00f3w. Ka\u017cdy szczeg\u00f3\u0142 \u015bwiadczy o dba\u0142o\u015bci o jako\u015b\u0107 i zami\u0142owaniu do detali.<\/p>\n<h3 class=\"font-claude-response-subheading text-text-100 mt-1 -mb-1.5\">Dane techniczne:<\/h3>\n<p class=\"font-claude-response-body whitespace-normal break-words\"><strong>st\u0119\u017cenie nikotyny:<\/strong> 2% Nikotyna<br \/>\n<strong>Liczba poci\u0105g\u00f3w:<\/strong> 55 000 poci\u0105g\u00f3w<br \/>\n<strong>Pojemno\u015b\u0107 zbiornika:<\/strong> 42 ml<br \/>\n<strong>System waporyzatora:<\/strong> Cewka z podw\u00f3jn\u0105 siatk\u0105<br \/>\n<strong>Wy\u015bwietlacz:<\/strong> Inteligentny ekran wy\u015bwietlacza<br \/>\n<strong>Pojemno\u015b\u0107 akumulatora:<\/strong> Akumulator 950 mAh<br \/>\n<strong>Interfejs \u0142adowania:<\/strong> Szybkie \u0142adowanie typu C<br \/>\n<strong>Smak:<\/strong> Truskawkowy l\u00f3d arbuzowy<\/p>\n<h3 class=\"font-claude-response-subheading text-text-100 mt-1 -mb-1.5\">Odkryj wi\u0119cej JNR VAPE na vozolpuff<\/h3>\n<p class=\"font-claude-response-body whitespace-normal break-words\">Znajd\u017a inne produkty najwy\u017cszej jako\u015bci w naszym <strong><a class=\"underline\" href=\"https:\/\/vozolpuff.de\/pl\/\">Sklep internetowy<\/a><\/strong> lub przejrzyj bogat\u0105 ofert\u0119 <strong><a class=\"underline\" href=\"https:\/\/vozolpuff.de\/pl\/product-category\/jnr-vape\/\">Seria JNR VAPE<\/a><\/strong> z prze\u0142omowymi innowacjami. Wszystkie smaki JNR Rage Gorilla 55000 znajdziesz w naszym <strong><a class=\"underline\" href=\"https:\/\/vozolpuff.de\/pl\/product-category\/jnr-vape\/jnr-rage-gorilla-55000\/\">Asortyment smak\u00f3w<\/a><\/strong>.<\/p>","protected":false},"excerpt":{"rendered":"<p class=\"font-claude-response-body whitespace-normal break-words\">JNR Rage Gorilla 55000 Strawberry Watermelon Ice \u0142\u0105czy letni\u0105 truskawk\u0119 i arbuza z lodowat\u0105 \u015bwie\u017co\u015bci\u0105. Dzi\u0119ki 55 000 zaci\u0105gni\u0119\u0107, 42 ml e-liquidu i cewkom Dual Mesh Coils do\u015bwiadczysz orze\u017awiaj\u0105cych aromat\u00f3w. Inteligentny wy\u015bwietlacz, bateria 950 mAh z \u0142adowaniem typu C \u2013 ch\u0142odna owocowa przyjemno\u015b\u0107 przez wiele tygodni.<\/p>","protected":false},"featured_media":8623,"comment_status":"open","ping_status":"closed","template":"","meta":{"_acf_changed":false},"product_brand":[],"product_cat":[96],"product_tag":[],"class_list":{"0":"post-8621","1":"product","2":"type-product","3":"status-publish","4":"has-post-thumbnail","6":"product_cat-jnr-rage-gorilla-55000","8":"first","9":"instock","10":"shipping-taxable","11":"purchasable","12":"product-type-variable"},"acf":[],"_links":{"self":[{"href":"https:\/\/vozolpuff.de\/pl\/wp-json\/wp\/v2\/product\/8621","targetHints":{"allow":["GET"]}}],"collection":[{"href":"https:\/\/vozolpuff.de\/pl\/wp-json\/wp\/v2\/product"}],"about":[{"href":"https:\/\/vozolpuff.de\/pl\/wp-json\/wp\/v2\/types\/product"}],"replies":[{"embeddable":true,"href":"https:\/\/vozolpuff.de\/pl\/wp-json\/wp\/v2\/comments?post=8621"}],"wp:featuredmedia":[{"embeddable":true,"href":"https:\/\/vozolpuff.de\/pl\/wp-json\/wp\/v2\/media\/8623"}],"wp:attachment":[{"href":"https:\/\/vozolpuff.de\/pl\/wp-json\/wp\/v2\/media?parent=8621"}],"wp:term":[{"taxonomy":"product_brand","embeddable":true,"href":"https:\/\/vozolpuff.de\/pl\/wp-json\/wp\/v2\/product_brand?post=8621"},{"taxonomy":"product_cat","embeddable":true,"href":"https:\/\/vozolpuff.de\/pl\/wp-json\/wp\/v2\/product_cat?post=8621"},{"taxonomy":"product_tag","embeddable":true,"href":"https:\/\/vozolpuff.de\/pl\/wp-json\/wp\/v2\/product_tag?post=8621"}],"curies":[{"name":"wp","href":"https:\/\/api.w.org\/{rel}","templated":true}]}}