{"id":883,"date":"2025-08-24T14:47:48","date_gmt":"2025-08-24T12:47:48","guid":{"rendered":"https:\/\/vozolpuff.de\/?post_type=product&#038;p=883"},"modified":"2026-01-15T11:56:08","modified_gmt":"2026-01-15T10:56:08","slug":"vozol-rave-40000-watermelon-ice","status":"publish","type":"product","link":"https:\/\/vozolpuff.de\/pl\/produkt\/vozol-rave-40000-watermelon-ice\/","title":{"rendered":"Vozol Rave 40000 Watermelon Ice"},"content":{"rendered":"<h2 class=\"text-xl font-bold text-text-100 mt-1 -mb-0.5\">Vozol Rave 40000 Watermelon Ice Jednorazowy e-papieros<\/h2>\n<p class=\"whitespace-normal break-words\">The <strong>VOZOL RAVE 40000 zaci\u0105gni\u0119\u0107 Watermelon Ice Jednorazowy vape<\/strong> \u0142\u0105czy orze\u017awiaj\u0105cy arbuz z ch\u0142odnym finiszem, zapewniaj\u0105c niezapomniane wra\u017cenia podczas letniego vapowania. Dzi\u0119ki nawet 40 000 zaci\u0105gni\u0119\u0107 i pot\u0119\u017cnej baterii 1000 mAh ten wysokiej jako\u015bci e-papieros zapewnia wyj\u0105tkowo d\u0142ugi czas u\u017cytkowania. Innowacyjny wy\u015bwietlacz 270\u00b0 Beat-Sensing z technologi\u0105 3D i podw\u00f3jnym trybem zap\u0142onu zapewnia spersonalizowan\u0105 przyjemno\u015b\u0107 z wapowania z intensywnym smakiem Watermelon Cool.<\/p>\n<h3 class=\"text-lg font-bold text-text-100 mt-1 -mb-1.5\">VOZOL RAVE 40000 Watermelon Ice Specyfikacje:<\/h3>\n<p class=\"whitespace-normal break-words\"><strong>Pojemno\u015b\u0107 e-liquidu:<\/strong> 20 ml p\u0142ynu Premium Watermelon Ice<br \/>\n<strong>Wydajno\u015b\u0107 akumulatora:<\/strong> 1000 mAh, \u0142adowalny przez USB typu C<br \/>\n<strong>Pojemno\u015b\u0107 poci\u0105gu:<\/strong> Do 40 000 poci\u0105gni\u0119\u0107 (standard) | 25 000 poci\u0105gni\u0119\u0107 (tryb Power)<br \/>\n<strong>Zawarto\u015b\u0107 nikotyny:<\/strong> 5% (50 mg) dla autentycznego uderzenia w gard\u0142o<br \/>\n<strong>System cewek:<\/strong> Cewki siatkowe zapewniaj\u0105ce optymalne uwolnienie smaku<br \/>\n<strong>Kontrola przep\u0142ywu powietrza:<\/strong> Mo\u017cliwo\u015b\u0107 dostosowania przep\u0142ywu powietrza do indywidualnych preferencji<br \/>\n<strong>Inteligentny wy\u015bwietlacz:<\/strong> Cyfrowy wy\u015bwietlacz poziomu na\u0142adowania akumulatora i poziomu p\u0142ynu<br \/>\n<strong>Wykrywanie rytmu:<\/strong> Dynamiczny wy\u015bwietlacz 270\u00b0 z informacj\u0105 zwrotn\u0105 na \u017cywo<br \/>\n<strong>Tryb podw\u00f3jny:<\/strong> Standard dla delikatnego waporyzowania, moc dla intensywnych zaci\u0105gni\u0119\u0107<br \/>\n<strong>Technologia:<\/strong> Podw\u00f3jne uk\u0142ady MCU firmy S.i.L.C Tech<\/p>\n<h3 class=\"text-lg font-bold text-text-100 mt-1 -mb-1.5\">Odkryj wi\u0119cej VOZOL VAPE na vozolpuff<\/h3>\n<p class=\"whitespace-normal break-words\">Odkryj wi\u0119cej wysokiej jako\u015bci e-papieros\u00f3w w naszej ofercie <strong><a class=\"underline\" href=\"https:\/\/vozolpuff.de\/pl\/\">Sklep internetowy<\/a><\/strong> lub zapoznaj si\u0119 z pe\u0142n\u0105 ofert\u0105 <strong><a class=\"underline\" href=\"https:\/\/vozolpuff.de\/pl\/product-category\/vozol-vape\/\">Gama produkt\u00f3w VOZOL VAPE<\/a><\/strong>. Wszystkie dost\u0119pne smaki mo\u017cna znale\u017a\u0107 w naszym <strong><a class=\"underline\" href=\"https:\/\/vozolpuff.de\/pl\/product-category\/vozol-vape\/vozol-rave-40000\/\">Kolekcja Vozol Rave 40000<\/a><\/strong>.<\/p>","protected":false},"excerpt":{"rendered":"<p>The <strong>VOZOL RAVE 40000 Watermelon Ice Jednorazowy e-papieros<\/strong> \u0142\u0105czy orze\u017awiaj\u0105cy arbuz z ch\u0142odnym finiszem, zapewniaj\u0105c do 40 000 zaci\u0105gni\u0119\u0107 i najwy\u017csz\u0105 letni\u0105 przyjemno\u015b\u0107 z wapowania. Z mocnym akumulatorem 1000 mAh, pojemno\u015bci\u0105 20 ml i innowacyjnym wy\u015bwietlaczem 270\u00b0 Beat-Sensing. Podw\u00f3jny tryb, cewki siatkowe i technologia S.i.L.C Dual MCU. Zawarto\u015b\u0107 nikotyny: 5% (50 mg).<\/p>","protected":false},"featured_media":886,"comment_status":"open","ping_status":"closed","template":"","meta":{"_acf_changed":false},"product_brand":[],"product_cat":[32],"product_tag":[],"class_list":{"0":"post-883","1":"product","2":"type-product","3":"status-publish","4":"has-post-thumbnail","6":"product_cat-vozol-rave-40000","8":"first","9":"instock","10":"shipping-taxable","11":"purchasable","12":"product-type-variable"},"acf":[],"_links":{"self":[{"href":"https:\/\/vozolpuff.de\/pl\/wp-json\/wp\/v2\/product\/883","targetHints":{"allow":["GET"]}}],"collection":[{"href":"https:\/\/vozolpuff.de\/pl\/wp-json\/wp\/v2\/product"}],"about":[{"href":"https:\/\/vozolpuff.de\/pl\/wp-json\/wp\/v2\/types\/product"}],"replies":[{"embeddable":true,"href":"https:\/\/vozolpuff.de\/pl\/wp-json\/wp\/v2\/comments?post=883"}],"wp:featuredmedia":[{"embeddable":true,"href":"https:\/\/vozolpuff.de\/pl\/wp-json\/wp\/v2\/media\/886"}],"wp:attachment":[{"href":"https:\/\/vozolpuff.de\/pl\/wp-json\/wp\/v2\/media?parent=883"}],"wp:term":[{"taxonomy":"product_brand","embeddable":true,"href":"https:\/\/vozolpuff.de\/pl\/wp-json\/wp\/v2\/product_brand?post=883"},{"taxonomy":"product_cat","embeddable":true,"href":"https:\/\/vozolpuff.de\/pl\/wp-json\/wp\/v2\/product_cat?post=883"},{"taxonomy":"product_tag","embeddable":true,"href":"https:\/\/vozolpuff.de\/pl\/wp-json\/wp\/v2\/product_tag?post=883"}],"curies":[{"name":"wp","href":"https:\/\/api.w.org\/{rel}","templated":true}]}}