{"id":888,"date":"2025-08-24T14:52:42","date_gmt":"2025-08-24T12:52:42","guid":{"rendered":"https:\/\/vozolpuff.de\/?post_type=product&#038;p=888"},"modified":"2026-01-15T11:55:55","modified_gmt":"2026-01-15T10:55:55","slug":"vozol-rave-40000-grape-ice","status":"publish","type":"product","link":"https:\/\/vozolpuff.de\/pl\/produkt\/vozol-rave-40000-grape-ice\/","title":{"rendered":"Vozol Rave 40000 Grape Ice"},"content":{"rendered":"<h2 class=\"text-xl font-bold text-text-100 mt-1 -mb-0.5\">Jednorazowy e-papieros Vozol Rave 40000 Grape Ice<\/h2>\n<p class=\"whitespace-normal break-words\">The <strong>VOZOL RAVE 40000 zaci\u0105gni\u0119\u0107 Grape Ice Jednorazowy Vape<\/strong> rozpieszcza pysznym smakiem dojrza\u0142ych winogron, uszlachetnionym orze\u017awiaj\u0105co ch\u0142odn\u0105 nut\u0105. To najnowocze\u015bniejsze urz\u0105dzenie do waporyzacji zapewnia imponuj\u0105ce 40 000 zaci\u0105gni\u0119\u0107 i ma pojemno\u015b\u0107 20 ml p\u0142ynu na tygodnie u\u017cytkowania. Rewolucyjny wy\u015bwietlacz 3D z technologi\u0105 wykrywania bicia 270\u00b0 i dwoma r\u00f3\u017cnymi trybami palenia sprawiaj\u0105, \u017ce waporyzacja Grape Ice jest prawdziw\u0105 przyjemno\u015bci\u0105.<\/p>\n<h3 class=\"text-lg font-bold text-text-100 mt-1 -mb-1.5\">VOZOL RAVE 40000 Grape Ice Szczeg\u00f3\u0142y produktu:<\/h3>\n<p class=\"whitespace-normal break-words\"><strong>Obj\u0119to\u015b\u0107 cieczy:<\/strong> 20 ml intensywnego smaku lodu winogronowego<br \/>\n<strong>Zasilanie bateryjne:<\/strong> 1000 mAh z szybkim \u0142adowaniem przez USB typu C<br \/>\n<strong>Liczba zaci\u0105gni\u0119\u0107:<\/strong> Oko\u0142o 40 000 ruch\u00f3w (tryb zwyk\u0142y) | 25 000 ruch\u00f3w (tryb boost)<br \/>\n<strong>Poziom nikotyny:<\/strong> 5% (50 mg) dla mocnego uderzenia w gard\u0142o<br \/>\n<strong>Waporyzator:<\/strong> Siatkowe cewki dla r\u00f3wnomiernej produkcji pary<br \/>\n<strong>Odporno\u015b\u0107 na przeci\u0105gi:<\/strong> Indywidualnie regulowany przep\u0142yw powietrza<br \/>\n<strong>Wy\u015bwietlacz LCD:<\/strong> Monitorowanie poziomu na\u0142adowania baterii i poziomu e-cieczy<br \/>\n<strong>Wy\u015bwietlacz 270\u00b0:<\/strong> Interaktywny wy\u015bwietlacz z informacj\u0105 zwrotn\u0105 w czasie rzeczywistym<br \/>\n<strong>Tryby pracy:<\/strong> Dost\u0119pny jest tryb \u0142agodny i tryb intensywny<br \/>\n<strong>Chipset:<\/strong> Podw\u00f3jne uk\u0142ady MCU od S.i.L.C Tech<\/p>\n<h3 class=\"text-lg font-bold text-text-100 mt-1 -mb-1.5\">Odkryj wi\u0119cej VOZOL VAPE na vozolpuff<\/h3>\n<p class=\"whitespace-normal break-words\">Odkryj wi\u0119cej wysokiej jako\u015bci e-papieros\u00f3w w naszej ofercie <strong><a class=\"underline\" href=\"https:\/\/vozolpuff.de\/pl\/\">Sklep internetowy<\/a><\/strong> lub zapoznaj si\u0119 z pe\u0142n\u0105 ofert\u0105 <strong><a class=\"underline\" href=\"https:\/\/vozolpuff.de\/pl\/product-category\/vozol-vape\/\">Gama produkt\u00f3w VOZOL VAPE<\/a><\/strong>. Wszystkie dost\u0119pne smaki mo\u017cna znale\u017a\u0107 w naszym <strong><a class=\"underline\" href=\"https:\/\/vozolpuff.de\/pl\/product-category\/vozol-vape\/vozol-rave-40000\/\">Kolekcja Vozol Rave 40000<\/a><\/strong>.<\/p>","protected":false},"excerpt":{"rendered":"<p>The <strong>Jednorazowy e-papieros VOZOL RAVE 40000 Grape Ice<\/strong> rozpieszcza pysznym smakiem winogron i orze\u017awiaj\u0105co ch\u0142odn\u0105 nut\u0105 do 40 000 zaci\u0105gni\u0119\u0107. Posiada 20 ml pojemno\u015bci liquidu, bateri\u0119 1000 mAh USB Type-C i rewolucyjny wy\u015bwietlacz 3D z technologi\u0105 wykrywania uderze\u0144 270\u00b0. Dwa tryby palenia, cewki siatkowe i podw\u00f3jne uk\u0142ady MCU S.i.L.C. Poziom nikotyny: 5% (50 mg).<\/p>","protected":false},"featured_media":891,"comment_status":"open","ping_status":"closed","template":"","meta":{"_acf_changed":false},"product_brand":[],"product_cat":[32],"product_tag":[],"class_list":{"0":"post-888","1":"product","2":"type-product","3":"status-publish","4":"has-post-thumbnail","6":"product_cat-vozol-rave-40000","8":"first","9":"instock","10":"shipping-taxable","11":"purchasable","12":"product-type-variable"},"acf":[],"_links":{"self":[{"href":"https:\/\/vozolpuff.de\/pl\/wp-json\/wp\/v2\/product\/888","targetHints":{"allow":["GET"]}}],"collection":[{"href":"https:\/\/vozolpuff.de\/pl\/wp-json\/wp\/v2\/product"}],"about":[{"href":"https:\/\/vozolpuff.de\/pl\/wp-json\/wp\/v2\/types\/product"}],"replies":[{"embeddable":true,"href":"https:\/\/vozolpuff.de\/pl\/wp-json\/wp\/v2\/comments?post=888"}],"wp:featuredmedia":[{"embeddable":true,"href":"https:\/\/vozolpuff.de\/pl\/wp-json\/wp\/v2\/media\/891"}],"wp:attachment":[{"href":"https:\/\/vozolpuff.de\/pl\/wp-json\/wp\/v2\/media?parent=888"}],"wp:term":[{"taxonomy":"product_brand","embeddable":true,"href":"https:\/\/vozolpuff.de\/pl\/wp-json\/wp\/v2\/product_brand?post=888"},{"taxonomy":"product_cat","embeddable":true,"href":"https:\/\/vozolpuff.de\/pl\/wp-json\/wp\/v2\/product_cat?post=888"},{"taxonomy":"product_tag","embeddable":true,"href":"https:\/\/vozolpuff.de\/pl\/wp-json\/wp\/v2\/product_tag?post=888"}],"curies":[{"name":"wp","href":"https:\/\/api.w.org\/{rel}","templated":true}]}}