{"id":893,"date":"2025-08-24T14:56:43","date_gmt":"2025-08-24T12:56:43","guid":{"rendered":"https:\/\/vozolpuff.de\/?post_type=product&#038;p=893"},"modified":"2026-01-15T11:55:43","modified_gmt":"2026-01-15T10:55:43","slug":"vozol-rave-40000-mango-ice","status":"publish","type":"product","link":"https:\/\/vozolpuff.de\/pl\/produkt\/vozol-rave-40000-mango-ice\/","title":{"rendered":"Vozol Rave 40000 Mango Ice"},"content":{"rendered":"<h2 class=\"text-xl font-bold text-text-100 mt-1 -mb-0.5\">Vozol Rave 40000 Mango Ice Jednorazowy e-papieros<\/h2>\n<p class=\"whitespace-normal break-words\">The <strong>VOZOL RAVE 40000 zaci\u0105gni\u0119\u0107 Mango Ice Vape<\/strong> przenosi Ci\u0119 do tropikalnego \u015bwiata dzi\u0119ki autentycznemu smakowi mango i orze\u017awiaj\u0105cej bryzie. Ten wysokiej jako\u015bci jednorazowy e-papieros zapewnia a\u017c 40 000 zaci\u0105gni\u0119\u0107 i pojemny zbiornik na e-liquid o pojemno\u015bci 18\u201320 ml. Zaawansowana technologia wy\u015bwietlacza Beat-Sensing z polem widzenia 270\u00b0 i inteligentnymi trybami Dual-Fire gwarantuj\u0105 najwy\u017cszej klasy wra\u017cenia podczas wapowania mango.<\/p>\n<h3 class=\"text-lg font-bold text-text-100 mt-1 -mb-1.5\">VOZOL RAVE 40000 Mango Ice Cechy:<\/h3>\n<p class=\"whitespace-normal break-words\"><strong>Ilo\u015b\u0107 e-liquidu:<\/strong> 20 ml egzotycznego p\u0142ynu Mango Ice<br \/>\n<strong>Pojemno\u015b\u0107 akumulatora:<\/strong> 1000 mAh z szybkim \u0142adowaniem typu C<br \/>\n<strong>Wydajno\u015b\u0107 poci\u0105g\u00f3w:<\/strong> Maksymalnie 40 000 ruch\u00f3w (normalny) | 25 000 ruch\u00f3w (turbo)<br \/>\n<strong>Si\u0142a nikotyny:<\/strong> 5% (50 mg) dla optymalnego uderzenia w krta\u0144<br \/>\n<strong>System waporyzatora:<\/strong> Wysokiej jako\u015bci cewki siatkowe zapewniaj\u0105ce czysty smak<br \/>\n<strong>Regulacja przep\u0142ywu powietrza:<\/strong> P\u0142ynnie regulowany draw<br \/>\n<strong>Sterowanie cyfrowe:<\/strong> Inteligentny wy\u015bwietlacz wszystkich wa\u017cnych danych<br \/>\n<strong>Technologia Beat:<\/strong> Wy\u015bwietlacz z widokiem panoramicznym 270\u00b0 i aktualizacjami na \u017cywo<br \/>\n<strong>Tryby pracy:<\/strong> Mo\u017cliwo\u015b\u0107 wyboru trybu komfortowego lub trybu mocy<br \/>\n<strong>Procesor:<\/strong> Architektura podw\u00f3jnego uk\u0142adu scalonego MCU firmy S.i.L.C Tech<\/p>\n<h3 class=\"text-lg font-bold text-text-100 mt-1 -mb-1.5\">Odkryj wi\u0119cej VOZOL VAPE na vozolpuff<\/h3>\n<p class=\"whitespace-normal break-words\">Odkryj wi\u0119cej wysokiej jako\u015bci e-papieros\u00f3w w naszej ofercie <strong><a class=\"underline\" href=\"https:\/\/vozolpuff.de\/pl\/\">Sklep internetowy<\/a><\/strong> lub zapoznaj si\u0119 z pe\u0142n\u0105 ofert\u0105 <strong><a class=\"underline\" href=\"https:\/\/vozolpuff.de\/pl\/product-category\/vozol-vape\/\">Gama produkt\u00f3w VOZOL VAPE<\/a><\/strong>. Wszystkie dost\u0119pne smaki mo\u017cna znale\u017a\u0107 w naszym <strong><a class=\"underline\" href=\"https:\/\/vozolpuff.de\/pl\/product-category\/vozol-vape\/vozol-rave-40000\/\">Kolekcja Vozol Rave 40000<\/a><\/strong>.<\/p>","protected":false},"excerpt":{"rendered":"<p>The <strong>VOZOL RAVE 40000 Mango Ice Jednorazowy e-papieros<\/strong> przenosi do tropikalnych \u015bwiat\u00f3w z autentycznym smakiem mango i ch\u0142odn\u0105 bryz\u0105 na nawet 40 000 zaci\u0105gni\u0119\u0107. Z 20 ml e-liquidu, szybkim \u0142adowaniem 1000 mAh typu C i zaawansowan\u0105 technologi\u0105 wy\u015bwietlacza 270\u00b0 Beat-Sensing. Podw\u00f3jne tryby ognia, cewki Premium Mesh i architektura podw\u00f3jnego chipa MCU S.i.L.C. Zawarto\u015b\u0107 nikotyny: 5% (50 mg).<\/p>","protected":false},"featured_media":896,"comment_status":"open","ping_status":"closed","template":"","meta":{"_acf_changed":false},"product_brand":[],"product_cat":[32],"product_tag":[],"class_list":{"0":"post-893","1":"product","2":"type-product","3":"status-publish","4":"has-post-thumbnail","6":"product_cat-vozol-rave-40000","8":"first","9":"instock","10":"shipping-taxable","11":"purchasable","12":"product-type-variable"},"acf":[],"_links":{"self":[{"href":"https:\/\/vozolpuff.de\/pl\/wp-json\/wp\/v2\/product\/893","targetHints":{"allow":["GET"]}}],"collection":[{"href":"https:\/\/vozolpuff.de\/pl\/wp-json\/wp\/v2\/product"}],"about":[{"href":"https:\/\/vozolpuff.de\/pl\/wp-json\/wp\/v2\/types\/product"}],"replies":[{"embeddable":true,"href":"https:\/\/vozolpuff.de\/pl\/wp-json\/wp\/v2\/comments?post=893"}],"wp:featuredmedia":[{"embeddable":true,"href":"https:\/\/vozolpuff.de\/pl\/wp-json\/wp\/v2\/media\/896"}],"wp:attachment":[{"href":"https:\/\/vozolpuff.de\/pl\/wp-json\/wp\/v2\/media?parent=893"}],"wp:term":[{"taxonomy":"product_brand","embeddable":true,"href":"https:\/\/vozolpuff.de\/pl\/wp-json\/wp\/v2\/product_brand?post=893"},{"taxonomy":"product_cat","embeddable":true,"href":"https:\/\/vozolpuff.de\/pl\/wp-json\/wp\/v2\/product_cat?post=893"},{"taxonomy":"product_tag","embeddable":true,"href":"https:\/\/vozolpuff.de\/pl\/wp-json\/wp\/v2\/product_tag?post=893"}],"curies":[{"name":"wp","href":"https:\/\/api.w.org\/{rel}","templated":true}]}}