{"id":898,"date":"2025-08-24T14:59:22","date_gmt":"2025-08-24T12:59:22","guid":{"rendered":"https:\/\/vozolpuff.de\/?post_type=product&#038;p=898"},"modified":"2026-01-15T11:55:29","modified_gmt":"2026-01-15T10:55:29","slug":"vozol-rave-40000-strawberry-ice","status":"publish","type":"product","link":"https:\/\/vozolpuff.de\/pl\/produkt\/vozol-rave-40000-strawberry-ice\/","title":{"rendered":"Vozol Rave 40000 Strawberry Ice"},"content":{"rendered":"<h2 class=\"text-xl font-bold text-text-100 mt-1 -mb-0.5\">Jednorazowy e-papieros Vozol Rave 40000 Strawberry Ice<\/h2>\n<p class=\"whitespace-normal break-words\">The <strong>VOZOL RAVE 40000 dra\u017cetek jednorazowych Strawberry Ice<\/strong> zachwyca s\u0142odkim smakiem w pe\u0142ni dojrza\u0142ych truskawek i od\u015bwie\u017caj\u0105co ch\u0142odnym komponentem. Dzi\u0119ki imponuj\u0105cej pojemno\u015bci 40 000 zaci\u0105gni\u0119\u0107 i pot\u0119\u017cnej baterii 1000 mAh, ten e-papieros wyznacza nowe standardy w kategorii urz\u0105dze\u0144 jednorazowych. Innowacyjny zakrzywiony wy\u015bwietlacz 3D z czujnikiem bicia 270\u00b0 i elastyczne tryby pracy zapewniaj\u0105 niezr\u00f3wnane doznania smakowe Strawberry Cool.<\/p>\n<h3 class=\"text-lg font-bold text-text-100 mt-1 -mb-1.5\">VOZOL RAVE 40000 Strawberry Ice W\u0142a\u015bciwo\u015bci:<\/h3>\n<p class=\"whitespace-normal break-words\"><strong>Pojemno\u015b\u0107 cieczy:<\/strong> 20 ml p\u0142ynu Premium Strawberry Ice E-Liquid<br \/>\n<strong>\u0179r\u00f3d\u0142o zasilania:<\/strong> Akumulator litowo-jonowy o pojemno\u015bci 1000 mAh<br \/>\n<strong>Wydajno\u015b\u0107 pary:<\/strong> Do 40 000 zaci\u0105gni\u0119\u0107 (tryb Eco) | 25 000 zaci\u0105gni\u0119\u0107 (tryb Max)<br \/>\n<strong>Zawarto\u015b\u0107 nikotyny:<\/strong> 5% (50 mg) dla intensywnego dzia\u0142ania na gard\u0142o<br \/>\n<strong>Technologia cewki:<\/strong> Wysokiej klasy waporyzator siatkowy zapewniaj\u0105cy czyste smaki<br \/>\n<strong>System przep\u0142ywu powietrza:<\/strong> Zmienne ustawienie nawiewu powietrza<br \/>\n<strong>Wy\u015bwietlacz monitora:<\/strong> Inteligentny wy\u015bwietlacz do monitorowania stanu<br \/>\n<strong>Wy\u015bwietlacz czujnika:<\/strong> Technologia reaguj\u0105ca na rytm 270<br \/>\n<strong>Tryby waporyzacji:<\/strong> Dost\u0119pny jest tryb delikatny i intensywny<br \/>\n<strong>Sprz\u0119t:<\/strong> Podw\u00f3jne jednostki przetwarzania MCU firmy S.i.L.C Tech<\/p>\n<h3 class=\"text-lg font-bold text-text-100 mt-1 -mb-1.5\">Odkryj wi\u0119cej VOZOL VAPE na vozolpuff<\/h3>\n<p class=\"whitespace-normal break-words\">Odkryj wi\u0119cej wysokiej jako\u015bci e-papieros\u00f3w w naszej ofercie <strong><a class=\"underline\" href=\"https:\/\/vozolpuff.de\/pl\/\">Sklep internetowy<\/a><\/strong> lub zapoznaj si\u0119 z pe\u0142n\u0105 ofert\u0105 <strong><a class=\"underline\" href=\"https:\/\/vozolpuff.de\/pl\/product-category\/vozol-vape\/\">Gama produkt\u00f3w VOZOL VAPE<\/a><\/strong>. Wszystkie dost\u0119pne smaki mo\u017cna znale\u017a\u0107 w naszym <strong><a class=\"underline\" href=\"https:\/\/vozolpuff.de\/pl\/product-category\/vozol-vape\/vozol-rave-40000\/\">Kolekcja Vozol Rave 40000<\/a><\/strong>.<\/p>","protected":false},"excerpt":{"rendered":"<p>The <strong>Jednorazowy e-papieros VOZOL RAVE 40000 Strawberry Ice<\/strong> ze s\u0142odkim truskawkowym smakiem i orze\u017awiaj\u0105co ch\u0142odnym komponentem do 40 000 zaci\u0105gni\u0119\u0107. Posiada 20 ml najwy\u017cszej jako\u015bci e-cieczy, akumulator 1000 mAh i innowacyjny zakrzywiony wy\u015bwietlacz 3D z wykrywaniem uderze\u0144 270\u00b0. Elastyczne tryby pracy, wysokiej klasy waporyzator siatkowy i przetwarzanie S.i.L.C Dual MCU. Zawarto\u015b\u0107 nikotyny: 5% (50 mg).<\/p>","protected":false},"featured_media":901,"comment_status":"open","ping_status":"closed","template":"","meta":{"_acf_changed":false},"product_brand":[],"product_cat":[32],"product_tag":[],"class_list":{"0":"post-898","1":"product","2":"type-product","3":"status-publish","4":"has-post-thumbnail","6":"product_cat-vozol-rave-40000","8":"first","9":"instock","10":"shipping-taxable","11":"purchasable","12":"product-type-variable"},"acf":[],"_links":{"self":[{"href":"https:\/\/vozolpuff.de\/pl\/wp-json\/wp\/v2\/product\/898","targetHints":{"allow":["GET"]}}],"collection":[{"href":"https:\/\/vozolpuff.de\/pl\/wp-json\/wp\/v2\/product"}],"about":[{"href":"https:\/\/vozolpuff.de\/pl\/wp-json\/wp\/v2\/types\/product"}],"replies":[{"embeddable":true,"href":"https:\/\/vozolpuff.de\/pl\/wp-json\/wp\/v2\/comments?post=898"}],"wp:featuredmedia":[{"embeddable":true,"href":"https:\/\/vozolpuff.de\/pl\/wp-json\/wp\/v2\/media\/901"}],"wp:attachment":[{"href":"https:\/\/vozolpuff.de\/pl\/wp-json\/wp\/v2\/media?parent=898"}],"wp:term":[{"taxonomy":"product_brand","embeddable":true,"href":"https:\/\/vozolpuff.de\/pl\/wp-json\/wp\/v2\/product_brand?post=898"},{"taxonomy":"product_cat","embeddable":true,"href":"https:\/\/vozolpuff.de\/pl\/wp-json\/wp\/v2\/product_cat?post=898"},{"taxonomy":"product_tag","embeddable":true,"href":"https:\/\/vozolpuff.de\/pl\/wp-json\/wp\/v2\/product_tag?post=898"}],"curies":[{"name":"wp","href":"https:\/\/api.w.org\/{rel}","templated":true}]}}