{"id":903,"date":"2025-08-24T15:02:41","date_gmt":"2025-08-24T13:02:41","guid":{"rendered":"https:\/\/vozolpuff.de\/?post_type=product&#038;p=903"},"modified":"2026-01-15T11:55:07","modified_gmt":"2026-01-15T10:55:07","slug":"vozol-rave-40000-blueberry-ice","status":"publish","type":"product","link":"https:\/\/vozolpuff.de\/pl\/produkt\/vozol-rave-40000-blueberry-ice\/","title":{"rendered":"Vozol Rave 40000 Blueberry Ice"},"content":{"rendered":"<h2 class=\"text-xl font-bold text-text-100 mt-1 -mb-0.5\">Jednorazowy e-papieros Vozol Rave 40000 Blueberry Ice<\/h2>\n<p class=\"whitespace-normal break-words\">The <strong>VOZOL RAVE 40000 zaci\u0105gni\u0119\u0107 Blueberry Ice Vape<\/strong> przekonuje naturalnym smakiem soczystych jag\u00f3d po\u0142\u0105czonym z uczuciem ch\u0142odzenia. Ten zaawansowany technologicznie jednorazowy e-papieros oferuje wyj\u0105tkowe 40 000 zaci\u0105gni\u0119\u0107 dzi\u0119ki wydajnej baterii 1000 mAh i du\u017cemu nape\u0142nieniu 20 ml p\u0142ynu. Spektakularny wy\u015bwietlacz wykrywaj\u0105cy rytm 270\u00b0 z krzywizn\u0105 3D i dwoma trybami aktywacji zapewniaj\u0105 wyj\u0105tkowe doznania ch\u0142odzenia jagodami.<\/p>\n<h3 class=\"text-lg font-bold text-text-100 mt-1 -mb-1.5\">VOZOL RAVE 40000 Blueberry Ice Dane techniczne:<\/h3>\n<p class=\"whitespace-normal break-words\"><strong>Zawarto\u015b\u0107 e-liquidu:<\/strong> 20 ml autentycznego smaku Blueberry Ice<br \/>\n<strong>Magazynowanie energii:<\/strong> 1000 mAh z portem \u0142adowania USB-C<br \/>\n<strong>Liczba inhalacji:<\/strong> Oko\u0142o 40 000 ruch\u00f3w (standard) | 25 000 ruch\u00f3w (boost)<br \/>\n<strong>st\u0119\u017cenie nikotyny:<\/strong> 5% (50 mg) dla wyra\u017anego odci\u0119cia gard\u0142a<br \/>\n<strong>Element grzejny:<\/strong> System cewek siatkowych zapewniaj\u0105cy sta\u0142\u0105 wydajno\u015b\u0107<br \/>\n<strong>Kontrola ci\u0105gu:<\/strong> Konfigurowalna kontrola przep\u0142ywu powietrza<br \/>\n<strong>Ekran informacji:<\/strong> Cyfrowy system monitorowania<br \/>\n<strong>Odpowied\u017a Beat:<\/strong> Interaktywny wy\u015bwietlacz sprz\u0119\u017cenia zwrotnego 270<br \/>\n<strong>Poziom wydajno\u015bci:<\/strong> Tryb p\u0142ynny i tryb zasilania<br \/>\n<strong>Kontrola:<\/strong> Podw\u00f3jny kontroler MCU od S.i.L.C Tech<\/p>\n<h3 class=\"text-lg font-bold text-text-100 mt-1 -mb-1.5\">Odkryj wi\u0119cej VOZOL VAPE na vozolpuff<\/h3>\n<p class=\"whitespace-normal break-words\">Odkryj wi\u0119cej wysokiej jako\u015bci e-papieros\u00f3w w naszej ofercie <strong><a class=\"underline\" href=\"https:\/\/vozolpuff.de\/pl\/\">Sklep internetowy<\/a><\/strong> lub zapoznaj si\u0119 z pe\u0142n\u0105 ofert\u0105 <strong><a class=\"underline\" href=\"https:\/\/vozolpuff.de\/pl\/product-category\/vozol-vape\/\">Gama produkt\u00f3w VOZOL VAPE<\/a><\/strong>. Wszystkie dost\u0119pne smaki mo\u017cna znale\u017a\u0107 w naszym <strong><a class=\"underline\" href=\"https:\/\/vozolpuff.de\/pl\/product-category\/vozol-vape\/vozol-rave-40000\/\">Kolekcja Vozol Rave 40000<\/a><\/strong>.<\/p>","protected":false},"excerpt":{"rendered":"<p>The <strong>Jednorazowy e-papieros VOZOL RAVE 40000 Blueberry Ice<\/strong> zachwyca naturalnym jagodowym smakiem i uczuciem ch\u0142odzenia do 40 000 zaci\u0105gni\u0119\u0107. Pojemno\u015b\u0107 20 ml, wydajna bateria 1000 mAh USB-C i spektakularny wy\u015bwietlacz 270\u00b0 z wykrywaniem rytmu i krzywizn\u0105 3D. Podw\u00f3jne tryby aktywacji, system cewek siatkowych i kontroler S.i.L.C Dual MCU. St\u0119\u017cenie nikotyny: 5% (50 mg).<\/p>","protected":false},"featured_media":906,"comment_status":"open","ping_status":"closed","template":"","meta":{"_acf_changed":false},"product_brand":[],"product_cat":[32],"product_tag":[],"class_list":{"0":"post-903","1":"product","2":"type-product","3":"status-publish","4":"has-post-thumbnail","6":"product_cat-vozol-rave-40000","8":"first","9":"instock","10":"shipping-taxable","11":"purchasable","12":"product-type-variable"},"acf":[],"_links":{"self":[{"href":"https:\/\/vozolpuff.de\/pl\/wp-json\/wp\/v2\/product\/903","targetHints":{"allow":["GET"]}}],"collection":[{"href":"https:\/\/vozolpuff.de\/pl\/wp-json\/wp\/v2\/product"}],"about":[{"href":"https:\/\/vozolpuff.de\/pl\/wp-json\/wp\/v2\/types\/product"}],"replies":[{"embeddable":true,"href":"https:\/\/vozolpuff.de\/pl\/wp-json\/wp\/v2\/comments?post=903"}],"wp:featuredmedia":[{"embeddable":true,"href":"https:\/\/vozolpuff.de\/pl\/wp-json\/wp\/v2\/media\/906"}],"wp:attachment":[{"href":"https:\/\/vozolpuff.de\/pl\/wp-json\/wp\/v2\/media?parent=903"}],"wp:term":[{"taxonomy":"product_brand","embeddable":true,"href":"https:\/\/vozolpuff.de\/pl\/wp-json\/wp\/v2\/product_brand?post=903"},{"taxonomy":"product_cat","embeddable":true,"href":"https:\/\/vozolpuff.de\/pl\/wp-json\/wp\/v2\/product_cat?post=903"},{"taxonomy":"product_tag","embeddable":true,"href":"https:\/\/vozolpuff.de\/pl\/wp-json\/wp\/v2\/product_tag?post=903"}],"curies":[{"name":"wp","href":"https:\/\/api.w.org\/{rel}","templated":true}]}}