{"id":938,"date":"2025-08-24T15:38:54","date_gmt":"2025-08-24T13:38:54","guid":{"rendered":"https:\/\/vozolpuff.de\/?post_type=product&#038;p=938"},"modified":"2026-01-15T11:53:38","modified_gmt":"2026-01-15T10:53:38","slug":"vozol-rave-40000-strawberry-mango","status":"publish","type":"product","link":"https:\/\/vozolpuff.de\/pl\/produkt\/vozol-rave-40000-strawberry-mango\/","title":{"rendered":"Vozol Rave 40000 Strawberry Mango"},"content":{"rendered":"<h2 class=\"text-xl font-bold text-text-100 mt-1 -mb-0.5\">Jednorazowy e-papieros Vozol Rave 40000 Strawberry Mango<\/h2>\n<p class=\"whitespace-normal break-words\">VOZOL RAVE 40000 Strawberry Mango \u0142\u0105czy tropikaln\u0105 s\u0142odycz mango z soczystymi truskawkami, tworz\u0105c nieodparte doznania smakowe. Ten najnowocze\u015bniejszy jednorazowy waporyzator imponuje imponuj\u0105c\u0105 liczb\u0105 40 000 zaci\u0105gni\u0119\u0107 i zaawansowan\u0105 technologi\u0105 S.i.L.C. Akumulator o pojemno\u015bci 1000 mAh z funkcj\u0105 \u0142adowania przez USB-C zapewnia niezawodn\u0105 wydajno\u015b\u0107, a inteligentny wy\u015bwietlacz z czujnikiem rytmu 270\u00b0 zapewnia ci\u0105g\u0142e informacje zwrotne. Dwa r\u00f3\u017cne tryby pary umo\u017cliwiaj\u0105 dostosowanie do w\u0142asnych preferencji.<\/p>\n<h3 class=\"text-lg font-bold text-text-100 mt-1 -mb-1.5\">Specyfikacje Strawberry Mango Edition:<\/h3>\n<p class=\"whitespace-normal break-words\"><strong>Pojemno\u015b\u0107 cieczy:<\/strong> 20 ml owocowego p\u0142ynu Strawberry Mango E-Liquid<br \/>\n<strong>Zasilanie bateryjne:<\/strong> Akumulator 1000 mAh z po\u0142\u0105czeniem typu C<br \/>\n<strong>Liczba zaci\u0105gni\u0119\u0107:<\/strong> Maksymalnie 40 000 ruch\u00f3w (tryb normalny) | 25 000 ruch\u00f3w (tryb intensywny)<br \/>\n<strong>Si\u0142a nikotyny:<\/strong> 5% (50 mg) dla mocnego uderzenia w gard\u0142o<br \/>\n<strong>Typ waporyzatora:<\/strong> Wysokiej jako\u015bci technologia cewek siatkowych<br \/>\n<strong>Odporno\u015b\u0107 na przeci\u0105gi:<\/strong> Regulowana kontrola przep\u0142ywu powietrza<br \/>\n<strong>Funkcja wy\u015bwietlania:<\/strong> Cyfrowy akumulator i wy\u015bwietlacz ciek\u0142y<br \/>\n<strong>Wy\u015bwietlacz czujnika:<\/strong> Wykrywanie uderze\u0144 270\u00b0 z informacj\u0105 zwrotn\u0105 na \u017cywo<br \/>\n<strong>Tryby pracy:<\/strong> Tryb normalny i tryb zasilania awaryjnego<br \/>\n<strong>jednostka procesora:<\/strong> Podw\u00f3jne uk\u0142ady MCU od S.i.L.C Tech<\/p>\n<h3 class=\"text-lg font-bold text-text-100 mt-1 -mb-1.5\">Odkryj wi\u0119cej VOZOL VAPE na vozolpuff<\/h3>\n<p class=\"whitespace-normal break-words\">Odkryj wi\u0119cej <strong><a class=\"underline\" href=\"https:\/\/vozolpuff.de\/pl\/\">Produkty VOZOL<\/a><\/strong> w naszym asortymencie lub przejrzyj nasz\u0105 pe\u0142n\u0105 ofert\u0119 <strong><a class=\"underline\" href=\"https:\/\/vozolpuff.de\/pl\/product-category\/vozol-vape\/\">Kategoria VOZOL VAPE<\/a><\/strong>. Wszystkie dost\u0119pne smaki mo\u017cna znale\u017a\u0107 w naszym <strong><a class=\"underline\" href=\"https:\/\/vozolpuff.de\/pl\/product-category\/vozol-vape\/vozol-rave-40000\/\">Kolekcja Vozol Rave 40000<\/a><\/strong>.<\/p>","protected":false},"excerpt":{"rendered":"<p>The <strong>Jednorazowy e-papieros VOZOL RAVE 40000 Strawberry Mango<\/strong> \u0142\u0105czy tropikaln\u0105 s\u0142odycz mango z soczystymi truskawkami, tworz\u0105c nieodparte doznania smakowe do 40 000 zaci\u0105gni\u0119\u0107. Wyposa\u017cony w akumulator typu C o pojemno\u015bci 1000 mAh, 20 ml owocowego e-cieczy i inteligentny wy\u015bwietlacz wykrywaj\u0105cy rytm 270\u00b0. Dwa tryby pary, wysokiej jako\u015bci technologia cewki siatkowej i chipy S.i.L.C Dual MCU. Moc nikotyny: 5% (50 mg).<\/p>","protected":false},"featured_media":941,"comment_status":"open","ping_status":"closed","template":"","meta":{"_acf_changed":false},"product_brand":[],"product_cat":[32],"product_tag":[],"class_list":{"0":"post-938","1":"product","2":"type-product","3":"status-publish","4":"has-post-thumbnail","6":"product_cat-vozol-rave-40000","8":"first","9":"instock","10":"shipping-taxable","11":"purchasable","12":"product-type-variable"},"acf":[],"_links":{"self":[{"href":"https:\/\/vozolpuff.de\/pl\/wp-json\/wp\/v2\/product\/938","targetHints":{"allow":["GET"]}}],"collection":[{"href":"https:\/\/vozolpuff.de\/pl\/wp-json\/wp\/v2\/product"}],"about":[{"href":"https:\/\/vozolpuff.de\/pl\/wp-json\/wp\/v2\/types\/product"}],"replies":[{"embeddable":true,"href":"https:\/\/vozolpuff.de\/pl\/wp-json\/wp\/v2\/comments?post=938"}],"wp:featuredmedia":[{"embeddable":true,"href":"https:\/\/vozolpuff.de\/pl\/wp-json\/wp\/v2\/media\/941"}],"wp:attachment":[{"href":"https:\/\/vozolpuff.de\/pl\/wp-json\/wp\/v2\/media?parent=938"}],"wp:term":[{"taxonomy":"product_brand","embeddable":true,"href":"https:\/\/vozolpuff.de\/pl\/wp-json\/wp\/v2\/product_brand?post=938"},{"taxonomy":"product_cat","embeddable":true,"href":"https:\/\/vozolpuff.de\/pl\/wp-json\/wp\/v2\/product_cat?post=938"},{"taxonomy":"product_tag","embeddable":true,"href":"https:\/\/vozolpuff.de\/pl\/wp-json\/wp\/v2\/product_tag?post=938"}],"curies":[{"name":"wp","href":"https:\/\/api.w.org\/{rel}","templated":true}]}}