{"id":948,"date":"2025-08-24T15:44:49","date_gmt":"2025-08-24T13:44:49","guid":{"rendered":"https:\/\/vozolpuff.de\/?post_type=product&#038;p=948"},"modified":"2026-01-15T11:53:14","modified_gmt":"2026-01-15T10:53:14","slug":"vozol-rave-40000-double-apple","status":"publish","type":"product","link":"https:\/\/vozolpuff.de\/pl\/produkt\/vozol-rave-40000-double-apple\/","title":{"rendered":"Vozol Rave 40000 Double Apple"},"content":{"rendered":"<h2 class=\"text-xl font-bold text-text-100 mt-1 -mb-0.5\">Jednorazowy e-papieros Vozol Rave 40000 Double Apple<\/h2>\n<p class=\"whitespace-normal break-words\">Zanurz si\u0119 w klasycznym smaku podw\u00f3jnego jab\u0142ka z jednorazowym Vape VOZOL RAVE 40000 Double Apple. Ten wysokiej jako\u015bci jednorazowy e-papieros \u0142\u0105czy w sobie nuty zielonego i czerwonego jab\u0142ka, tworz\u0105c harmonijny profil smakowy, kt\u00f3ry zachwyci zar\u00f3wno tradycjonalist\u00f3w, jak i nowicjuszy. Dzi\u0119ki rewolucyjnej technologii wykrywania rytmu 270\u00b0 i dw\u00f3m r\u00f3\u017cnym trybom wypalania, ka\u017cde zaci\u0105gni\u0119cie si\u0119 jest spersonalizowanym do\u015bwiadczeniem. Wytrzyma\u0142a bateria 1000 mAh gwarantuje d\u0142ugotrwa\u0142\u0105 wydajno\u015b\u0107 przez ca\u0142y okres u\u017cytkowania wynosz\u0105cy 40 000 zaci\u0105gni\u0119\u0107.<\/p>\n<h3 class=\"text-lg font-bold text-text-100 mt-1 -mb-1.5\">Funkcje specjalne Double Apple:<\/h3>\n<p class=\"whitespace-normal break-words\"><strong>Obj\u0119to\u015b\u0107 aromatu:<\/strong> 20 ml autentycznego p\u0142ynu Double Apple Liquid<br \/>\n<strong>\u0179r\u00f3d\u0142o zasilania:<\/strong> Wydajna bateria 1000 mAh z portem USB-C<br \/>\n<strong>Wydajno\u015b\u0107 waporyzacji:<\/strong> Maksymalnie 40 000 zaci\u0105gni\u0119\u0107 (tryb Eco) | 25 000 zaci\u0105gni\u0119\u0107 (tryb Turbo)<br \/>\n<strong>Poziom nikotyny:<\/strong> 5% (50 mg) dla pe\u0142nej przyjemno\u015bci.<br \/>\n<strong>Innowacyjna cewka:<\/strong> Siatkowy element grzewczy zapewniaj\u0105cy czysty smak<br \/>\n<strong>Regulacja przep\u0142ywu:<\/strong> Precyzyjnie regulowany ci\u0105g<br \/>\n<strong>Monitor stanu:<\/strong> Wy\u015bwietlacz LED wy\u015bwietlaj\u0105cy wszystkie wa\u017cne informacje<br \/>\n<strong>Technologia czujnik\u00f3w:<\/strong> Wykrywanie uderze\u0144 270\u00b0 z dynamicznym wy\u015bwietlaczem<br \/>\n<strong>Tryby waporyzacji:<\/strong> Dost\u0119pne ustawienia Eco i turbo<br \/>\n<strong>Jednostka przetwarzania:<\/strong> Innowacyjna architektura dwuprocesorowa S.i.L.C Tech<\/p>\n<h3 class=\"text-lg font-bold text-text-100 mt-1 -mb-1.5\">Odkryj wi\u0119cej VOZOL VAPE na vozolpuff<\/h3>\n<p class=\"whitespace-normal break-words\">Odkryj wi\u0119cej <strong><a class=\"underline\" href=\"https:\/\/vozolpuff.de\/pl\/\">Produkty VOZOL<\/a><\/strong> w naszym asortymencie lub przejrzyj nasz\u0105 pe\u0142n\u0105 ofert\u0119 <strong><a class=\"underline\" href=\"https:\/\/vozolpuff.de\/pl\/product-category\/vozol-vape\/\">Kategoria VOZOL VAPE<\/a><\/strong>. Wszystkie dost\u0119pne smaki mo\u017cna znale\u017a\u0107 w naszym <strong><a class=\"underline\" href=\"https:\/\/vozolpuff.de\/pl\/product-category\/vozol-vape\/vozol-rave-40000\/\">Kolekcja Vozol Rave 40000<\/a><\/strong>.<\/p>","protected":false},"excerpt":{"rendered":"<p>The <strong>Jednorazowy e-papieros VOZOL RAVE 40000 Double Apple<\/strong> \u0142\u0105czy nuty zielonego i czerwonego jab\u0142ka, tworz\u0105c harmonijny, klasyczny profil smakowy do 40 000 zaci\u0105gni\u0119\u0107. Wyposa\u017cony w wytrzyma\u0142\u0105 bateri\u0119 USB-C o pojemno\u015bci 1000 mAh, 20 ml autentycznego p\u0142ynu Double Apple Liquid i rewolucyjn\u0105 technologi\u0119 wykrywania uderze\u0144 270\u00b0. Dwa tryby palenia, siatkowy element grzewczy i innowacyjna architektura dwuprocesorowa S.i.L.C Tech. Poziom nikotyny: 5% (50 mg).<\/p>","protected":false},"featured_media":951,"comment_status":"open","ping_status":"closed","template":"","meta":{"_acf_changed":false},"product_brand":[],"product_cat":[32],"product_tag":[],"class_list":{"0":"post-948","1":"product","2":"type-product","3":"status-publish","4":"has-post-thumbnail","6":"product_cat-vozol-rave-40000","8":"first","9":"instock","10":"shipping-taxable","11":"purchasable","12":"product-type-variable"},"acf":[],"_links":{"self":[{"href":"https:\/\/vozolpuff.de\/pl\/wp-json\/wp\/v2\/product\/948","targetHints":{"allow":["GET"]}}],"collection":[{"href":"https:\/\/vozolpuff.de\/pl\/wp-json\/wp\/v2\/product"}],"about":[{"href":"https:\/\/vozolpuff.de\/pl\/wp-json\/wp\/v2\/types\/product"}],"replies":[{"embeddable":true,"href":"https:\/\/vozolpuff.de\/pl\/wp-json\/wp\/v2\/comments?post=948"}],"wp:featuredmedia":[{"embeddable":true,"href":"https:\/\/vozolpuff.de\/pl\/wp-json\/wp\/v2\/media\/951"}],"wp:attachment":[{"href":"https:\/\/vozolpuff.de\/pl\/wp-json\/wp\/v2\/media?parent=948"}],"wp:term":[{"taxonomy":"product_brand","embeddable":true,"href":"https:\/\/vozolpuff.de\/pl\/wp-json\/wp\/v2\/product_brand?post=948"},{"taxonomy":"product_cat","embeddable":true,"href":"https:\/\/vozolpuff.de\/pl\/wp-json\/wp\/v2\/product_cat?post=948"},{"taxonomy":"product_tag","embeddable":true,"href":"https:\/\/vozolpuff.de\/pl\/wp-json\/wp\/v2\/product_tag?post=948"}],"curies":[{"name":"wp","href":"https:\/\/api.w.org\/{rel}","templated":true}]}}