{"id":968,"date":"2025-08-24T16:00:09","date_gmt":"2025-08-24T14:00:09","guid":{"rendered":"https:\/\/vozolpuff.de\/?post_type=product&#038;p=968"},"modified":"2026-01-15T11:52:26","modified_gmt":"2026-01-15T10:52:26","slug":"vozol-rave-40000-watermelon-razz-rancher","status":"publish","type":"product","link":"https:\/\/vozolpuff.de\/pl\/produkt\/vozol-rave-40000-watermelon-razz-rancher\/","title":{"rendered":"Vozol Rave 40000 Watermelon Razz Rancher"},"content":{"rendered":"<h2 class=\"text-xl font-bold text-text-100 mt-1 -mb-0.5\">Jednorazowy e-papieros Vozol Rave 40000 Watermelon Razz Rancher<\/h2>\n<p class=\"whitespace-normal break-words\">Odkryj wyj\u0105tkowy smak VOZOL RAVE 40000 Watermelon Razz Rancher - kreatywn\u0105 interpretacj\u0119 klasycznych smak\u00f3w cukierk\u00f3w w po\u0142\u0105czeniu ze \u015bwie\u017cym arbuzem. Ten innowacyjny jednorazowy e-papieros oferuje nostalgiczne doznania z cukierk\u00f3w w nowoczesnym wydaniu. Czu\u0142y wy\u015bwietlacz 270\u00b0 reaguje na rytm pary i zapewnia ci\u0105g\u0142e wizualne informacje zwrotne. Dzi\u0119ki zaawansowanej technologii chip\u00f3w S.i.L.C i dw\u00f3m trybom odpalania, ka\u017cde z 40 000 mo\u017cliwych zaci\u0105gni\u0119\u0107 staje si\u0119 smakow\u0105 atrakcj\u0105.<\/p>\n<h3 class=\"text-lg font-bold text-text-100 mt-1 -mb-1.5\">Technologia Watermelon Razz Rancher:<\/h3>\n<p class=\"whitespace-normal break-words\"><strong>Zbiornik aromatu:<\/strong> 20 ml intensywnej esencji Watermelon Razz Rancher Essence<br \/>\n<strong>Rdze\u0144 energetyczny:<\/strong> Bateria litowo-polimerowa 1000 mAh z interfejsem USB-C<br \/>\n<strong>Liczba sesji:<\/strong> Maksymalnie 40 000 zaci\u0105gni\u0119\u0107 (ustawienie Relax) | 25 000 zaci\u0105gni\u0119\u0107 (ustawienie Extreme)<br \/>\n<strong>Moc alkaloid\u00f3w:<\/strong> 5% (50 mg) dla mocnego uderzenia w gard\u0142o<br \/>\n<strong>Silnik Vape:<\/strong> Zaawansowana technologia cewek siatkowych<br \/>\n<strong>Przep\u0142yw oddechu:<\/strong> Wielostopniowa regulacja przep\u0142ywu powietrza<br \/>\n<strong>Ekran danych:<\/strong> Inteligentny wy\u015bwietlacz stanu<br \/>\n<strong>Czujnik rytmu:<\/strong> Rozpoznawanie rytmu 270\u00b0 z dynamicznym wy\u015bwietlaczem<br \/>\n<strong>Profile zasilania:<\/strong> Relaks i ekstremalne ustawienia wydajno\u015bci<br \/>\n<strong>P\u0142ytka logiczna:<\/strong> Najnowocze\u015bniejsza technologia S.i.L.C Dual MCU Array<\/p>\n<h3 class=\"text-lg font-bold text-text-100 mt-1 -mb-1.5\">Odkryj wi\u0119cej VOZOL VAPE na vozolpuff<\/h3>\n<p class=\"whitespace-normal break-words\">Odkryj wi\u0119cej <strong><a class=\"underline\" href=\"https:\/\/vozolpuff.de\/pl\/\">Produkty VOZOL<\/a><\/strong> w naszym asortymencie lub przejrzyj nasz\u0105 pe\u0142n\u0105 ofert\u0119 <strong><a class=\"underline\" href=\"https:\/\/vozolpuff.de\/pl\/product-category\/vozol-vape\/\">Kategoria VOZOL VAPE<\/a><\/strong>. Wszystkie dost\u0119pne smaki mo\u017cna znale\u017a\u0107 w naszym <strong><a class=\"underline\" href=\"https:\/\/vozolpuff.de\/pl\/product-category\/vozol-vape\/vozol-rave-40000\/\">Kolekcja Vozol Rave 40000<\/a><\/strong>.<\/p>","protected":false},"excerpt":{"rendered":"<p>Jednorazowy waporyzator VOZOL RAVE 40000 Watermelon Razz Rancher \u0142\u0105czy w sobie nostalgiczne smaki s\u0142odyczy ze \u015bwie\u017cym arbuzem, tworz\u0105c wyj\u0105tkowe doznania smakowe. Posiada do 40 000 zaci\u0105gni\u0119\u0107, wy\u015bwietlacz 270\u00b0, bateri\u0119 1000 mAh i technologi\u0119 S.i.L.C dual MCU zapewniaj\u0105c\u0105 intensywny smak.<\/p>","protected":false},"featured_media":971,"comment_status":"open","ping_status":"closed","template":"","meta":{"_acf_changed":false},"product_brand":[],"product_cat":[32],"product_tag":[],"class_list":{"0":"post-968","1":"product","2":"type-product","3":"status-publish","4":"has-post-thumbnail","6":"product_cat-vozol-rave-40000","8":"first","9":"instock","10":"shipping-taxable","11":"purchasable","12":"product-type-variable"},"acf":[],"_links":{"self":[{"href":"https:\/\/vozolpuff.de\/pl\/wp-json\/wp\/v2\/product\/968","targetHints":{"allow":["GET"]}}],"collection":[{"href":"https:\/\/vozolpuff.de\/pl\/wp-json\/wp\/v2\/product"}],"about":[{"href":"https:\/\/vozolpuff.de\/pl\/wp-json\/wp\/v2\/types\/product"}],"replies":[{"embeddable":true,"href":"https:\/\/vozolpuff.de\/pl\/wp-json\/wp\/v2\/comments?post=968"}],"wp:featuredmedia":[{"embeddable":true,"href":"https:\/\/vozolpuff.de\/pl\/wp-json\/wp\/v2\/media\/971"}],"wp:attachment":[{"href":"https:\/\/vozolpuff.de\/pl\/wp-json\/wp\/v2\/media?parent=968"}],"wp:term":[{"taxonomy":"product_brand","embeddable":true,"href":"https:\/\/vozolpuff.de\/pl\/wp-json\/wp\/v2\/product_brand?post=968"},{"taxonomy":"product_cat","embeddable":true,"href":"https:\/\/vozolpuff.de\/pl\/wp-json\/wp\/v2\/product_cat?post=968"},{"taxonomy":"product_tag","embeddable":true,"href":"https:\/\/vozolpuff.de\/pl\/wp-json\/wp\/v2\/product_tag?post=968"}],"curies":[{"name":"wp","href":"https:\/\/api.w.org\/{rel}","templated":true}]}}