{"id":978,"date":"2025-08-24T16:07:12","date_gmt":"2025-08-24T14:07:12","guid":{"rendered":"https:\/\/vozolpuff.de\/?post_type=product&#038;p=978"},"modified":"2026-04-26T04:52:47","modified_gmt":"2026-04-26T02:52:47","slug":"vozol-rave-40000-love-777","status":"publish","type":"product","link":"https:\/\/vozolpuff.de\/pl\/produkt\/vozol-rave-40000-love-777\/","title":{"rendered":"Vozol Rave 40000 Love 777"},"content":{"rendered":"<h2 class=\"text-xl font-bold text-text-100 mt-1 -mb-0.5\">Vozol Rave 40000 Love 777 Jednorazowy e-papieros<\/h2>\n<p class=\"whitespace-normal break-words\">Poznaj tajemniczy aromat Love 777 dzi\u0119ki VOZOL RAVE 40000 Love 777 Limited Edition. Ten ekskluzywny jednorazowy e-papieros oferuje wyj\u0105tkowy, z\u0142o\u017cony profil smakowy, kt\u00f3ry zapewnia szcz\u0119\u015bcie i pasj\u0119 w ka\u017cdym zaci\u0105gni\u0119ciu. Spektakularny wy\u015bwietlacz 270\u00b0 Beat-Sensing z efektami 3D sprawia, \u017ce ka\u017cda sesja staje si\u0119 wizualn\u0105 uczt\u0105. W po\u0142\u0105czeniu z najnowsz\u0105 technologi\u0105 S.i.L.C Dual-MCU i wydajn\u0105 bateri\u0105 1000 mAh, Love 777 stanie si\u0119 Twoim idealnym partnerem do wapowania, zapewniaj\u0105cym nawet 40 000 niezapomnianych zaci\u0105gni\u0119\u0107.<\/p>\n<h3 class=\"text-lg font-bold text-text-100 mt-1 -mb-1.5\">Funkcje premium Love 777:<\/h3>\n<p class=\"whitespace-normal break-words\"><strong>Tajemniczy smak:<\/strong> 20 ml ekskluzywnego p\u0142ynu Love 777 Signature<br \/>\n<strong>Wydajno\u015b\u0107 baterii:<\/strong> Akumulator klasy profesjonalnej o pojemno\u015bci 1000 mAh z funkcj\u0105 szybkiego \u0142adowania<br \/>\n<strong>Puffy Lifetime:<\/strong> Maksymalnie 40 000 ruch\u00f3w (styl klasyczny) | 25 000 ruch\u00f3w (styl intensywny)<br \/>\n<strong>Formu\u0142a nikotynowa:<\/strong> 5% (50 mg) Mieszanka nikotyny premium<br \/>\n<strong>Doskona\u0142o\u015b\u0107 w zakresie cewek:<\/strong> Elementy grzewcze z siatki ultra premium<br \/>\n<strong>Precyzja przep\u0142ywu powietrza:<\/strong> System mikro regulacji przep\u0142ywu powietrza<br \/>\n<strong>Magia wy\u015bwietlacza:<\/strong> Krystalicznie czysty interfejs cyfrowy<br \/>\n<strong>Symfonia rytm\u00f3w:<\/strong> 270\u00b0 Rhythmic-Sensing z efektami specjalnymi<br \/>\n<strong>Tryby do\u015bwiadczenia:<\/strong> Klasyczne i intensywne doznania podczas wapowania<br \/>\n<strong>Tech-Heart:<\/strong> Technologia Next-Gen S.i.L.C Podw\u00f3jny procesor MCU<\/p>\n<h3 class=\"text-lg font-bold text-text-100 mt-1 -mb-1.5\">Odkryj wi\u0119cej VOZOL VAPE na vozolpuff<\/h3>\n<p class=\"whitespace-normal break-words\">Odkryj wi\u0119cej <strong><a class=\"underline\" href=\"https:\/\/vozolpuff.de\/pl\/\">Produkty VOZOL<\/a><\/strong> w naszym asortymencie lub przejrzyj nasz\u0105 pe\u0142n\u0105 ofert\u0119 <strong><a class=\"underline\" href=\"https:\/\/vozolpuff.de\/pl\/product-category\/vozol-vape\/\">Kategoria VOZOL VAPE<\/a><\/strong>. Wszystkie dost\u0119pne smaki mo\u017cna znale\u017a\u0107 w naszym <strong><a class=\"underline\" href=\"https:\/\/vozolpuff.de\/pl\/product-category\/vozol-vape\/vozol-rave-40000\/\">Kolekcja Vozol Rave 40000<\/a><\/strong>.<\/p>","protected":false},"excerpt":{"rendered":"<p>Jednorazowy vape VOZOL RAVE 40000 Love 777 oferuje tajemnicze, ekskluzywne doznania smakowe w limitowanej edycji. A\u017c do 40 000 zaci\u0105gni\u0119\u0107, spektakularny wy\u015bwietlacz 270\u00b0 Beat z efektami 3D, bateria 1000 mAh i technologia S.i.L.C Dual-MCU zapewniaj\u0105 niezapomniane wra\u017cenia.<\/p>","protected":false},"featured_media":981,"comment_status":"open","ping_status":"closed","template":"","meta":{"_acf_changed":false},"product_brand":[],"product_cat":[32],"product_tag":[],"class_list":{"0":"post-978","1":"product","2":"type-product","3":"status-publish","4":"has-post-thumbnail","6":"product_cat-vozol-rave-40000","8":"first","9":"instock","10":"shipping-taxable","11":"purchasable","12":"product-type-variable"},"acf":[],"_links":{"self":[{"href":"https:\/\/vozolpuff.de\/pl\/wp-json\/wp\/v2\/product\/978","targetHints":{"allow":["GET"]}}],"collection":[{"href":"https:\/\/vozolpuff.de\/pl\/wp-json\/wp\/v2\/product"}],"about":[{"href":"https:\/\/vozolpuff.de\/pl\/wp-json\/wp\/v2\/types\/product"}],"replies":[{"embeddable":true,"href":"https:\/\/vozolpuff.de\/pl\/wp-json\/wp\/v2\/comments?post=978"}],"wp:featuredmedia":[{"embeddable":true,"href":"https:\/\/vozolpuff.de\/pl\/wp-json\/wp\/v2\/media\/981"}],"wp:attachment":[{"href":"https:\/\/vozolpuff.de\/pl\/wp-json\/wp\/v2\/media?parent=978"}],"wp:term":[{"taxonomy":"product_brand","embeddable":true,"href":"https:\/\/vozolpuff.de\/pl\/wp-json\/wp\/v2\/product_brand?post=978"},{"taxonomy":"product_cat","embeddable":true,"href":"https:\/\/vozolpuff.de\/pl\/wp-json\/wp\/v2\/product_cat?post=978"},{"taxonomy":"product_tag","embeddable":true,"href":"https:\/\/vozolpuff.de\/pl\/wp-json\/wp\/v2\/product_tag?post=978"}],"curies":[{"name":"wp","href":"https:\/\/api.w.org\/{rel}","templated":true}]}}