{"id":989,"date":"2025-08-24T16:25:12","date_gmt":"2025-08-24T14:25:12","guid":{"rendered":"https:\/\/vozolpuff.de\/?post_type=product&#038;p=989"},"modified":"2026-01-15T11:51:36","modified_gmt":"2026-01-15T10:51:36","slug":"vozol-rave-40000-blueberry-storm","status":"publish","type":"product","link":"https:\/\/vozolpuff.de\/pl\/produkt\/vozol-rave-40000-blueberry-storm\/","title":{"rendered":"Vozol Rave 40000 Blueberry Storm"},"content":{"rendered":"<h2 class=\"text-xl font-bold text-text-100 mt-1 -mb-0.5\">Vozol Rave 40000 Blueberry Storm jednorazowy vape<\/h2>\n<p class=\"whitespace-normal break-words\">Do\u015bwiadcz intensywnej jagodowej burzy VOZOL RAVE 40000, w kt\u00f3rej s\u0142odkie jagody spotykaj\u0105 si\u0119 z orze\u017awiaj\u0105c\u0105 intensywno\u015bci\u0105 burzy. Ten wysokiej jako\u015bci jednorazowy waporyzator \u0142\u0105czy w sobie do 40 000 zaci\u0105gni\u0119\u0107 par\u0105 z najnowocze\u015bniejsz\u0105 technologi\u0105 wy\u015bwietlania. Akumulator o pojemno\u015bci 1000 mAh zapewnia d\u0142ugotrwa\u0142e sesje waporyzacji ze sta\u0142\u0105 moc\u0105.<\/p>\n<h3 class=\"text-lg font-bold text-text-100 mt-1 -mb-1.5\">Specyfikacja wariantu Blueberry Storm:<\/h3>\n<p class=\"whitespace-normal break-words\"><strong>Pojemno\u015b\u0107 cieczy:<\/strong> 20 ml intensywnie jagodowej kompozycji<br \/>\n<strong>Zasilanie bateryjne:<\/strong> 1000 mAh z mo\u017cliwo\u015bci\u0105 \u0142adowania przez USB-C<br \/>\n<strong>Liczba zaci\u0105gni\u0119\u0107:<\/strong> Oko\u0142o 40 000 ruch\u00f3w (tryb zwyk\u0142y) | 25 000 ruch\u00f3w (tryb boost)<br \/>\n<strong>Poziom nikotyny:<\/strong> 5% (50 mg) dla silnego efektu<br \/>\n<strong>Vaporiser Tech:<\/strong> Siatkowy system cewek zapewniaj\u0105cy czysty smak<br \/>\n<strong>Kontrola przep\u0142ywu powietrza:<\/strong> Indywidualnie dostosowywany op\u00f3r powietrza<br \/>\n<strong>Funkcja wy\u015bwietlania:<\/strong> Cyfrowy wy\u015bwietlacz do monitorowania stanu<br \/>\n<strong>Czujnik 270\u00b0:<\/strong> Technologia rozpoznawania rytmu z informacj\u0105 zwrotn\u0105 na \u017cywo<br \/>\n<strong>Tryby strzelania:<\/strong> Dwa r\u00f3\u017cne poziomy intensywno\u015bci<br \/>\n<strong>Procesor:<\/strong> Technologia Dual MCU S.i.L.C.<\/p>\n<h3 class=\"text-lg font-bold text-text-100 mt-1 -mb-1.5\">Odkryj wi\u0119cej VOZOL VAPE na vozolpuff<\/h3>\n<p class=\"whitespace-normal break-words\">Odkryj wi\u0119cej wysokiej jako\u015bci e-papieros\u00f3w na naszej stronie <strong><a class=\"underline\" href=\"https:\/\/vozolpuff.de\/pl\/\">Strona g\u0142\u00f3wna<\/a><\/strong>zapoznaj si\u0119 z pe\u0142n\u0105 <strong><a class=\"underline\" href=\"https:\/\/vozolpuff.de\/pl\/product-category\/vozol-vape\/\">Kolekcja VOZOL VAPE<\/a><\/strong> lub przejrze\u0107 wszystkie dost\u0119pne <strong><a class=\"underline\" href=\"https:\/\/vozolpuff.de\/pl\/product-category\/vozol-vape\/vozol-rave-40000\/\">Vozol Rave 40000 smak\u00f3w<\/a><\/strong>.<\/p>","protected":false},"excerpt":{"rendered":"<p>Jednorazowy waporyzator VOZOL RAVE 40000 Blueberry Storm oferuje intensywny smak jag\u00f3d z orze\u017awiaj\u0105c\u0105 intensywno\u015bci\u0105 burzy. Posiada do 40 000 zaci\u0105gni\u0119\u0107, wy\u015bwietlacz z czujnikiem bicia 270\u00b0, akumulator o pojemno\u015bci 1000 mAh i technologi\u0119 podw\u00f3jnego MCU zapewniaj\u0105c\u0105 pot\u0119\u017cne sesje waporyzacji.<\/p>","protected":false},"featured_media":991,"comment_status":"open","ping_status":"closed","template":"","meta":{"_acf_changed":false},"product_brand":[],"product_cat":[32],"product_tag":[],"class_list":{"0":"post-989","1":"product","2":"type-product","3":"status-publish","4":"has-post-thumbnail","6":"product_cat-vozol-rave-40000","8":"first","9":"instock","10":"shipping-taxable","11":"purchasable","12":"product-type-variable"},"acf":[],"_links":{"self":[{"href":"https:\/\/vozolpuff.de\/pl\/wp-json\/wp\/v2\/product\/989","targetHints":{"allow":["GET"]}}],"collection":[{"href":"https:\/\/vozolpuff.de\/pl\/wp-json\/wp\/v2\/product"}],"about":[{"href":"https:\/\/vozolpuff.de\/pl\/wp-json\/wp\/v2\/types\/product"}],"replies":[{"embeddable":true,"href":"https:\/\/vozolpuff.de\/pl\/wp-json\/wp\/v2\/comments?post=989"}],"wp:featuredmedia":[{"embeddable":true,"href":"https:\/\/vozolpuff.de\/pl\/wp-json\/wp\/v2\/media\/991"}],"wp:attachment":[{"href":"https:\/\/vozolpuff.de\/pl\/wp-json\/wp\/v2\/media?parent=989"}],"wp:term":[{"taxonomy":"product_brand","embeddable":true,"href":"https:\/\/vozolpuff.de\/pl\/wp-json\/wp\/v2\/product_brand?post=989"},{"taxonomy":"product_cat","embeddable":true,"href":"https:\/\/vozolpuff.de\/pl\/wp-json\/wp\/v2\/product_cat?post=989"},{"taxonomy":"product_tag","embeddable":true,"href":"https:\/\/vozolpuff.de\/pl\/wp-json\/wp\/v2\/product_tag?post=989"}],"curies":[{"name":"wp","href":"https:\/\/api.w.org\/{rel}","templated":true}]}}