{"id":994,"date":"2025-08-24T16:29:26","date_gmt":"2025-08-24T14:29:26","guid":{"rendered":"https:\/\/vozolpuff.de\/?post_type=product&#038;p=994"},"modified":"2026-01-15T11:51:24","modified_gmt":"2026-01-15T10:51:24","slug":"vozol-rave-40000-mixed-berries","status":"publish","type":"product","link":"https:\/\/vozolpuff.de\/pl\/produkt\/vozol-rave-40000-mixed-berries\/","title":{"rendered":"Vozol Rave 40000 Mieszane jagody"},"content":{"rendered":"<h2 class=\"text-xl font-bold text-text-100 mt-1 -mb-0.5\">Vozol Rave 40000 Mixed Berries Jednorazowy vape<\/h2>\n<p class=\"whitespace-normal break-words\">Jednorazowy vape VOZOL RAVE 40000 Mixed Berries to harmonijna symfonia r\u00f3\u017cnych rodzaj\u00f3w jag\u00f3d. Truskawki, je\u017cyny, maliny i bor\u00f3wki \u0142\u0105cz\u0105 si\u0119 w z\u0142o\u017cony profil smakowy. Dzi\u0119ki zaawansowanej technologii wy\u015bwietlacza 3D i nawet 40 000 zaci\u0105gni\u0119\u0107 urz\u0105dzenie to zapewnia najwy\u017cszej jako\u015bci wra\u017cenia podczas wapowania.<\/p>\n<h3 class=\"text-lg font-bold text-text-100 mt-1 -mb-1.5\">Cechy edycji Mixed Berries:<\/h3>\n<p class=\"whitespace-normal break-words\"><strong>Ilo\u015b\u0107 e-liquidu:<\/strong> 20 ml wielowarstwowej mieszanki jagodowej<br \/>\n<strong>Specyfikacja baterii:<\/strong> 1000 mAh z funkcj\u0105 \u0142adowania typu C<br \/>\n<strong>Pojemno\u015b\u0107 poci\u0105gu:<\/strong> Maksymalnie 40 000 (tryb normalny) | 25 000 (tryb turbo)<br \/>\n<strong>Si\u0142a nikotyny:<\/strong> 5% (50 mg) dla wyra\u017anego uderzenia w gard\u0142o<br \/>\n<strong>Element grzejny:<\/strong> Wysokiej jako\u015bci cewki siatkowe zapewniaj\u0105ce autentyczny smak pary<br \/>\n<strong>System przep\u0142ywu powietrza:<\/strong> Regulacja zmiennego przep\u0142ywu powietrza<br \/>\n<strong>Wy\u015bwietlacz monitora:<\/strong> Monitorowanie baterii i poziomu na\u0142adowania w czasie rzeczywistym<br \/>\n<strong>Technologia czujnik\u00f3w:<\/strong> Wykrywanie uderze\u0144 270\u00b0 z dynamicznym wy\u015bwietlaczem<br \/>\n<strong>Wyb\u00f3r mody:<\/strong> Ustawienia standardowe i wysokowydajne<br \/>\n<strong>Kontroler:<\/strong> Podw\u00f3jne uk\u0142ady MCU z technologi\u0105 S.i.L.C.<\/p>\n<h3 class=\"text-lg font-bold text-text-100 mt-1 -mb-1.5\">Odkryj wi\u0119cej VOZOL VAPE na vozolpuff<\/h3>\n<p class=\"whitespace-normal break-words\">Odkryj wi\u0119cej wysokiej jako\u015bci e-papieros\u00f3w na naszej stronie <strong><a class=\"underline\" href=\"https:\/\/vozolpuff.de\/pl\/\">Strona g\u0142\u00f3wna<\/a><\/strong>zapoznaj si\u0119 z pe\u0142n\u0105 <strong><a class=\"underline\" href=\"https:\/\/vozolpuff.de\/pl\/product-category\/vozol-vape\/\">Kolekcja VOZOL VAPE<\/a><\/strong> lub przejrze\u0107 wszystkie dost\u0119pne <strong><a class=\"underline\" href=\"https:\/\/vozolpuff.de\/pl\/product-category\/vozol-vape\/vozol-rave-40000\/\">Vozol Rave 40000 smak\u00f3w<\/a><\/strong>.<\/p>","protected":false},"excerpt":{"rendered":"<p>Jednorazowy vape VOZOL RAVE 40000 Mixed Berries \u0142\u0105czy truskawki, je\u017cyny, maliny i jagody w harmonijn\u0105 symfoni\u0119 owoc\u00f3w le\u015bnych. Do 40 000 zaci\u0105gni\u0119\u0107, zaawansowana technologia wy\u015bwietlacza 3D, bateria 1000 mAh i cewki Premium Mesh zapewniaj\u0105ce z\u0142o\u017cony smak.<\/p>","protected":false},"featured_media":997,"comment_status":"open","ping_status":"closed","template":"","meta":{"_acf_changed":false},"product_brand":[],"product_cat":[32],"product_tag":[],"class_list":{"0":"post-994","1":"product","2":"type-product","3":"status-publish","4":"has-post-thumbnail","6":"product_cat-vozol-rave-40000","8":"first","9":"instock","10":"shipping-taxable","11":"purchasable","12":"product-type-variable"},"acf":[],"_links":{"self":[{"href":"https:\/\/vozolpuff.de\/pl\/wp-json\/wp\/v2\/product\/994","targetHints":{"allow":["GET"]}}],"collection":[{"href":"https:\/\/vozolpuff.de\/pl\/wp-json\/wp\/v2\/product"}],"about":[{"href":"https:\/\/vozolpuff.de\/pl\/wp-json\/wp\/v2\/types\/product"}],"replies":[{"embeddable":true,"href":"https:\/\/vozolpuff.de\/pl\/wp-json\/wp\/v2\/comments?post=994"}],"wp:featuredmedia":[{"embeddable":true,"href":"https:\/\/vozolpuff.de\/pl\/wp-json\/wp\/v2\/media\/997"}],"wp:attachment":[{"href":"https:\/\/vozolpuff.de\/pl\/wp-json\/wp\/v2\/media?parent=994"}],"wp:term":[{"taxonomy":"product_brand","embeddable":true,"href":"https:\/\/vozolpuff.de\/pl\/wp-json\/wp\/v2\/product_brand?post=994"},{"taxonomy":"product_cat","embeddable":true,"href":"https:\/\/vozolpuff.de\/pl\/wp-json\/wp\/v2\/product_cat?post=994"},{"taxonomy":"product_tag","embeddable":true,"href":"https:\/\/vozolpuff.de\/pl\/wp-json\/wp\/v2\/product_tag?post=994"}],"curies":[{"name":"wp","href":"https:\/\/api.w.org\/{rel}","templated":true}]}}