{"id":999,"date":"2025-08-24T16:32:03","date_gmt":"2025-08-24T14:32:03","guid":{"rendered":"https:\/\/vozolpuff.de\/?post_type=product&#038;p=999"},"modified":"2026-01-15T11:51:11","modified_gmt":"2026-01-15T10:51:11","slug":"vozol-rave-40000-cherry-cola","status":"publish","type":"product","link":"https:\/\/vozolpuff.de\/pl\/produkt\/vozol-rave-40000-cherry-cola\/","title":{"rendered":"Vozol Rave 40000 Cherry Cola"},"content":{"rendered":"<h2 class=\"text-xl font-bold text-text-100 mt-1 -mb-0.5\">Vozol Rave 40000 Cherry Cola jednorazowy vape<\/h2>\n<p class=\"whitespace-normal break-words\">Ciesz si\u0119 nostalgicznym po\u0142\u0105czeniem s\u0142odkich wi\u015bni i klasycznej coli z VOZOL RAVE 40000 Cherry Cola. Ten wyj\u0105tkowy smak \u0142\u0105czy owocowy smak wi\u015bni z kultowym gazowanym smakiem coli. Innowacyjny wy\u015bwietlacz wykrywaj\u0105cy rytm dynamicznie reaguje na ka\u017cde zaci\u0105gni\u0119cie i zamienia wapowanie w wielozmys\u0142owe do\u015bwiadczenie.<\/p>\n<h3 class=\"text-lg font-bold text-text-100 mt-1 -mb-1.5\">Szczeg\u00f3\u0142y techniczne wersji Cherry Cola:<\/h3>\n<p class=\"whitespace-normal break-words\"><strong>Obj\u0119to\u015b\u0107 nape\u0142niania:<\/strong> 20 ml autentycznej mieszanki wi\u015bniowej coli<br \/>\n<strong>Jednostka zasilaj\u0105ca:<\/strong> Bateria litowa 1000 mAh z portem USB-C<br \/>\n<strong>Wydajno\u015b\u0107 pary:<\/strong> Do 40 000 wdech\u00f3w (tryb eco) | 25 000 (tryb performance)<br \/>\n<strong>st\u0119\u017cenie nikotyny:<\/strong> 5% (50 mg) dla wyrazistego smaku<br \/>\n<strong>Konstrukcja cewki:<\/strong> Technologia siatki dla rozwoju czystego smaku<br \/>\n<strong>Odporno\u015b\u0107 na przeci\u0105gi:<\/strong> Regulowana kontrola przep\u0142ywu powietrza<br \/>\n<strong>Ekran informacji:<\/strong> Cyfrowy system monitorowania<br \/>\n<strong>Interaktywny wy\u015bwietlacz:<\/strong> Czujnik ruchu 270\u00b0 z wizualnym sprz\u0119\u017ceniem zwrotnym<br \/>\n<strong>Tryby zasilania:<\/strong> Podw\u00f3jne ustawienie dla r\u00f3\u017cnych mocy pary<br \/>\n<strong>Zestaw chip\u00f3w:<\/strong> Podw\u00f3jny system MCU od S.i.L.C Tech<\/p>\n<h3 class=\"text-lg font-bold text-text-100 mt-1 -mb-1.5\">Odkryj wi\u0119cej VOZOL VAPE na vozolpuff<\/h3>\n<p class=\"whitespace-normal break-words\">Odkryj wi\u0119cej wysokiej jako\u015bci e-papieros\u00f3w na naszej stronie <strong><a class=\"underline\" href=\"https:\/\/vozolpuff.de\/pl\/\">Strona g\u0142\u00f3wna<\/a><\/strong>zapoznaj si\u0119 z pe\u0142n\u0105 <strong><a class=\"underline\" href=\"https:\/\/vozolpuff.de\/pl\/product-category\/vozol-vape\/\">Kolekcja VOZOL VAPE<\/a><\/strong> lub przejrze\u0107 wszystkie dost\u0119pne <strong><a class=\"underline\" href=\"https:\/\/vozolpuff.de\/pl\/product-category\/vozol-vape\/vozol-rave-40000\/\">Vozol Rave 40000 smak\u00f3w<\/a><\/strong>.<\/p>","protected":false},"excerpt":{"rendered":"<p>Jednorazowy waporyzator VOZOL RAVE 40000 Cherry Cola \u0142\u0105czy s\u0142odkie wi\u015bnie z klasycznym smakiem coli, tworz\u0105c nostalgiczne doznania smakowe. Do 40 000 zaci\u0105gni\u0119\u0107, dynamiczny wy\u015bwietlacz wykrywaj\u0105cy rytm, bateria 1000 mAh i technologia siatki zapewniaj\u0105ca autentyczny smak wi\u015bniowej coli.<\/p>","protected":false},"featured_media":1001,"comment_status":"open","ping_status":"closed","template":"","meta":{"_acf_changed":false},"product_brand":[],"product_cat":[32],"product_tag":[],"class_list":{"0":"post-999","1":"product","2":"type-product","3":"status-publish","4":"has-post-thumbnail","6":"product_cat-vozol-rave-40000","8":"first","9":"instock","10":"shipping-taxable","11":"purchasable","12":"product-type-variable"},"acf":[],"_links":{"self":[{"href":"https:\/\/vozolpuff.de\/pl\/wp-json\/wp\/v2\/product\/999","targetHints":{"allow":["GET"]}}],"collection":[{"href":"https:\/\/vozolpuff.de\/pl\/wp-json\/wp\/v2\/product"}],"about":[{"href":"https:\/\/vozolpuff.de\/pl\/wp-json\/wp\/v2\/types\/product"}],"replies":[{"embeddable":true,"href":"https:\/\/vozolpuff.de\/pl\/wp-json\/wp\/v2\/comments?post=999"}],"wp:featuredmedia":[{"embeddable":true,"href":"https:\/\/vozolpuff.de\/pl\/wp-json\/wp\/v2\/media\/1001"}],"wp:attachment":[{"href":"https:\/\/vozolpuff.de\/pl\/wp-json\/wp\/v2\/media?parent=999"}],"wp:term":[{"taxonomy":"product_brand","embeddable":true,"href":"https:\/\/vozolpuff.de\/pl\/wp-json\/wp\/v2\/product_brand?post=999"},{"taxonomy":"product_cat","embeddable":true,"href":"https:\/\/vozolpuff.de\/pl\/wp-json\/wp\/v2\/product_cat?post=999"},{"taxonomy":"product_tag","embeddable":true,"href":"https:\/\/vozolpuff.de\/pl\/wp-json\/wp\/v2\/product_tag?post=999"}],"curies":[{"name":"wp","href":"https:\/\/api.w.org\/{rel}","templated":true}]}}