{"id":289,"date":"2025-08-21T09:36:49","date_gmt":"2025-08-21T07:36:49","guid":{"rendered":"https:\/\/vozolpuff.de\/?page_id=289"},"modified":"2025-08-21T09:58:28","modified_gmt":"2025-08-21T07:58:28","slug":"about","status":"publish","type":"page","link":"https:\/\/vozolpuff.de\/sv\/about\/","title":{"rendered":"Om"},"content":{"rendered":"<section class=\"section dark\" id=\"section_1560407271\">\n\t\t<div class=\"section-bg fill\" >\n\t\t\t<img loading=\"lazy\" decoding=\"async\" width=\"1024\" height=\"588\" src=\"https:\/\/vozolpuff.de\/wp-content\/uploads\/2025\/08\/\u5fae\u4fe1\u56fe\u7247_20250820223125.png\" class=\"bg attachment- size-\" alt=\"\" \/>\t\t\t\t\t\t<div class=\"section-bg-overlay absolute fill\"><\/div>\n\t\t\t\n\n\t\t<\/div>\n\n\t\t\n\n\t\t<div class=\"section-content relative\">\n\t\t\t\n\n<div class=\"row align-center\"  id=\"row-1445136403\">\n\n\n\t<div id=\"col-1264992217\" class=\"col medium-9 small-12 large-7\"  >\n\t\t\t\t<div class=\"col-inner text-center\"  >\n\t\t\t\n\t\t\t\n\n\t<div id=\"text-531917035\" class=\"text\">\n\t\t\n\n<h3>Om oss<\/h3>\n\t\t\n<style>\n#text-531917035 {\n  font-size: 2.75rem;\n  line-height: 1;\n}\n<\/style>\n\t<\/div>\n\t\n\t<div id=\"text-2694983444\" class=\"text\">\n\t\t\n\n<p><strong>Uppt\u00e4ck vozolpuff.co.uk, din f\u00f6rsta anl\u00f6pshamn f\u00f6r h\u00f6gkvalitativa eng\u00e5ngsprodukter f\u00f6r vaping online. Med sex \u00e5rs branscherfarenhet har vi etablerat oss som en p\u00e5litlig distribut\u00f6r f\u00f6r ledande varum\u00e4rken som Vozol, Waspe, Bang, JNR, RandM Tornado, Elf Box, Uwin, Vapsolo, Al Fakher och m\u00e5nga fler respekterade namn inom vapingindustrin. V\u00e5ra internationellt erk\u00e4nda produkter n\u00e5r kunder i m\u00e5nga l\u00e4nder \u00f6ver hela v\u00e4rlden.<\/strong><\/p>\n<p><strong>P\u00e5 vozolpuff.de betj\u00e4nar vi b\u00e5de detaljhandelskunder och grossister med ett omfattande utbud av eng\u00e5ngsl\u00f6sningar f\u00f6r vaping. V\u00e5rt fokus p\u00e5 enast\u00e5ende kvalitet och kundn\u00f6jdhet k\u00e4nnetecknar oss som en p\u00e5litlig och professionell vaping\u00e5terf\u00f6rs\u00e4ljare.<\/strong><\/p>\n<p><strong>Bl\u00e4ddra bland v\u00e5rt breda utbud av Vozol eng\u00e5ngsprodukter, RandM Tornado produkter, Vapsolo produkter, Elf Box produkter och andra premiumm\u00e4rken f\u00f6r att hitta den perfekta vapingl\u00f6sningen f\u00f6r dina individuella behov. Oavsett om du \u00e4r en erfaren vapingentusiast eller precis har b\u00f6rjat din vapingresa, har v\u00e5rt breda sortiment n\u00e5got f\u00f6r alla.<\/strong><\/p>\n<p><strong>V\u00e4lj vozolpuff.co.uk f\u00f6r en problemfri shoppingupplevelse, r\u00e4ttvisa priser och ett imponerande utbud av smaker och enheter som kommer att f\u00f6rb\u00e4ttra ditt vaping\u00e4ventyr. G\u00e5 med i v\u00e5ra n\u00f6jda kunder runt om i v\u00e4rlden och upplev den praktiska och tillfredsst\u00e4llelse som eng\u00e5ngsvape erbjuder.<\/strong><\/p>\n<p><strong>Revolutionera din vapingupplevelse med premium eng\u00e5ngsprodukter fr\u00e5n vozolpuff.co.uk. Best\u00e4ll idag och njut av vaping-perfektion n\u00e4r den \u00e4r som b\u00e4st!<\/strong><\/p>\n\t\t\n<style>\n#text-2694983444 {\n  font-size: 1.2rem;\n  line-height: 1.65;\n  color: rgb(255,255,255);\n}\n#text-2694983444 > * {\n  color: rgb(255,255,255);\n}\n<\/style>\n\t<\/div>\n\t\n\n\t\t<\/div>\n\t\t\t\t\t<\/div>\n\n\t\n\n<\/div>\n\n\t\t<\/div>\n\n\t\t\n<style>\n#section_1560407271 {\n  padding-top: 30px;\n  padding-bottom: 30px;\n  min-height: 600px;\n}\n#section_1560407271 .section-bg-overlay {\n  background-color: rgba(0, 0, 0, 0.4);\n}\n@media (min-width:850px) {\n  #section_1560407271 {\n    min-height: 900px;\n  }\n}\n<\/style>\n\t<\/section>","protected":false},"excerpt":{"rendered":"","protected":false},"author":1,"featured_media":0,"parent":0,"menu_order":0,"comment_status":"closed","ping_status":"closed","template":"","meta":{"_acf_changed":false,"footnotes":""},"class_list":["post-289","page","type-page","status-publish","hentry"],"acf":[],"_links":{"self":[{"href":"https:\/\/vozolpuff.de\/sv\/wp-json\/wp\/v2\/pages\/289","targetHints":{"allow":["GET"]}}],"collection":[{"href":"https:\/\/vozolpuff.de\/sv\/wp-json\/wp\/v2\/pages"}],"about":[{"href":"https:\/\/vozolpuff.de\/sv\/wp-json\/wp\/v2\/types\/page"}],"author":[{"embeddable":true,"href":"https:\/\/vozolpuff.de\/sv\/wp-json\/wp\/v2\/users\/1"}],"replies":[{"embeddable":true,"href":"https:\/\/vozolpuff.de\/sv\/wp-json\/wp\/v2\/comments?post=289"}],"version-history":[{"count":10,"href":"https:\/\/vozolpuff.de\/sv\/wp-json\/wp\/v2\/pages\/289\/revisions"}],"predecessor-version":[{"id":307,"href":"https:\/\/vozolpuff.de\/sv\/wp-json\/wp\/v2\/pages\/289\/revisions\/307"}],"wp:attachment":[{"href":"https:\/\/vozolpuff.de\/sv\/wp-json\/wp\/v2\/media?parent=289"}],"curies":[{"name":"wp","href":"https:\/\/api.w.org\/{rel}","templated":true}]}}