{"id":328,"date":"2025-08-21T10:43:16","date_gmt":"2025-08-21T08:43:16","guid":{"rendered":"https:\/\/vozolpuff.de\/?page_id=328"},"modified":"2025-08-21T10:43:18","modified_gmt":"2025-08-21T08:43:18","slug":"rueckgaberichtlinie","status":"publish","type":"page","link":"https:\/\/vozolpuff.de\/sv\/rueckgaberichtlinie\/","title":{"rendered":"Returpolicy"},"content":{"rendered":"<p><strong>\u00c5terkomsttider och allm\u00e4nna best\u00e4mmelser<\/strong><\/p>\n\n\n\n<ul class=\"wp-block-list\">\n<li><strong>Tidsram f\u00f6r \u00e5terl\u00e4mnande<\/strong>: 3 dagars returtid fr\u00e5n ink\u00f6psdatum<\/li>\n\n\n\n<li><strong>Leveranstider<\/strong>3 dagars leveranstid - kontrollera att varorna fungerar som de ska omedelbart efter ankomst<\/li>\n\n\n\n<li><strong>Tidsf\u00f6rlopp<\/strong>: Efter 3 dagar \u00e4r ingen \u00e5terbetalning eller byte m\u00f6jlig av n\u00e5gon anledning<\/li>\n\n\n\n<li><strong>\u00c4ndringar av ordern<\/strong>: Adress\u00e4ndringar kan g\u00f6ras fram till leverans via e-post till czhiwen97@gmail.com<\/li>\n\n\n\n<li><strong>Efter avs\u00e4ndande av varor<\/strong>Avbest\u00e4llning inte l\u00e4ngre m\u00f6jlig<\/li>\n<\/ul>\n\n\n\n<p><strong>Kostnader och avgifter<\/strong><\/p>\n\n\n\n<ul class=\"wp-block-list\">\n<li><strong>Leveranser accepteras inte<\/strong>30% Bearbetningsavgift f\u00f6r avvisat paket eller felaktig adress med beg\u00e4ran om \u00e5terbetalning<\/li>\n\n\n\n<li><strong>Fraktkostnader<\/strong>\u00c4r i allm\u00e4nhet inte \u00e5terbetalningsbara<\/li>\n\n\n\n<li><strong>Kostnader f\u00f6r lagring av returer<\/strong>50% Avgift f\u00f6r \u00e5terl\u00e4mnade, felfria, \u00f6ppnade varor<\/li>\n<\/ul>\n\n\n\n<p><strong>Varor som \u00e4r godk\u00e4nda f\u00f6r retur<\/strong><\/p>\n\n\n\n<ul class=\"wp-block-list\">\n<li><strong>Accepterade returer<\/strong>Endast defekta produkter accepteras f\u00f6r retur<\/li>\n\n\n\n<li><strong>Standardartikel<\/strong>: Ingen \u00e5terbetalning f\u00f6r vanliga produkter<\/li>\n<\/ul>\n\n\n\n<p><strong>Produkter som inte g\u00e5r att returnera<\/strong> <strong>Hygieniska och s\u00e4kerhetsrelaterade sk\u00e4l:<\/strong><\/p>\n\n\n\n<ul class=\"wp-block-list\">\n<li>V\u00e4tskor f\u00f6r e-cigaretter\/e-v\u00e4tskor<\/li>\n\n\n\n<li>Munstycken, patroner, f\u00f6r\u00e5ngarspolar<\/li>\n\n\n\n<li>\u00d6ppna tankar\/RDA\/RDTA-system<\/li>\n\n\n\n<li>V\u00e4rmeslingor, tr\u00e5dar, bomullsull<\/li>\n\n\n\n<li>Beh\u00e5llare, f\u00f6r\u00e5ngarenheter, f\u00f6r\u00e5ngarhuvuden<\/li>\n\n\n\n<li>Batterier, laddare<\/li>\n<\/ul>\n\n\n\n<p><strong>Ytterligare undantag:<\/strong><\/p>\n\n\n\n<ul class=\"wp-block-list\">\n<li>Gratis prover eller reklamprover<\/li>\n\n\n\n<li>Individuella best\u00e4llningar via s\u00e4ljpersonal<\/li>\n\n\n\n<li>Bulkbest\u00e4llningar<\/li>\n\n\n\n<li>Alla presenterade eller modifierade produkter<\/li>\n\n\n\n<li>F\u00f6rem\u00e5l med fysiska skador, fuktskador eller tecken p\u00e5 manipulering<\/li>\n<\/ul>\n\n\n\n<p><strong>Returf\u00f6rfarande<\/strong><\/p>\n\n\n\n<ul class=\"wp-block-list\">\n<li><strong>N\u00f6dv\u00e4ndig information<\/strong>Fullst\u00e4ndigt namn, ordernummer och -datum, produktinformation: Beteckning, tillverkare, typ, f\u00e4rg<\/li>\n\n\n\n<li><strong>Typ av avkastning<\/strong>Defekt artikel, fel produkt<\/li>\n\n\n\n<li><strong>Bildkreditering<\/strong>Foto-\/videobevisning av streckkod, serienummer, QR-kod<\/li>\n\n\n\n<li><strong>Typ av retur<\/strong>\u00c5terbetalning, butikskredit eller produktbyte<\/li>\n\n\n\n<li><strong>Returnering av f\u00f6rs\u00e4ndelse<\/strong>Egen f\u00f6rpackning och f\u00f6rs\u00e4ndelse p\u00e5 kundens bekostnad<\/li>\n\n\n\n<li><strong>Bearbetningstid<\/strong>1-3 arbetsdagar Inspektion efter mottagande av varor<\/li>\n\n\n\n<li><strong>Kontaktm\u00f6jlighet<\/strong>: czhiwen97@gmail.com<\/li>\n<\/ul>\n\n\n\n<p><strong>Krav f\u00f6r defekta artiklar<\/strong><\/p>\n\n\n\n<ul class=\"wp-block-list\">\n<li><strong>Villkor f\u00f6r utbyte\/kredit<\/strong>: Inga fysiska skador eller djupa repor<\/li>\n\n\n\n<li><strong>Ingen avkastning<\/strong>P\u00e5 grund av mindre optiska defekter<\/li>\n\n\n\n<li><strong>Fullst\u00e4ndighet<\/strong>: Alla ytterligare delar m\u00e5ste ocks\u00e5 skickas<\/li>\n\n\n\n<li><strong>F\u00f6rpackning<\/strong>: F\u00f6rsiktig f\u00f6rpackning n\u00f6dv\u00e4ndig<\/li>\n\n\n\n<li><strong>Kriterier f\u00f6r uteslutning<\/strong>Artiklarna f\u00e5r inte finnas med p\u00e5 undantagslistan<\/li>\n<\/ul>\n\n\n\n<p><strong>Behandling och hantering av \u00e5terbetalningar<\/strong><\/p>\n\n\n\n<ul class=\"wp-block-list\">\n<li><strong>Bearbetningstid<\/strong>7-10 arbetsdagar f\u00f6r postala returer<\/li>\n\n\n\n<li><strong>Behandling av \u00e5terbetalning<\/strong>3-7 arbetsdagar f\u00f6r behandling av \u00e5terbetalningen<\/li>\n\n\n\n<li><strong>Bankberoende l\u00f6ptid<\/strong>Upp till 10 ytterligare dagar beroende p\u00e5 bank<\/li>\n\n\n\n<li><strong>Ordinarie priser<\/strong>: \u00c5terbetalningsbar<\/li>\n\n\n\n<li><strong>Reklamprodukter<\/strong>: Ej beh\u00f6rig att \u00e5terv\u00e4nda<\/li>\n\n\n\n<li><strong>F\u00f6rs\u00e4ljningsvaror<\/strong>: Ingen ers\u00e4ttning garanteras, kommer inte att best\u00e4llas om<\/li>\n<\/ul>\n\n\n\n<p><strong>Viktiga anm\u00e4rkningar<\/strong><\/p>\n\n\n\n<ul class=\"wp-block-list\">\n<li><strong>Ansvarsfullhet<\/strong>Inget ansvar f\u00f6r f\u00f6rlorade, stulna eller skadade returer<\/li>\n\n\n\n<li><strong>\u00c5nger fr\u00e5n k\u00f6parens sida<\/strong>Ingen retur av \u00f6ppnade\/anv\u00e4nda varor utan defekter<\/li>\n\n\n\n<li><strong>Lokala best\u00e4mmelser<\/strong>: Kunder m\u00e5ste kontrollera lokala lagar<\/li>\n\n\n\n<li><strong>Ansvarsfriskrivning<\/strong>: Ingen juridisk r\u00e5dgivning av vozolpuff.de<\/li>\n\n\n\n<li><strong>Batteris\u00e4kerhet<\/strong>Inget ansvar f\u00f6r skador som orsakas av felaktig batterianv\u00e4ndning<\/li>\n\n\n\n<li><strong>Kontant vid leverans<\/strong>: Inte l\u00e4ngre tillg\u00e4ngligt som leveransalternativ<\/li>\n<\/ul>","protected":false},"excerpt":{"rendered":"<p>R\u00fcckgabefristen und Allgemeine Bestimmungen Kosten und Abgaben Zur R\u00fcckgabe berechtigte Waren Nicht r\u00fccksendbare Produkte Hygienische und sicherheitsrelevante Gr\u00fcnde: Weitere Ausschl\u00fcsse: Ablauf der R\u00fcckgabe Voraussetzungen f\u00fcr mangelhafte Artikel Erstattungsabwicklung und Bearbeitung Wesentliche Hinweise<\/p>","protected":false},"author":1,"featured_media":0,"parent":0,"menu_order":0,"comment_status":"closed","ping_status":"closed","template":"","meta":{"_acf_changed":false,"footnotes":""},"class_list":["post-328","page","type-page","status-publish","hentry"],"acf":[],"_links":{"self":[{"href":"https:\/\/vozolpuff.de\/sv\/wp-json\/wp\/v2\/pages\/328","targetHints":{"allow":["GET"]}}],"collection":[{"href":"https:\/\/vozolpuff.de\/sv\/wp-json\/wp\/v2\/pages"}],"about":[{"href":"https:\/\/vozolpuff.de\/sv\/wp-json\/wp\/v2\/types\/page"}],"author":[{"embeddable":true,"href":"https:\/\/vozolpuff.de\/sv\/wp-json\/wp\/v2\/users\/1"}],"replies":[{"embeddable":true,"href":"https:\/\/vozolpuff.de\/sv\/wp-json\/wp\/v2\/comments?post=328"}],"version-history":[{"count":1,"href":"https:\/\/vozolpuff.de\/sv\/wp-json\/wp\/v2\/pages\/328\/revisions"}],"predecessor-version":[{"id":330,"href":"https:\/\/vozolpuff.de\/sv\/wp-json\/wp\/v2\/pages\/328\/revisions\/330"}],"wp:attachment":[{"href":"https:\/\/vozolpuff.de\/sv\/wp-json\/wp\/v2\/media?parent=328"}],"curies":[{"name":"wp","href":"https:\/\/api.w.org\/{rel}","templated":true}]}}