{"id":331,"date":"2025-08-21T10:45:50","date_gmt":"2025-08-21T08:45:50","guid":{"rendered":"https:\/\/vozolpuff.de\/?page_id=331"},"modified":"2025-08-21T10:45:52","modified_gmt":"2025-08-21T08:45:52","slug":"versand-und-lieferung","status":"publish","type":"page","link":"https:\/\/vozolpuff.de\/sv\/versand-und-lieferung\/","title":{"rendered":"Frakt och leverans"},"content":{"rendered":"<h2 class=\"wp-block-heading\"><strong>Orderhantering och avs\u00e4ndning<\/strong><\/h2>\n\n\n\n<ul class=\"wp-block-list\">\n<li><strong>Bearbetningstid<\/strong>Best\u00e4llningar behandlas och skickas inom 1-5 arbetsdagar<\/li>\n\n\n\n<li><strong>Standard leveranstid<\/strong>Den vanliga leveranstiden \u00e4r 10-15 arbetsdagar<\/li>\n\n\n\n<li><strong>Leveransuppeh\u00e5ll<\/strong>: Varorna skickas inte p\u00e5 helger och allm\u00e4nna helgdagar<\/li>\n<\/ul>\n\n\n\n<h2 class=\"wp-block-heading\"><strong>Sp\u00e5rning av paket<\/strong><\/h2>\n\n\n\n<ul class=\"wp-block-list\">\n<li><strong>Meddelande om sp\u00e5rning<\/strong>: Efter avs\u00e4ndning f\u00e5r kunden ett e-postmeddelande med sp\u00e5rningsnumret f\u00f6r kontroll av f\u00f6rs\u00e4ndelsen<\/li>\n\n\n\n<li><strong>Uppdatering av sp\u00e5rningsdata<\/strong>Sp\u00e5rningsinformation uppdateras endast 3-7 dagar efter avs\u00e4ndning<\/li>\n<\/ul>\n\n\n\n<h2 class=\"wp-block-heading\"><strong>\u00c4ndringar och annulleringar av order<\/strong><\/h2>\n\n\n\n<ul class=\"wp-block-list\">\n<li><strong>F\u00f6re avs\u00e4ndning<\/strong>Best\u00e4llningar kan annulleras innan de skickas eller leveransadressen kan \u00e4ndras<\/li>\n\n\n\n<li><strong>Efter avs\u00e4ndning<\/strong>: Ingen \u00e5terbetalning eller adress\u00e4ndring \u00e4r m\u00f6jlig efter avs\u00e4ndning<\/li>\n<\/ul>\n\n\n\n<h2 class=\"wp-block-heading\"><strong>Tullklarering och tullklarering<\/strong><\/h2>\n\n\n\n<ul class=\"wp-block-list\">\n<li><strong>DDP-leverans (Delivery Duty Paid)<\/strong>Erbjuds till f\u00f6ljande l\u00e4nder\/regioner, varvid ingen tullbehandling eller tullkostnader uppst\u00e5r:\n<ul class=\"wp-block-list\">\n<li>USA (via UPS, utom Alaska och Hawaii)<\/li>\n\n\n\n<li>Australien (via Australia Post)<\/li>\n\n\n\n<li>Storbritannien (via DPD Express)<\/li>\n\n\n\n<li>Europa (via DHL Express \/ DPD Express)<\/li>\n<\/ul>\n<\/li>\n<\/ul>\n\n\n\n<h2 class=\"wp-block-heading\"><strong>Begr\u00e4nsningar av tj\u00e4nster<\/strong><\/h2>\n\n\n\n<ul class=\"wp-block-list\">\n<li><strong>L\u00e4nder ej tillg\u00e4ngliga<\/strong>: Tj\u00e4nsten \u00e4r inte tillg\u00e4nglig i vissa l\u00e4nder med strikta tullbest\u00e4mmelser: Danmark, Australien, Norge och Schweiz<\/li>\n<\/ul>\n\n\n\n<h2 class=\"wp-block-heading\"><strong>Kompletterande information<\/strong><\/h2>\n\n\n\n<ul class=\"wp-block-list\">\n<li><strong>Avl\u00e4gsna regioner<\/strong>: Extra kostnader och l\u00e4ngre leveranstider kan tillkomma f\u00f6r sv\u00e5r\u00e5tkomliga omr\u00e5den<\/li>\n\n\n\n<li><strong>Kundtj\u00e4nst<\/strong>Om du har n\u00e5gra fr\u00e5gor, v\u00e4nligen kontakta kundtj\u00e4nst p\u00e5 czhiwen97@gmail.com<\/li>\n<\/ul>","protected":false},"excerpt":{"rendered":"<p>Auftragsabwicklung und Versendung Paketverfolgung \u00c4nderungen und Stornierungen von Bestellungen Zollabwicklung und Verzollung Servicebeschr\u00e4nkungen Erg\u00e4nzende Informationen<\/p>","protected":false},"author":1,"featured_media":0,"parent":0,"menu_order":0,"comment_status":"closed","ping_status":"closed","template":"","meta":{"_acf_changed":false,"footnotes":""},"class_list":["post-331","page","type-page","status-publish","hentry"],"acf":[],"_links":{"self":[{"href":"https:\/\/vozolpuff.de\/sv\/wp-json\/wp\/v2\/pages\/331","targetHints":{"allow":["GET"]}}],"collection":[{"href":"https:\/\/vozolpuff.de\/sv\/wp-json\/wp\/v2\/pages"}],"about":[{"href":"https:\/\/vozolpuff.de\/sv\/wp-json\/wp\/v2\/types\/page"}],"author":[{"embeddable":true,"href":"https:\/\/vozolpuff.de\/sv\/wp-json\/wp\/v2\/users\/1"}],"replies":[{"embeddable":true,"href":"https:\/\/vozolpuff.de\/sv\/wp-json\/wp\/v2\/comments?post=331"}],"version-history":[{"count":2,"href":"https:\/\/vozolpuff.de\/sv\/wp-json\/wp\/v2\/pages\/331\/revisions"}],"predecessor-version":[{"id":2549,"href":"https:\/\/vozolpuff.de\/sv\/wp-json\/wp\/v2\/pages\/331\/revisions\/2549"}],"wp:attachment":[{"href":"https:\/\/vozolpuff.de\/sv\/wp-json\/wp\/v2\/media?parent=331"}],"curies":[{"name":"wp","href":"https:\/\/api.w.org\/{rel}","templated":true}]}}