{"id":1178,"date":"2025-08-25T14:13:47","date_gmt":"2025-08-25T12:13:47","guid":{"rendered":"https:\/\/vozolpuff.de\/?post_type=product&#038;p=1178"},"modified":"2026-03-31T16:14:19","modified_gmt":"2026-03-31T14:14:19","slug":"vozol-gear-shisha-25000-two-apples","status":"publish","type":"product","link":"https:\/\/vozolpuff.de\/sv\/produkt\/vozol-gear-shisha-25000-two-apples\/","title":{"rendered":"Vozol Gear Shisha 25000 Tv\u00e5 \u00e4pplen"},"content":{"rendered":"<h2 class=\"text-xl font-bold text-text-100 mt-1 -mb-0.5\">Vozol Gear Shisha 25000 Tv\u00e5 \u00e4pplen eng\u00e5ngs e-cigarett<\/h2>\n<p class=\"whitespace-normal break-words\">Den <strong>Vozol Gear Shisha 25000 Tv\u00e5 \u00e4pplen<\/strong> kombinerar den klassiska smakkombinationen av dubbla \u00e4pplen i en toppmodern eng\u00e5ngsvaporisator. Med en imponerande kapacitet p\u00e5 upp till 25 000 puffar i det ekonomiska Eco-l\u00e4get kan du njuta av l\u00e5ngvariga \u00e5ngstunder utan kompromisser. Det kraftfulla Power-l\u00e4get ger mer intensiva smakupplevelser tack vare den innovativa dual mesh-spoltekniken. Det aerodynamiskt optimerade luftfl\u00f6dessystemet \u00e4r speciellt utvecklat f\u00f6r DTL-entusiaster och garanterar enkla, sammetslena puffar. Utrustad med ett robust 1000mAh-batteri, en 24 ml v\u00e4tskebeh\u00e5llare med stor volym och en tydlig 2,1-tums f\u00e4rgdisplay, kombinerar den h\u00e4r enheten uth\u00e5llighet, innovation och bekv\u00e4mlighet i perfekt harmoni.<\/p>\n<h3 class=\"text-lg font-bold text-text-100 mt-1 -mb-1.5\">Tekniska h\u00f6jdpunkter i Vozol Gear Shisha 25000 Two Apples:<\/h3>\n<p class=\"whitespace-normal break-words\"><strong>Lagring av energi:<\/strong> 1000mAh h\u00f6gpresterande batteri<br \/>\n<strong>Eco-l\u00e4ge:<\/strong> Upp till 25.000 \u00e5nglok<br \/>\n<strong>Effektdrift:<\/strong> Upp till 18.000 \u00e5ngt\u00e5g<br \/>\n<strong>Nikotinstyrka:<\/strong> 5 mg\/ml f\u00f6r en tillfredsst\u00e4llande vapingupplevelse<br \/>\n<strong>Teknik f\u00f6r dragkraft:<\/strong> DTL (Direct-to-Lung) f\u00f6r volumin\u00f6sa \u00e5ngmoln<br \/>\n<strong>V\u00e4rmeelement:<\/strong> Spolar med dubbla n\u00e4t f\u00f6r optimal smak- och \u00e5ngutveckling<br \/>\n<strong>Smarta funktioner:<\/strong> Ljudinteraktion f\u00f6r modern drift<br \/>\n<strong>Display:<\/strong> 2,1-tums fullf\u00e4rgsdisplay f\u00f6r status\u00f6vervakning<br \/>\n<strong>Lufttillf\u00f6rsel:<\/strong> Variabel luftfl\u00f6deskontroll f\u00f6r personliga vapingupplevelser<\/p>\n<h3 class=\"text-lg font-bold text-text-100 mt-1 -mb-1.5\">Uppt\u00e4ck mer VOZOL VAPE p\u00e5 vozolpuff<\/h3>\n<p class=\"whitespace-normal break-words\">Uppt\u00e4ck fler premiumprodukter f\u00f6r \u00e5nga i v\u00e5r <strong><a class=\"underline\" href=\"https:\/\/vozolpuff.de\/sv\/\">Huvudsortiment<\/a><\/strong>bl\u00e4ddra igenom v\u00e5rt kompletta sortiment av <strong><a class=\"underline\" href=\"https:\/\/vozolpuff.de\/sv\/product-category\/vozol-vape\/\">VOZOL VAPE Kollektion<\/a><\/strong> eller utforska alla tillg\u00e4ngliga <strong><a class=\"underline\" href=\"https:\/\/vozolpuff.de\/sv\/product-category\/vozol-vape\/vozol-gear-shisha-25000\/\">Vozol Gear Shisha 25000 smaker<\/a><\/strong>.<\/p>","protected":false},"excerpt":{"rendered":"<div>\n<div class=\"grid-cols-1 grid gap-2.5 [&amp;_&gt;_*]:min-w-0\">\n<p class=\"whitespace-normal break-words\">Vozol Gear Shisha 25000 Two Apples Einweg-Vape mit klassischem Doppel-Apfel-Geschmack. Dual-Mesh-Technologie, 18.000-25.000 Z\u00fcge, 1000mAh Akku, 24ml E-Liquid und 2,1-Zoll-Farbdisplay f\u00fcr DTL-Dampfgenuss in Eco- oder Power-Modus.<\/p>\n<\/div>\n<\/div>\n<div class=\"flex flex-col gap-2 py-2\"><\/div>\n","protected":false},"featured_media":1181,"comment_status":"open","ping_status":"closed","template":"","meta":{"_acf_changed":false},"product_brand":[],"product_cat":[34],"product_tag":[],"class_list":{"0":"post-1178","1":"product","2":"type-product","3":"status-publish","4":"has-post-thumbnail","6":"product_cat-vozol-gear-shisha-25000","8":"first","9":"instock","10":"shipping-taxable","11":"purchasable","12":"product-type-variable"},"acf":[],"_links":{"self":[{"href":"https:\/\/vozolpuff.de\/sv\/wp-json\/wp\/v2\/product\/1178","targetHints":{"allow":["GET"]}}],"collection":[{"href":"https:\/\/vozolpuff.de\/sv\/wp-json\/wp\/v2\/product"}],"about":[{"href":"https:\/\/vozolpuff.de\/sv\/wp-json\/wp\/v2\/types\/product"}],"replies":[{"embeddable":true,"href":"https:\/\/vozolpuff.de\/sv\/wp-json\/wp\/v2\/comments?post=1178"}],"wp:featuredmedia":[{"embeddable":true,"href":"https:\/\/vozolpuff.de\/sv\/wp-json\/wp\/v2\/media\/1181"}],"wp:attachment":[{"href":"https:\/\/vozolpuff.de\/sv\/wp-json\/wp\/v2\/media?parent=1178"}],"wp:term":[{"taxonomy":"product_brand","embeddable":true,"href":"https:\/\/vozolpuff.de\/sv\/wp-json\/wp\/v2\/product_brand?post=1178"},{"taxonomy":"product_cat","embeddable":true,"href":"https:\/\/vozolpuff.de\/sv\/wp-json\/wp\/v2\/product_cat?post=1178"},{"taxonomy":"product_tag","embeddable":true,"href":"https:\/\/vozolpuff.de\/sv\/wp-json\/wp\/v2\/product_tag?post=1178"}],"curies":[{"name":"wp","href":"https:\/\/api.w.org\/{rel}","templated":true}]}}