{"id":2237,"date":"2025-08-28T17:28:29","date_gmt":"2025-08-28T15:28:29","guid":{"rendered":"https:\/\/vozolpuff.de\/?post_type=product&#038;p=2237"},"modified":"2025-08-28T17:28:29","modified_gmt":"2025-08-28T15:28:29","slug":"randm-tornado-15000-kiwi-passion-fruit-guava","status":"publish","type":"product","link":"https:\/\/vozolpuff.de\/sv\/produkt\/randm-tornado-15000-kiwi-passion-fruit-guava\/","title":{"rendered":"RandM Tornado 15000 Kiwi Passionsfrukt Guava"},"content":{"rendered":"<h2 class=\"text-xl font-bold text-text-100 mt-1 -mb-0.5\">RandM Tornado 15000 Kiwi Passion Fruit Guava Eng\u00e5ngsvape<\/h2>\n<p class=\"whitespace-normal break-words\">Ge dig ut p\u00e5 en tropisk smakresa med RandM Tornado 15000 Kiwi Passion Fruit Guava. Denna exotiska trippelfruktblandning kombinerar syrlig kiwi, aromatisk passionsfrukt och s\u00f6t guava f\u00f6r att skapa en paradisisk \u00e5ngupplevelse. 15 000 puffar och 25 ml kapacitet i nikotinstyrkorna 0%, 2%, 3% och 5%.<\/p>\n<h3 class=\"text-lg font-bold text-text-100 mt-1 -mb-1.5\">Kiwi Passionsfrukt Guava Specialfunktioner:<\/h3>\n<p class=\"whitespace-normal break-words\"><strong>H\u00f6gkapacitetsbatteri p\u00e5 850 mAh:<\/strong> Premium energiteknik s\u00e4kerst\u00e4ller stabila tropiska fruktsmaker och ger konsekvent prestanda f\u00f6r en komplett exotisk upplevelse.<\/p>\n<p class=\"whitespace-normal break-words\"><strong>Volumin\u00f6st 25 ML e-liquid-system:<\/strong> Ut\u00f6kad tankkapacitet m\u00f6jligg\u00f6r intensiva tropiska resor utan att avbryta den paradisiska smakupplevelsen.<\/p>\n<p class=\"whitespace-normal break-words\"><strong>Spole med 0,90\u03a9 mesh optimerad f\u00f6r tropiska frukter:<\/strong> En specialutvecklad f\u00f6r\u00e5ngningsteknik extraherar de komplexa aromatiska tonerna fr\u00e5n alla tre frukterna och skapar en perfekt smakharmoni.<\/p>\n<p class=\"whitespace-normal break-words\"><strong>Lightning Type-C Laddare:<\/strong> Ultrasnabb laddningsteknik minimerar v\u00e4ntetider och maximerar tiden f\u00f6r exotiska vaping\u00e4ventyr.<\/p>\n<p class=\"whitespace-normal break-words\"><strong>Monumentala 15.000 drag av uth\u00e5llighet:<\/strong> Imponerande livsl\u00e4ngd f\u00f6r veckor av tropiska dr\u00f6mmar utan att f\u00f6rlora sin karakteristiska fruktkomplexitet.<\/p>\n<p class=\"whitespace-normal break-words\"><strong>Tropisk RGB-ljusshow:<\/strong> F\u00e4rgglad belysning framkallar paradisiska st\u00e4mningar och fungerar som en p\u00e5litlig funktionell indikator.<\/p>\n<h3 class=\"text-lg font-bold text-text-100 mt-1 -mb-1.5\">Uppt\u00e4ck mer FUMOT VAPE p\u00e5 vozolpuff<\/h3>\n<p class=\"whitespace-normal break-words\">Uppt\u00e4ck fler f\u00f6rstklassiga \u00e5ngprodukter i v\u00e5r <strong><a class=\"underline\" href=\"https:\/\/vozolpuff.de\/sv\/\">Huvudsortiment<\/a><\/strong>, utforska den kompletta <strong><a class=\"underline\" href=\"https:\/\/vozolpuff.de\/sv\/product-category\/fumot-vape\/\">FUMOT VAPE Kollektion<\/a><\/strong> eller bl\u00e4ddra igenom alla tillg\u00e4ngliga <strong><a class=\"underline\" href=\"https:\/\/vozolpuff.de\/sv\/product-category\/fumot-vape\/randm-tornado-15000\/\">RandM Tornado 15000 smaker<\/a><\/strong> f\u00f6r din perfekta \u00e5ngupplevelse.<\/p>","protected":false},"excerpt":{"rendered":"<div>\n<div class=\"grid-cols-1 grid gap-2.5 [&amp;_&gt;_*]:min-w-0 !gap-3.5\">\n<p class=\"whitespace-normal break-words\">Die RandM Tornado 15000 Kiwi Passion Fruit Guava Einweg-Vape bietet eine exotische Dreifach-Frucht-Mischung aus s\u00e4uerlicher Kiwi, aromatischer Passionsfrucht und s\u00fc\u00dfer Guave. Mit 15.000 Z\u00fcgen, 25ml Tank und 850mAh Akku. Erh\u00e4ltlich in 0%, 2%, 3% und 5% Nikotin.<\/p>\n<\/div>\n<\/div>\n<div class=\"h-8\"><\/div>\n","protected":false},"featured_media":2240,"comment_status":"open","ping_status":"closed","template":"","meta":{"_acf_changed":false},"product_brand":[],"product_cat":[44],"product_tag":[],"class_list":{"0":"post-2237","1":"product","2":"type-product","3":"status-publish","4":"has-post-thumbnail","6":"product_cat-randm-tornado-15000","8":"first","9":"instock","10":"shipping-taxable","11":"purchasable","12":"product-type-variable"},"acf":[],"_links":{"self":[{"href":"https:\/\/vozolpuff.de\/sv\/wp-json\/wp\/v2\/product\/2237","targetHints":{"allow":["GET"]}}],"collection":[{"href":"https:\/\/vozolpuff.de\/sv\/wp-json\/wp\/v2\/product"}],"about":[{"href":"https:\/\/vozolpuff.de\/sv\/wp-json\/wp\/v2\/types\/product"}],"replies":[{"embeddable":true,"href":"https:\/\/vozolpuff.de\/sv\/wp-json\/wp\/v2\/comments?post=2237"}],"wp:featuredmedia":[{"embeddable":true,"href":"https:\/\/vozolpuff.de\/sv\/wp-json\/wp\/v2\/media\/2240"}],"wp:attachment":[{"href":"https:\/\/vozolpuff.de\/sv\/wp-json\/wp\/v2\/media?parent=2237"}],"wp:term":[{"taxonomy":"product_brand","embeddable":true,"href":"https:\/\/vozolpuff.de\/sv\/wp-json\/wp\/v2\/product_brand?post=2237"},{"taxonomy":"product_cat","embeddable":true,"href":"https:\/\/vozolpuff.de\/sv\/wp-json\/wp\/v2\/product_cat?post=2237"},{"taxonomy":"product_tag","embeddable":true,"href":"https:\/\/vozolpuff.de\/sv\/wp-json\/wp\/v2\/product_tag?post=2237"}],"curies":[{"name":"wp","href":"https:\/\/api.w.org\/{rel}","templated":true}]}}