{"id":2723,"date":"2025-09-03T11:26:14","date_gmt":"2025-09-03T09:26:14","guid":{"rendered":"https:\/\/vozolpuff.de\/?post_type=product&#038;p=2723"},"modified":"2025-09-03T11:26:14","modified_gmt":"2025-09-03T09:26:14","slug":"fumot-tornado-25000-strawberry-ice","status":"publish","type":"product","link":"https:\/\/vozolpuff.de\/sv\/produkt\/fumot-tornado-25000-strawberry-ice\/","title":{"rendered":"Fumot Tornado 25000 Jordgubbs-is"},"content":{"rendered":"<h2 class=\"text-xl font-bold text-text-100 mt-1 -mb-0.5\">Fumot Tornado 25000 Strawberry Ice e-cigarett f\u00f6r eng\u00e5ngsbruk<\/h2>\n<p class=\"whitespace-normal break-words\">Kyl ner dig med den uppfriskande Fumot Tornado 25000 Strawberry Ice. Denna premium e-cigarett f\u00f6r eng\u00e5ngsbruk kombinerar saftiga jordgubbar med iskall svalka f\u00f6r upp till 25 000 uppfriskande puffar. Den popul\u00e4ra frukt- och isblandningen ger den perfekta balansen mellan s\u00f6tma och friskhet.<\/p>\n<p class=\"whitespace-normal break-words\">Den omfattande 20 ml e-juice-kapaciteten med flexibla nikotinalternativ fr\u00e5n 0% till 5% anpassar sig till dina individuella preferenser. Det p\u00e5litliga 700mAh-batteriet med snabbladdning av typ C g\u00f6r att du kan vapinga hela dagen utan avbrott. Den avancerade spoltekniken med tre maskor maximerar b\u00e5de jordgubbssmaken och kyleffekten.<\/p>\n<p class=\"whitespace-normal break-words\">Det kompakta h\u00f6ljet p\u00e5 120 g \u00e4r bekv\u00e4mt att b\u00e4ra med sig, och den tydliga 1,77-tums TFT-sk\u00e4rmen g\u00f6r det enkelt att anv\u00e4nda och \u00f6vervaka. Strawberry Ice \u00e4r f\u00f6rstahandsvalet f\u00f6r alla som \u00e4lskar fruktig svalka.<\/p>\n<h3 class=\"text-lg font-bold text-text-100 mt-1 -mb-1.5\">Tekniska specifikationer<\/h3>\n<p class=\"whitespace-normal break-words\"><strong>T\u00e5g:<\/strong> Upp till 25 000<br \/>\n<strong>Display:<\/strong> Visar status f\u00f6r e-v\u00e4tska och batteri<br \/>\n<strong>Kapacitet:<\/strong> 20 ml<br \/>\n<strong>Typ av spole:<\/strong> Spole med tre maskor<br \/>\n<strong>Vikt:<\/strong> 120g<br \/>\n<strong>Peksk\u00e4rm:<\/strong> 1,77-tums TFT-sk\u00e4rm<br \/>\n<strong>Batteri:<\/strong> 700mAh uppladdningsbar med Type-C snabbladdning<\/p>\n<h3 class=\"text-lg font-bold text-text-100 mt-1 -mb-1.5\">Uppt\u00e4ck mer FUMOT VAPE p\u00e5 vozolpuff<\/h3>\n<p class=\"whitespace-normal break-words\">Bl\u00e4ddra igenom v\u00e5ra <strong><a class=\"underline\" href=\"https:\/\/vozolpuff.de\/sv\/\">Fullt sortiment<\/a><\/strong> f\u00f6r fler \u00e5ngprodukter, uppt\u00e4ck <strong><a class=\"underline\" href=\"https:\/\/vozolpuff.de\/sv\/product-category\/fumot-vape\/\">FUMOT VAPE produktlinje<\/a><\/strong> eller utforska alla <strong><a class=\"underline\" href=\"https:\/\/vozolpuff.de\/sv\/product-category\/fumot-vape\/fumot-tornado-25000\/\">Fumot Tornado 25000 smaker<\/a><\/strong>.<\/p>","protected":false},"excerpt":{"rendered":"<p class=\"whitespace-normal break-words\">Fumot Tornado 25000 Strawberry Ice: Premium eng\u00e5ngs e-cigarett med saftiga jordgubbar och iskall svalka. 25 000 puffar, 20 ml kapacitet, 700 mAh batteri med Type-C laddning. Three-mesh coil-teknik, 1,77\u2033 TFT-display. Finns med 0%, 2%, 3% eller 5% nikotin. Perfekt s\u00f6t och uppfriskande.<\/p>\n<h2 class=\"text-xl font-bold text-text-100 mt-1 -mb-0.5\"><\/h2>","protected":false},"featured_media":2728,"comment_status":"open","ping_status":"closed","template":"","meta":{"_acf_changed":false},"product_brand":[],"product_cat":[46],"product_tag":[],"class_list":{"0":"post-2723","1":"product","2":"type-product","3":"status-publish","4":"has-post-thumbnail","6":"product_cat-fumot-tornado-25000","8":"first","9":"instock","10":"shipping-taxable","11":"purchasable","12":"product-type-variable"},"acf":[],"_links":{"self":[{"href":"https:\/\/vozolpuff.de\/sv\/wp-json\/wp\/v2\/product\/2723","targetHints":{"allow":["GET"]}}],"collection":[{"href":"https:\/\/vozolpuff.de\/sv\/wp-json\/wp\/v2\/product"}],"about":[{"href":"https:\/\/vozolpuff.de\/sv\/wp-json\/wp\/v2\/types\/product"}],"replies":[{"embeddable":true,"href":"https:\/\/vozolpuff.de\/sv\/wp-json\/wp\/v2\/comments?post=2723"}],"wp:featuredmedia":[{"embeddable":true,"href":"https:\/\/vozolpuff.de\/sv\/wp-json\/wp\/v2\/media\/2728"}],"wp:attachment":[{"href":"https:\/\/vozolpuff.de\/sv\/wp-json\/wp\/v2\/media?parent=2723"}],"wp:term":[{"taxonomy":"product_brand","embeddable":true,"href":"https:\/\/vozolpuff.de\/sv\/wp-json\/wp\/v2\/product_brand?post=2723"},{"taxonomy":"product_cat","embeddable":true,"href":"https:\/\/vozolpuff.de\/sv\/wp-json\/wp\/v2\/product_cat?post=2723"},{"taxonomy":"product_tag","embeddable":true,"href":"https:\/\/vozolpuff.de\/sv\/wp-json\/wp\/v2\/product_tag?post=2723"}],"curies":[{"name":"wp","href":"https:\/\/api.w.org\/{rel}","templated":true}]}}