{"id":3705,"date":"2025-09-09T10:13:58","date_gmt":"2025-09-09T08:13:58","guid":{"rendered":"https:\/\/vozolpuff.de\/?post_type=product&#038;p=3705"},"modified":"2025-09-09T10:13:59","modified_gmt":"2025-09-09T08:13:59","slug":"randm-tornado-7000-pineapple-ice","status":"publish","type":"product","link":"https:\/\/vozolpuff.de\/sv\/produkt\/randm-tornado-7000-pineapple-ice\/","title":{"rendered":"RandM Tornado 7000 Ananas Is"},"content":{"rendered":"<h2 class=\"text-xl font-bold text-text-100 mt-1 -mb-0.5\">RandM Tornado 7000 Pineapple Ice e-cigarett f\u00f6r eng\u00e5ngsbruk<\/h2>\n<p class=\"whitespace-normal break-words\">RandM Tornado 7000 Pineapple Ice e-cigarett erbjuder imponerande 7000 bloss per enhet med en 14 ml e-liquid-kapacitet och nikotinkoncentrationer p\u00e5 0%, 2%, 3% och 5%. Enheten har ett 850mAh uppladdningsbart batteri, luftfl\u00f6deskontroll och toppmodern mesh coil-teknik. Innan du anv\u00e4nder Tornado R&amp;M 7000 Pineapple Ice f\u00f6r f\u00f6rsta g\u00e5ngen b\u00f6r du v\u00e4nta ca 2 minuter efter p\u00e5fyllning. Denna v\u00e4ntetid s\u00e4kerst\u00e4ller fullst\u00e4ndig absorption av e-v\u00e4tskan och optimerar din tropiska vapingupplevelse.<\/p>\n<h3 class=\"text-lg font-bold text-text-100 mt-1 -mb-1.5\">RandM Tornado 7000 Pineapple Ice Funktioner:<\/h3>\n<p class=\"whitespace-normal break-words\">RandM Tornado 7000 Pineapple Ice eng\u00e5ngs-e-cigarett - en kraftfull \u00e5ngapparat som kombinerar tropisk f\u00f6rfriskning och f\u00f6rstklassig prestanda i ett elegant paket. Med en enast\u00e5ende kapacitet p\u00e5 upp till 7000 puffar \u00e4r denna eng\u00e5ngs-e-cigarett perfekt f\u00f6r anv\u00e4ndare som uppskattar en l\u00e5ngvarig och smakrik upplevelse.<\/p>\n<p class=\"whitespace-normal break-words\">Med ett kraftfullt 850mAh batteri och en imponerande 14ml f\u00f6rfylld e-liquid tank \u00e4r Pineapple Ice Tornado redo f\u00f6r l\u00e4ngre vaping sessioner. Den justerbara luftfl\u00f6deskontrollen l\u00e4gger till ett lager av anpassning och l\u00e5ter dig skr\u00e4ddarsy din vapingupplevelse efter eget tycke och smak.<\/p>\n<p class=\"whitespace-normal break-words\">Tornado \u00e4r utformad f\u00f6r vapnare p\u00e5 spr\u00e5ng och har en kompakt design och en dragaktiverad t\u00e4ndmekanism som g\u00f6r den otroligt anv\u00e4ndarv\u00e4nlig. Pineapple Ice-smaken kombinerar s\u00f6t tropisk ananas med en uppfriskande cool effekt f\u00f6r en uppfriskande vapingupplevelse. Tornado 7000 finns tillg\u00e4nglig med nikotinsaltalternativen 0%, 2%, 3% och 5% och t\u00e4cker olika behov.<\/p>\n<h3 class=\"text-lg font-bold text-text-100 mt-1 -mb-1.5\">Tekniska specifikationer<\/h3>\n<p class=\"whitespace-normal break-words\">\u2611 0% \/2%\/3%\/5% Nikotin<br \/>\n\u2611 14 ml kapacitet f\u00f6r e-v\u00e4tska<br \/>\n\u2611 7000 t\u00e5g per enhet<br \/>\n\u2611 Kontroll av luftfl\u00f6de<br \/>\n\u2611 Typ C-laddning<br \/>\nUppladdningsbart batteripaket<br \/>\n\u2611 Integrerat uppladdningsbart batteri p\u00e5 850 mAh<\/p>\n<h3 class=\"text-lg font-bold text-text-100 mt-1 -mb-1.5\">Uppt\u00e4ck mer FUMOT VAPE p\u00e5 vozolpuff<\/h3>\n<p class=\"whitespace-normal break-words\">Bl\u00e4ddra igenom v\u00e5rt omfattande sortiment av produkter p\u00e5 v\u00e5r <strong><a class=\"underline\" href=\"https:\/\/vozolpuff.de\/sv\/\">Startsida<\/a><\/strong>, uppt\u00e4cka produkter av h\u00f6g kvalitet i <strong><a class=\"underline\" href=\"https:\/\/vozolpuff.de\/sv\/product-category\/fumot-vape\/\">FUMOT VAPE sektion<\/a><\/strong> eller utforska hela <strong><a class=\"underline\" href=\"https:\/\/vozolpuff.de\/sv\/product-category\/fumot-vape\/randm-tornado-7000\/\">RandM Tornado 7000 smakuppsamling<\/a><\/strong>.<\/p>","protected":false},"excerpt":{"rendered":"<p class=\"whitespace-normal break-words\">RandM Tornado 7000 Pineapple Ice eng\u00e5ngsvape kombinerar s\u00f6t tropisk ananas med en uppfriskande sval effekt i upp till 7000 puffar. Med 14ml e-liquid tank, 850mAh uppladdningsbart batteri och justerbar luftfl\u00f6deskontroll. Finns i 0%, 2%, 3% och 5% nikotin. Mesh coil-teknik f\u00f6r en tropisk upplevelse.<\/p>\n<p class=\"whitespace-normal break-words\">","protected":false},"featured_media":3709,"comment_status":"open","ping_status":"closed","template":"","meta":{"_acf_changed":false},"product_brand":[],"product_cat":[50],"product_tag":[],"class_list":{"0":"post-3705","1":"product","2":"type-product","3":"status-publish","4":"has-post-thumbnail","6":"product_cat-randm-tornado-7000","8":"first","9":"instock","10":"shipping-taxable","11":"purchasable","12":"product-type-variable"},"acf":[],"_links":{"self":[{"href":"https:\/\/vozolpuff.de\/sv\/wp-json\/wp\/v2\/product\/3705","targetHints":{"allow":["GET"]}}],"collection":[{"href":"https:\/\/vozolpuff.de\/sv\/wp-json\/wp\/v2\/product"}],"about":[{"href":"https:\/\/vozolpuff.de\/sv\/wp-json\/wp\/v2\/types\/product"}],"replies":[{"embeddable":true,"href":"https:\/\/vozolpuff.de\/sv\/wp-json\/wp\/v2\/comments?post=3705"}],"wp:featuredmedia":[{"embeddable":true,"href":"https:\/\/vozolpuff.de\/sv\/wp-json\/wp\/v2\/media\/3709"}],"wp:attachment":[{"href":"https:\/\/vozolpuff.de\/sv\/wp-json\/wp\/v2\/media?parent=3705"}],"wp:term":[{"taxonomy":"product_brand","embeddable":true,"href":"https:\/\/vozolpuff.de\/sv\/wp-json\/wp\/v2\/product_brand?post=3705"},{"taxonomy":"product_cat","embeddable":true,"href":"https:\/\/vozolpuff.de\/sv\/wp-json\/wp\/v2\/product_cat?post=3705"},{"taxonomy":"product_tag","embeddable":true,"href":"https:\/\/vozolpuff.de\/sv\/wp-json\/wp\/v2\/product_tag?post=3705"}],"curies":[{"name":"wp","href":"https:\/\/api.w.org\/{rel}","templated":true}]}}