{"id":3714,"date":"2025-09-09T10:16:43","date_gmt":"2025-09-09T08:16:43","guid":{"rendered":"https:\/\/vozolpuff.de\/?post_type=product&#038;p=3714"},"modified":"2025-09-09T10:16:43","modified_gmt":"2025-09-09T08:16:43","slug":"randm-tornado-7000-cotton-candy","status":"publish","type":"product","link":"https:\/\/vozolpuff.de\/sv\/produkt\/randm-tornado-7000-cotton-candy\/","title":{"rendered":"RandM Tornado 7000 Sockervadd"},"content":{"rendered":"<h2 class=\"text-xl font-bold text-text-100 mt-1 -mb-0.5\">RandM Tornado 7000 Cotton Candy e-cigarett f\u00f6r eng\u00e5ngsbruk<\/h2>\n<p class=\"whitespace-normal break-words\">RandM Tornado 7000 Cotton Candy Vape levererar fantastiska 7000 puffar per enhet med en 14 ml e-juicefyllning och nikotinstyrkorna 0%, 2%, 3% och 5%. Den har ett 850mAh uppladdningsbart batteri, dragkontroll och toppmodern mesh coil-teknik. Innan du anv\u00e4nder Tornado R&amp;M 7000 Cotton Candy f\u00f6r f\u00f6rsta g\u00e5ngen \u00e4r det l\u00e4mpligt att v\u00e4nta cirka 2 minuter efter att du har fyllt den med e-juice. Denna bl\u00f6tl\u00e4ggningstid s\u00e4kerst\u00e4ller perfekt m\u00e4ttnad av v\u00e4tskan och maximerar ditt s\u00f6ta vapingn\u00f6je.<\/p>\n<h3 class=\"text-lg font-bold text-text-100 mt-1 -mb-1.5\">RandM Tornado 7000 Sockervadd Funktioner:<\/h3>\n<p class=\"whitespace-normal break-words\">RandM Tornado 7000 Cotton Candy eng\u00e5ngs-e-cigarett - ett \u00e5ngkraftverk som kombinerar nostalgisk s\u00f6tma och modern teknik i ett kompakt format. Med en exceptionell r\u00e4ckvidd p\u00e5 upp till 7000 puffar \u00e4r denna eng\u00e5ngs-e-cigarett idealisk f\u00f6r alla som vill ha en l\u00e5ngvarig och s\u00f6t \u00e5ngupplevelse.<\/p>\n<p class=\"whitespace-normal break-words\">Cotton Candy Tornado \u00e4r utrustad med ett p\u00e5litligt 850mAh-batteri och en volumin\u00f6s 14ml f\u00f6rladdad e-v\u00e4tskebeh\u00e5llare, vilket garanterar o\u00e4ndliga \u00e5ngstunder. Den justerbara luftfl\u00f6deskontrollen erbjuder ytterligare anpassningsalternativ och l\u00e5ter dig finjustera din \u00e5ngupplevelse.<\/p>\n<p class=\"whitespace-normal break-words\">Tornado \u00e4r designad f\u00f6r vapers p\u00e5 spr\u00e5ng och imponerar med sitt praktiska format och dragaktiverade avtryckarmekanism, vilket g\u00f6r den extremt anv\u00e4ndarv\u00e4nlig. Smaken Cotton Candy v\u00e4cker barndomsminnen av sockervadd med sin oemotst\u00e5ndligt s\u00f6ta ton. Tornado 7000 finns tillg\u00e4nglig i nikotinsaltversionerna 0%, 2%, 3% och 5% och uppfyller olika krav.<\/p>\n<h3 class=\"text-lg font-bold text-text-100 mt-1 -mb-1.5\">Produktspecifikationer<\/h3>\n<p class=\"whitespace-normal break-words\">\u2611 Nikotinvarianter: 0% \/2%\/3%\/5%<br \/>\n\u2611 Tankvolym: 14 ml<br \/>\n\u2611 \u00c5ngt\u00e5g per enhet: 7000<br \/>\n\u2611 Justering av luftfl\u00f6de<br \/>\nTyp-C laddningsfunktion<br \/>\nUppladdningsbart batteri<br \/>\n\u2611 Inbyggt batteri p\u00e5 850 mAh<\/p>\n<h3 class=\"text-lg font-bold text-text-100 mt-1 -mb-1.5\">Uppt\u00e4ck mer FUMOT VAPE p\u00e5 vozolpuff<\/h3>\n<p class=\"whitespace-normal break-words\">Bes\u00f6k v\u00e5r m\u00e5ngsidiga portf\u00f6lj p\u00e5 v\u00e5r <strong><a class=\"underline\" href=\"https:\/\/vozolpuff.de\/sv\/\">Hemsida<\/a><\/strong>utforska f\u00f6rstklassiga \u00e5ngmaskiner i <strong><a class=\"underline\" href=\"https:\/\/vozolpuff.de\/sv\/product-category\/fumot-vape\/\">FUMOT VAPE Avdelning<\/a><\/strong> eller s\u00f6k i hela <strong><a class=\"underline\" href=\"https:\/\/vozolpuff.de\/sv\/product-category\/fumot-vape\/randm-tornado-7000\/\">RandM Tornado 7000 smakomr\u00e5de<\/a><\/strong>.<\/p>","protected":false},"excerpt":{"rendered":"<p class=\"whitespace-normal break-words\">RandM Tornado 7000 Cotton Candy eng\u00e5ngsvape v\u00e4cker nostalgisk sockervaddss\u00f6tma i upp till 7000 puffar. Med 14ml e-liquid tank, 850mAh uppladdningsbart batteri och justerbar luftfl\u00f6deskontroll. Finns i 0%, 2%, 3% och 5% nikotin. Mesh coil-teknik f\u00f6r en s\u00f6t upplevelse av barndomsminnen.<\/p>\n<p class=\"whitespace-normal break-words\">","protected":false},"featured_media":3716,"comment_status":"open","ping_status":"closed","template":"","meta":{"_acf_changed":false},"product_brand":[],"product_cat":[50],"product_tag":[],"class_list":{"0":"post-3714","1":"product","2":"type-product","3":"status-publish","4":"has-post-thumbnail","6":"product_cat-randm-tornado-7000","8":"first","9":"instock","10":"shipping-taxable","11":"purchasable","12":"product-type-variable"},"acf":[],"_links":{"self":[{"href":"https:\/\/vozolpuff.de\/sv\/wp-json\/wp\/v2\/product\/3714","targetHints":{"allow":["GET"]}}],"collection":[{"href":"https:\/\/vozolpuff.de\/sv\/wp-json\/wp\/v2\/product"}],"about":[{"href":"https:\/\/vozolpuff.de\/sv\/wp-json\/wp\/v2\/types\/product"}],"replies":[{"embeddable":true,"href":"https:\/\/vozolpuff.de\/sv\/wp-json\/wp\/v2\/comments?post=3714"}],"wp:featuredmedia":[{"embeddable":true,"href":"https:\/\/vozolpuff.de\/sv\/wp-json\/wp\/v2\/media\/3716"}],"wp:attachment":[{"href":"https:\/\/vozolpuff.de\/sv\/wp-json\/wp\/v2\/media?parent=3714"}],"wp:term":[{"taxonomy":"product_brand","embeddable":true,"href":"https:\/\/vozolpuff.de\/sv\/wp-json\/wp\/v2\/product_brand?post=3714"},{"taxonomy":"product_cat","embeddable":true,"href":"https:\/\/vozolpuff.de\/sv\/wp-json\/wp\/v2\/product_cat?post=3714"},{"taxonomy":"product_tag","embeddable":true,"href":"https:\/\/vozolpuff.de\/sv\/wp-json\/wp\/v2\/product_tag?post=3714"}],"curies":[{"name":"wp","href":"https:\/\/api.w.org\/{rel}","templated":true}]}}