{"id":3732,"date":"2025-09-09T10:21:42","date_gmt":"2025-09-09T08:21:42","guid":{"rendered":"https:\/\/vozolpuff.de\/?post_type=product&#038;p=3732"},"modified":"2025-09-09T10:21:42","modified_gmt":"2025-09-09T08:21:42","slug":"randm-tornado-7000-strawberry-ice","status":"publish","type":"product","link":"https:\/\/vozolpuff.de\/sv\/produkt\/randm-tornado-7000-strawberry-ice\/","title":{"rendered":"RandM Tornado 7000 Jordgubbsis"},"content":{"rendered":"<h2 class=\"text-xl font-bold text-text-100 mt-1 -mb-0.5\">RandM Tornado 7000 Strawberry Ice e-cigarett f\u00f6r eng\u00e5ngsbruk<\/h2>\n<p class=\"whitespace-normal break-words\">RandM Tornado 7000 Strawberry Ice Vape ger spektakul\u00e4ra 7000 puffar per enhet med en 14ml e-liquid fyllning och nikotinniv\u00e5er p\u00e5 0%, 2%, 3% och 5%. Den har ett 850mAh uppladdningsbart batteri, luftfl\u00f6deshantering och innovativ mesh coil-teknik. Innan du anv\u00e4nder Tornado R&amp;M 7000 Strawberry Ice f\u00f6r f\u00f6rsta g\u00e5ngen b\u00f6r du v\u00e4nta cirka 2 minuter efter att du har fyllt den med e-juice. Denna viloperiod s\u00e4kerst\u00e4ller fullst\u00e4ndig m\u00e4ttnad och optimerar din uppfriskande, fruktiga vapingupplevelse.<\/p>\n<h3 class=\"text-lg font-bold text-text-100 mt-1 -mb-1.5\">RandM Tornado 7000 Strawberry Ice egenskaper:<\/h3>\n<p class=\"whitespace-normal break-words\">RandM Tornado 7000 Strawberry Ice eng\u00e5ngsvape - en f\u00f6rstklassig \u00e5ngapparat som kombinerar den naturliga s\u00f6tman hos mogna jordgubbar med en uppfriskande sval effekt i ett sofistikerat paket. Med en anm\u00e4rkningsv\u00e4rd kapacitet p\u00e5 upp till 7000 puffar \u00e4r denna eng\u00e5ngs e-cigarett perfekt f\u00f6r anv\u00e4ndare som vill ha en l\u00e5ngvarig och uppfriskande smakupplevelse.<\/p>\n<p class=\"whitespace-normal break-words\">Strawberry Ice Tornado \u00e4r utrustad med ett robust 850mAh-batteri och en 14 ml f\u00f6rberedd e-liquid-tank med stor volym, vilket garanterar l\u00e5ngvariga \u00e5ngfaser. Den modulerbara luftfl\u00f6deskontrollen erbjuder ytterligare anpassningsalternativ och ger dig m\u00f6jlighet att skr\u00e4ddarsy din vapingupplevelse.<\/p>\n<p class=\"whitespace-normal break-words\">Tornado \u00e4r designad f\u00f6r dig som \u00e4r p\u00e5 spr\u00e5ng och utm\u00e4rker sig med sin kompakta storlek och inhalationsaktiva aktiveringsmekanism, vilket g\u00f6r den exceptionellt anv\u00e4ndarv\u00e4nlig. Strawberry Ice-smaken kombinerar s\u00f6ta jordgubbar med en uppfriskande sval touch f\u00f6r en uppfriskande smakupplevelse. Tornado 7000 finns tillg\u00e4nglig i nikotinsaltgraderna 0%, 2%, 3% och 5% och tilltalar olika preferenser.<\/p>\n<h3 class=\"text-lg font-bold text-text-100 mt-1 -mb-1.5\">Data om h\u00e5rdvara<\/h3>\n<p class=\"whitespace-normal break-words\">\u2611 Nikotinhalt: 0% \/2%\/3%\/5%<br \/>\nE-sprit volym: 14ml<br \/>\n\u2611 \u00c5ngt\u00e5g per enhet: 7000<br \/>\n\u2611 Kontroll av luftfl\u00f6de<br \/>\nTyp C-laddningsport<br \/>\nUppladdningsbart batteri<br \/>\n\u2611 Inbyggd energilagringsenhet p\u00e5 850 mAh<\/p>\n<h3 class=\"text-lg font-bold text-text-100 mt-1 -mb-1.5\">Uppt\u00e4ck mer FUMOT VAPE p\u00e5 vozolpuff<\/h3>\n<p class=\"whitespace-normal break-words\">Utforska v\u00e5rt breda sortiment av produkter p\u00e5 v\u00e5r <strong><a class=\"underline\" href=\"https:\/\/vozolpuff.de\/sv\/\">Huvudplattform<\/a><\/strong>, uppt\u00e4ck h\u00f6gklassiga vapingartiklar i <strong><a class=\"underline\" href=\"https:\/\/vozolpuff.de\/sv\/product-category\/fumot-vape\/\">FUMOT VAPE Division<\/a><\/strong> eller bl\u00e4ddra igenom hela <strong><a class=\"underline\" href=\"https:\/\/vozolpuff.de\/sv\/product-category\/fumot-vape\/randm-tornado-7000\/\">RandM Tornado 7000 En m\u00e4ngd olika smaker<\/a><\/strong>.<\/p>","protected":false},"excerpt":{"rendered":"<p class=\"whitespace-normal break-words\">RandM Tornado 7000 Strawberry Ice eng\u00e5ngsvape kombinerar s\u00f6ta jordgubbar med en uppfriskande sval effekt i upp till 7000 puffar. Med 14ml e-liquid tank, 850mAh uppladdningsbart batteri och justerbar luftfl\u00f6deskontroll. Finns i 0%, 2%, 3% och 5% nikotin. Mesh coil-teknik f\u00f6r en uppfriskande fruktig upplevelse.<\/p>\n<p class=\"whitespace-normal break-words\">","protected":false},"featured_media":3736,"comment_status":"open","ping_status":"closed","template":"","meta":{"_acf_changed":false},"product_brand":[],"product_cat":[50],"product_tag":[],"class_list":{"0":"post-3732","1":"product","2":"type-product","3":"status-publish","4":"has-post-thumbnail","6":"product_cat-randm-tornado-7000","8":"first","9":"instock","10":"shipping-taxable","11":"purchasable","12":"product-type-variable"},"acf":[],"_links":{"self":[{"href":"https:\/\/vozolpuff.de\/sv\/wp-json\/wp\/v2\/product\/3732","targetHints":{"allow":["GET"]}}],"collection":[{"href":"https:\/\/vozolpuff.de\/sv\/wp-json\/wp\/v2\/product"}],"about":[{"href":"https:\/\/vozolpuff.de\/sv\/wp-json\/wp\/v2\/types\/product"}],"replies":[{"embeddable":true,"href":"https:\/\/vozolpuff.de\/sv\/wp-json\/wp\/v2\/comments?post=3732"}],"wp:featuredmedia":[{"embeddable":true,"href":"https:\/\/vozolpuff.de\/sv\/wp-json\/wp\/v2\/media\/3736"}],"wp:attachment":[{"href":"https:\/\/vozolpuff.de\/sv\/wp-json\/wp\/v2\/media?parent=3732"}],"wp:term":[{"taxonomy":"product_brand","embeddable":true,"href":"https:\/\/vozolpuff.de\/sv\/wp-json\/wp\/v2\/product_brand?post=3732"},{"taxonomy":"product_cat","embeddable":true,"href":"https:\/\/vozolpuff.de\/sv\/wp-json\/wp\/v2\/product_cat?post=3732"},{"taxonomy":"product_tag","embeddable":true,"href":"https:\/\/vozolpuff.de\/sv\/wp-json\/wp\/v2\/product_tag?post=3732"}],"curies":[{"name":"wp","href":"https:\/\/api.w.org\/{rel}","templated":true}]}}