{"id":3750,"date":"2025-09-09T10:26:51","date_gmt":"2025-09-09T08:26:51","guid":{"rendered":"https:\/\/vozolpuff.de\/?post_type=product&#038;p=3750"},"modified":"2025-09-09T10:26:51","modified_gmt":"2025-09-09T08:26:51","slug":"randm-tornado-7000-red-energy-ice","status":"publish","type":"product","link":"https:\/\/vozolpuff.de\/sv\/produkt\/randm-tornado-7000-red-energy-ice\/","title":{"rendered":"RandM Tornado 7000 R\u00f6d Energi Is"},"content":{"rendered":"<h2 class=\"text-xl font-bold text-text-100 mt-1 -mb-0.5\">RandM Tornado 7000 Red Energy Ice e-cigarett f\u00f6r eng\u00e5ngsbruk<\/h2>\n<p class=\"whitespace-normal break-words\">RandM Tornado 7000 Red Energy Ice Vape levererar exceptionella 7000 puffar per enhet med en kapacitet p\u00e5 14 ml e-juice och nikotinniv\u00e5er p\u00e5 0%, 2%, 3% och 5%. Den \u00e4r utrustad med ett 850mAh uppladdningsbart batteri, luftfl\u00f6deskontroll och progressiv mesh coil-teknik. Innan du anv\u00e4nder Tornado R&amp;M 7000 Red Energy Ice f\u00f6r f\u00f6rsta g\u00e5ngen \u00e4r det l\u00e4mpligt att pausa i cirka 2 minuter efter fyllning med e-juice. Denna m\u00e4ttnadstid s\u00e4kerst\u00e4ller optimal absorption och maximerar din energiska, svala \u00e5ngupplevelse.<\/p>\n<h3 class=\"text-lg font-bold text-text-100 mt-1 -mb-1.5\">RandM Tornado 7000 Red Energy Ice Specifikationer:<\/h3>\n<p class=\"whitespace-normal break-words\">RandM Tornado 7000 Red Energy Ice Disposable - ett vapingkraftverk som kombinerar den uppfriskande kicken av energidryck med en uppfriskande sval finish i ett modernt paket. Med en anm\u00e4rkningsv\u00e4rd prestanda p\u00e5 upp till 7000 puffar \u00e4r denna eng\u00e5ngs e-cigarett perfekt f\u00f6r anv\u00e4ndare som f\u00f6redrar en l\u00e5ngvarig och energigivande smakupplevelse.<\/p>\n<p class=\"whitespace-normal break-words\">Red Energy Ice Tornado \u00e4r utrustad med ett kraftfullt 850 mAh-batteri och en 14 ml f\u00f6rladdad e-v\u00e4tskebeh\u00e5llare som garanterar l\u00e5nga \u00e5ngperioder. Den justerbara luftfl\u00f6deskontrollen ger ytterligare en niv\u00e5 av anpassning och g\u00f6r att du kan kalibrera din vapingupplevelse efter eget tycke och smak.<\/p>\n<p class=\"whitespace-normal break-words\">Tornado \u00e4r utformad f\u00f6r r\u00f6kare p\u00e5 spr\u00e5ng och utm\u00e4rker sig genom sitt b\u00e4rbara format och inhalationsstyrda t\u00e4ndmekanism, vilket g\u00f6r den otroligt anv\u00e4ndarv\u00e4nlig. Smaken Red Energy Ice kombinerar den stimulerande smaken av energidrycker med en kylande effekt f\u00f6r en uppfriskande vapingupplevelse. Tornado 7000 finns tillg\u00e4nglig med nikotinsaltalternativen 0%, 2%, 3% och 5% och passar olika preferenser.<\/p>\n<h3 class=\"text-lg font-bold text-text-100 mt-1 -mb-1.5\">Specifikationer f\u00f6r enheten<\/h3>\n<p class=\"whitespace-normal break-words\">\u2611 Nikotinvarianter: 0% \/2%\/3%\/5%<br \/>\n\u2611 V\u00e4tskekapacitet: 14 ml<br \/>\nPuffar per enhet: 7000<br \/>\n\u2611 Justering av luftfl\u00f6de<br \/>\nTyp-C laddningsalternativ<br \/>\nUppladdningsbar str\u00f6mf\u00f6rs\u00f6rjningsenhet<br \/>\n\u2611 Inbyggd 850mAh str\u00f6mf\u00f6rs\u00f6rjningsenhet<\/p>\n<h3 class=\"text-lg font-bold text-text-100 mt-1 -mb-1.5\">Uppt\u00e4ck mer FUMOT VAPE p\u00e5 vozolpuff<\/h3>\n<p class=\"whitespace-normal break-words\">Uppt\u00e4ck v\u00e5rt breda sortiment av produkter p\u00e5 v\u00e5r <strong><a class=\"underline\" href=\"https:\/\/vozolpuff.de\/sv\/\">Webbplats<\/a><\/strong>utforska premium vape-h\u00e5rdvara i <strong><a class=\"underline\" href=\"https:\/\/vozolpuff.de\/sv\/product-category\/fumot-vape\/\">FUMOT VAPE sektion<\/a><\/strong> eller bl\u00e4ddra igenom hela <strong><a class=\"underline\" href=\"https:\/\/vozolpuff.de\/sv\/product-category\/fumot-vape\/randm-tornado-7000\/\">RandM Tornado 7000 smakuppsamling<\/a><\/strong>.<\/p>","protected":false},"excerpt":{"rendered":"<p class=\"whitespace-normal break-words\">RandM Tornado 7000 Red Energy Ice eng\u00e5ngsvape kombinerar stimulerande energidryckssmak med en kylande effekt i upp till 7000 puffar. Med 14 ml e-juice tank, 850mAh uppladdningsbart batteri och justerbar luftfl\u00f6deskontroll. Finns i 0%, 2%, 3% och 5% nikotin. Mesh coil-teknik f\u00f6r en energigivande upplevelse.<\/p>\n<p class=\"whitespace-normal break-words\">","protected":false},"featured_media":3753,"comment_status":"open","ping_status":"closed","template":"","meta":{"_acf_changed":false},"product_brand":[],"product_cat":[50],"product_tag":[],"class_list":{"0":"post-3750","1":"product","2":"type-product","3":"status-publish","4":"has-post-thumbnail","6":"product_cat-randm-tornado-7000","8":"first","9":"instock","10":"shipping-taxable","11":"purchasable","12":"product-type-variable"},"acf":[],"_links":{"self":[{"href":"https:\/\/vozolpuff.de\/sv\/wp-json\/wp\/v2\/product\/3750","targetHints":{"allow":["GET"]}}],"collection":[{"href":"https:\/\/vozolpuff.de\/sv\/wp-json\/wp\/v2\/product"}],"about":[{"href":"https:\/\/vozolpuff.de\/sv\/wp-json\/wp\/v2\/types\/product"}],"replies":[{"embeddable":true,"href":"https:\/\/vozolpuff.de\/sv\/wp-json\/wp\/v2\/comments?post=3750"}],"wp:featuredmedia":[{"embeddable":true,"href":"https:\/\/vozolpuff.de\/sv\/wp-json\/wp\/v2\/media\/3753"}],"wp:attachment":[{"href":"https:\/\/vozolpuff.de\/sv\/wp-json\/wp\/v2\/media?parent=3750"}],"wp:term":[{"taxonomy":"product_brand","embeddable":true,"href":"https:\/\/vozolpuff.de\/sv\/wp-json\/wp\/v2\/product_brand?post=3750"},{"taxonomy":"product_cat","embeddable":true,"href":"https:\/\/vozolpuff.de\/sv\/wp-json\/wp\/v2\/product_cat?post=3750"},{"taxonomy":"product_tag","embeddable":true,"href":"https:\/\/vozolpuff.de\/sv\/wp-json\/wp\/v2\/product_tag?post=3750"}],"curies":[{"name":"wp","href":"https:\/\/api.w.org\/{rel}","templated":true}]}}