{"id":3768,"date":"2025-09-09T10:32:02","date_gmt":"2025-09-09T08:32:02","guid":{"rendered":"https:\/\/vozolpuff.de\/?post_type=product&#038;p=3768"},"modified":"2025-09-09T10:32:02","modified_gmt":"2025-09-09T08:32:02","slug":"randm-tornado-7000-red-apple-ice","status":"publish","type":"product","link":"https:\/\/vozolpuff.de\/sv\/produkt\/randm-tornado-7000-red-apple-ice\/","title":{"rendered":"RandM Tornado 7000 Red Apple Ice"},"content":{"rendered":"<h2 class=\"text-xl font-bold text-text-100 mt-1 -mb-0.5\">RandM Tornado 7000 Red Apple Ice e-cigarett f\u00f6r eng\u00e5ngsbruk<\/h2>\n<p class=\"whitespace-normal break-words\">RandM Tornado 7000 Red Apple Ice Vape ger dig enast\u00e5ende 7000 puffar per enhet med en 14 ml e-juicefyllning och nikotinniv\u00e5er p\u00e5 0%, 2%, 3% och 5%. Den har ett 850mAh uppladdningsbart batteri, dragkontroll och avancerad mesh coil-teknik. Innan du anv\u00e4nder Tornado R&amp;M 7000 Red Apple Ice f\u00f6r f\u00f6rsta g\u00e5ngen rekommenderas att du v\u00e4ntar ca 2 minuter efter att du fyllt p\u00e5 med e-juice. Denna absorptionstid s\u00e4kerst\u00e4ller fullst\u00e4ndig m\u00e4ttnad och full\u00e4ndar din uppfriskande, fruktiga \u00e5ngupplevelse.<\/p>\n<h3 class=\"text-lg font-bold text-text-100 mt-1 -mb-1.5\">RandM Tornado 7000 Red Apple Ice Egenskaper:<\/h3>\n<p class=\"whitespace-normal break-words\">RandM Tornado 7000 Red Apple Ice eng\u00e5ngs e-cigarett - en premium vaping-enhet som kombinerar den naturliga s\u00f6tman hos r\u00f6da \u00e4pplen med en uppfriskande sval effekt i ett snyggt h\u00f6lje. Med en imponerande effekt p\u00e5 upp till 7000 puffar \u00e4r denna eng\u00e5ngs-e-cigarett idealisk f\u00f6r anv\u00e4ndare som vill ha en l\u00e5ngvarig och uppfriskande s\u00f6t smakupplevelse.<\/p>\n<p class=\"whitespace-normal break-words\">Red Apple Ice Tornado \u00e4r utrustad med ett kraftfullt 850mAh-batteri och en gener\u00f6s 14ml f\u00f6rfylld e-v\u00e4tsketank, vilket garanterar ut\u00f6kade \u00e5ngsessioner. Den justerbara luftfl\u00f6deskontrollen m\u00f6jligg\u00f6r ytterligare personaliseringsalternativ och l\u00e5ter dig konfigurera din \u00e5ngupplevelse enligt dina \u00f6nskem\u00e5l.<\/p>\n<p class=\"whitespace-normal break-words\">Tornado \u00e4r utvecklad f\u00f6r mobila vape-entusiaster och \u00f6vertygar med sin kompakta design och inhalationsstyrda aktiveringssystem, vilket g\u00f6r den extremt anv\u00e4ndarv\u00e4nlig. Smaken Red Apple Ice kombinerar saftiga r\u00f6da \u00e4pplen med en svalkande touch f\u00f6r en uppfriskande fruktig vapingupplevelse. Tornado 7000 finns tillg\u00e4nglig i nikotinsaltvarianterna 0%, 2%, 3% och 5% och tillgodoser ett brett spektrum av behov.<\/p>\n<h3 class=\"text-lg font-bold text-text-100 mt-1 -mb-1.5\">Specifikationer f\u00f6r h\u00e5rdvara<\/h3>\n<p class=\"whitespace-normal break-words\">\u2611 Nikotinhalt: 0% \/2%\/3%\/5%<br \/>\n\u2611 E-v\u00e4tskans volym: 14 ml<br \/>\nInandning per enhet: 7000<br \/>\n\u2611 Kontroll av luftfl\u00f6de<br \/>\n\u2611 Typ C-laddning<br \/>\nUppladdningsbar energik\u00e4lla<br \/>\n\u2611 Integrerat batteripaket p\u00e5 850 mAh<\/p>\n<h3 class=\"text-lg font-bold text-text-100 mt-1 -mb-1.5\">Uppt\u00e4ck mer FUMOT VAPE p\u00e5 vozolpuff<\/h3>\n<p class=\"whitespace-normal break-words\">Bl\u00e4ddra igenom v\u00e5rt breda sortiment av produkter p\u00e5 v\u00e5r <strong><a class=\"underline\" href=\"https:\/\/vozolpuff.de\/sv\/\">Huvudsida<\/a><\/strong>utforska premium vaping-enheter i <strong><a class=\"underline\" href=\"https:\/\/vozolpuff.de\/sv\/product-category\/fumot-vape\/\">FUMOT VAPE Kategori<\/a><\/strong> eller bl\u00e4ddra igenom den kompletta <strong><a class=\"underline\" href=\"https:\/\/vozolpuff.de\/sv\/product-category\/fumot-vape\/randm-tornado-7000\/\">RandM Tornado 7000 smakomr\u00e5de<\/a><\/strong>.<\/p>","protected":false},"excerpt":{"rendered":"<p class=\"whitespace-normal break-words\">RandM Tornado 7000 Red Apple Ice eng\u00e5ngsvape kombinerar saftiga r\u00f6da \u00e4pplen med en uppfriskande sval effekt i upp till 7000 puffar. Med 14ml e-liquid tank, 850mAh uppladdningsbart batteri och justerbar luftfl\u00f6deskontroll. Finns i 0%, 2%, 3% och 5% nikotin. Mesh coil-teknik f\u00f6r en uppfriskande s\u00f6t upplevelse.<\/p>\n<p class=\"whitespace-normal break-words\">","protected":false},"featured_media":3770,"comment_status":"open","ping_status":"closed","template":"","meta":{"_acf_changed":false},"product_brand":[],"product_cat":[50],"product_tag":[],"class_list":{"0":"post-3768","1":"product","2":"type-product","3":"status-publish","4":"has-post-thumbnail","6":"product_cat-randm-tornado-7000","8":"first","9":"instock","10":"shipping-taxable","11":"purchasable","12":"product-type-variable"},"acf":[],"_links":{"self":[{"href":"https:\/\/vozolpuff.de\/sv\/wp-json\/wp\/v2\/product\/3768","targetHints":{"allow":["GET"]}}],"collection":[{"href":"https:\/\/vozolpuff.de\/sv\/wp-json\/wp\/v2\/product"}],"about":[{"href":"https:\/\/vozolpuff.de\/sv\/wp-json\/wp\/v2\/types\/product"}],"replies":[{"embeddable":true,"href":"https:\/\/vozolpuff.de\/sv\/wp-json\/wp\/v2\/comments?post=3768"}],"wp:featuredmedia":[{"embeddable":true,"href":"https:\/\/vozolpuff.de\/sv\/wp-json\/wp\/v2\/media\/3770"}],"wp:attachment":[{"href":"https:\/\/vozolpuff.de\/sv\/wp-json\/wp\/v2\/media?parent=3768"}],"wp:term":[{"taxonomy":"product_brand","embeddable":true,"href":"https:\/\/vozolpuff.de\/sv\/wp-json\/wp\/v2\/product_brand?post=3768"},{"taxonomy":"product_cat","embeddable":true,"href":"https:\/\/vozolpuff.de\/sv\/wp-json\/wp\/v2\/product_cat?post=3768"},{"taxonomy":"product_tag","embeddable":true,"href":"https:\/\/vozolpuff.de\/sv\/wp-json\/wp\/v2\/product_tag?post=3768"}],"curies":[{"name":"wp","href":"https:\/\/api.w.org\/{rel}","templated":true}]}}