{"id":3777,"date":"2025-09-09T10:37:07","date_gmt":"2025-09-09T08:37:07","guid":{"rendered":"https:\/\/vozolpuff.de\/?post_type=product&#038;p=3777"},"modified":"2025-09-09T10:37:07","modified_gmt":"2025-09-09T08:37:07","slug":"randm-tornado-7000-berry-lemonade","status":"publish","type":"product","link":"https:\/\/vozolpuff.de\/sv\/produkt\/randm-tornado-7000-berry-lemonade\/","title":{"rendered":"RandM Tornado 7000 Berry Lemonade"},"content":{"rendered":"<h2 class=\"text-xl font-bold text-text-100 mt-1 -mb-0.5\">RandM Tornado 7000 Berry Lemonade e-cigarett f\u00f6r eng\u00e5ngsbruk<\/h2>\n<p class=\"whitespace-normal break-words\">RandM Tornado 7000 Berry Lemonade e-cigarett m\u00f6jligg\u00f6r spektakul\u00e4ra 7000 bloss per enhet med en 14 ml e-juice kapacitet och nikotinkoncentrationer p\u00e5 0%, 2%, 3% och 5%. Enheten har ett 850mAh uppladdningsbart batteri, luftfl\u00f6deshantering och innovativ mesh coil-teknik. Innan du anv\u00e4nder Tornado R&amp;M 7000 Berry Lemonade f\u00f6r f\u00f6rsta g\u00e5ngen b\u00f6r du v\u00e4nta cirka 2 minuter efter att du fyllt p\u00e5 e-juice. Denna viloperiod s\u00e4kerst\u00e4ller perfekt penetration och maximerar din b\u00e4ruppfriskande \u00e5ngupplevelse.<\/p>\n<h3 class=\"text-lg font-bold text-text-100 mt-1 -mb-1.5\">RandM Tornado 7000 Berry Lemonade Egenskaper:<\/h3>\n<p class=\"whitespace-normal break-words\">RandM Tornado 7000 Berry Lemonade Disposable - ett kraftpaket f\u00f6r vaping som f\u00f6renar den s\u00f6ta intensiteten av blandade b\u00e4r med den syrliga syrligheten av lemonad i ett sofistikerat paket. Med en anm\u00e4rkningsv\u00e4rd uth\u00e5llighet p\u00e5 upp till 7000 puffar \u00e4r denna eng\u00e5ngs-e-cigarett perfekt f\u00f6r anv\u00e4ndare som f\u00f6redrar en l\u00e5ngvarig och fruktig, uppfriskande smak.<\/p>\n<p class=\"whitespace-normal break-words\">Berry Lemonade Tornado \u00e4r utrustad med ett robust 850mAh-batteri och en expansiv 14ml f\u00f6rberedd e-liquid tank, vilket garanterar l\u00e5nga \u00e5ngfaser. Den modulerbara luftfl\u00f6deskontrollen ger ytterligare justeringsniv\u00e5er och ger dig m\u00f6jlighet att anpassa din vapingupplevelse.<\/p>\n<p class=\"whitespace-normal break-words\">Tornado \u00e4r designad f\u00f6r vapers p\u00e5 spr\u00e5ng och utm\u00e4rker sig med sitt praktiska format och andningsaktiverade t\u00e4ndanordning, vilket g\u00f6r den extremt anv\u00e4ndarv\u00e4nlig. Smaken Berry Lemonade kombinerar s\u00f6ta b\u00e4r med citronliknande lemonad f\u00f6r en harmonisk, fruktig smakupplevelse. Tornado 7000 finns tillg\u00e4nglig i nikotinsaltversionerna 0%, 2%, 3% och 5% och uppfyller olika \u00f6nskem\u00e5l.<\/p>\n<h3 class=\"text-lg font-bold text-text-100 mt-1 -mb-1.5\">Enhetens data<\/h3>\n<p class=\"whitespace-normal break-words\">\u2611 Nikotinstyrkor: 0% \/2%\/3%\/5%<br \/>\n\u2611 Beh\u00e5llarens kapacitet: 14 ml<br \/>\nPuffar per enhet: 7000<br \/>\n\u2611 Modifiering av luftfl\u00f6de<br \/>\nTyp C-laddningsport<br \/>\nUppladdningsbart batteri<br \/>\n\u2611 Inbyggd energilagringsenhet p\u00e5 850 mAh<\/p>\n<h3 class=\"text-lg font-bold text-text-100 mt-1 -mb-1.5\">Uppt\u00e4ck mer FUMOT VAPE p\u00e5 vozolpuff<\/h3>\n<p class=\"whitespace-normal break-words\">Utforska v\u00e5rt breda sortiment av produkter p\u00e5 v\u00e5r <strong><a class=\"underline\" href=\"https:\/\/vozolpuff.de\/sv\/\">Online-plattform<\/a><\/strong>uppt\u00e4cka h\u00f6gklassiga \u00e5ngprodukter i <strong><a class=\"underline\" href=\"https:\/\/vozolpuff.de\/sv\/product-category\/fumot-vape\/\">FUMOT VAPE Division<\/a><\/strong> eller bl\u00e4ddra igenom den kompletta <strong><a class=\"underline\" href=\"https:\/\/vozolpuff.de\/sv\/product-category\/fumot-vape\/randm-tornado-7000\/\">RandM Tornado 7000 En m\u00e4ngd olika smaker<\/a><\/strong>.<\/p>","protected":false},"excerpt":{"rendered":"<p class=\"whitespace-normal break-words\">RandM Tornado 7000 Berry Lemonade eng\u00e5ngsvape kombinerar s\u00f6ta b\u00e4r med syrlig lemonad. Med 7000 puffar, 14 ml e-liquid-kapacitet, 850 mAh batteri och mesh coil-teknik erbjuder den l\u00e5ngvarig \u00e5ngupplevelse med 0%, 2%, 3% eller 5% nikotin.<\/p>\n<p class=\"whitespace-normal break-words\">","protected":false},"featured_media":3781,"comment_status":"open","ping_status":"closed","template":"","meta":{"_acf_changed":false},"product_brand":[],"product_cat":[50],"product_tag":[],"class_list":{"0":"post-3777","1":"product","2":"type-product","3":"status-publish","4":"has-post-thumbnail","6":"product_cat-randm-tornado-7000","8":"first","9":"instock","10":"shipping-taxable","11":"purchasable","12":"product-type-variable"},"acf":[],"_links":{"self":[{"href":"https:\/\/vozolpuff.de\/sv\/wp-json\/wp\/v2\/product\/3777","targetHints":{"allow":["GET"]}}],"collection":[{"href":"https:\/\/vozolpuff.de\/sv\/wp-json\/wp\/v2\/product"}],"about":[{"href":"https:\/\/vozolpuff.de\/sv\/wp-json\/wp\/v2\/types\/product"}],"replies":[{"embeddable":true,"href":"https:\/\/vozolpuff.de\/sv\/wp-json\/wp\/v2\/comments?post=3777"}],"wp:featuredmedia":[{"embeddable":true,"href":"https:\/\/vozolpuff.de\/sv\/wp-json\/wp\/v2\/media\/3781"}],"wp:attachment":[{"href":"https:\/\/vozolpuff.de\/sv\/wp-json\/wp\/v2\/media?parent=3777"}],"wp:term":[{"taxonomy":"product_brand","embeddable":true,"href":"https:\/\/vozolpuff.de\/sv\/wp-json\/wp\/v2\/product_brand?post=3777"},{"taxonomy":"product_cat","embeddable":true,"href":"https:\/\/vozolpuff.de\/sv\/wp-json\/wp\/v2\/product_cat?post=3777"},{"taxonomy":"product_tag","embeddable":true,"href":"https:\/\/vozolpuff.de\/sv\/wp-json\/wp\/v2\/product_tag?post=3777"}],"curies":[{"name":"wp","href":"https:\/\/api.w.org\/{rel}","templated":true}]}}