{"id":3786,"date":"2025-09-09T10:39:51","date_gmt":"2025-09-09T08:39:51","guid":{"rendered":"https:\/\/vozolpuff.de\/?post_type=product&#038;p=3786"},"modified":"2025-09-09T10:39:51","modified_gmt":"2025-09-09T08:39:51","slug":"randm-tornado-7000-blueberry-bubblegum","status":"publish","type":"product","link":"https:\/\/vozolpuff.de\/sv\/produkt\/randm-tornado-7000-blueberry-bubblegum\/","title":{"rendered":"RandM Tornado 7000 Bl\u00e5b\u00e4r Bubblegum"},"content":{"rendered":"<h2 class=\"text-xl font-bold text-text-100 mt-1 -mb-0.5\">RandM Tornado 7000 Blueberry Bubblegum eng\u00e5ngs-e-cigarett<\/h2>\n<p class=\"whitespace-normal break-words\">RandM Tornado 7000 Blueberry Bubblegum Vape levererar imponerande 7000 puffar per enhet med en 14 ml e-juicep\u00e5fyllning och nikotinniv\u00e5er p\u00e5 0%, 2%, 3% och 5%. Den \u00e4r utrustad med ett 850mAh uppladdningsbart batteri, dragkontroll och modern mesh coil-teknik. Innan du anv\u00e4nder Tornado R&amp;M 7000 Blueberry Bubblegum f\u00f6r f\u00f6rsta g\u00e5ngen rekommenderar vi en v\u00e4ntetid p\u00e5 cirka 2 minuter efter att du har fyllt den med e-juice. Denna m\u00e4ttnadsfas s\u00e4kerst\u00e4ller optimal absorption och full\u00e4ndar din s\u00f6ta och fruktiga \u00e5ngupplevelse.<\/p>\n<h3 class=\"text-lg font-bold text-text-100 mt-1 -mb-1.5\">RandM Tornado 7000 Blueberry Bubblegum Egenskaper:<\/h3>\n<p class=\"whitespace-normal break-words\">RandM Tornado 7000 Blueberry Bubblegum eng\u00e5ngsvape - en h\u00f6gpresterande \u00e5ngapparat som kombinerar den naturliga s\u00f6tman hos bl\u00e5b\u00e4r med den nostalgiska s\u00f6tman hos bubbelgum i ett elegant h\u00f6lje. Med en enast\u00e5ende prestanda p\u00e5 upp till 7000 puffar \u00e4r denna eng\u00e5ngs e-cigarett idealisk f\u00f6r entusiaster som letar efter en l\u00e5ngvarig, s\u00f6t och fruktig smakupplevelse.<\/p>\n<p class=\"whitespace-normal break-words\">Blueberry Bubblegum Tornado \u00e4r utrustad med ett kraftfullt 850mAh-batteri och en 14ml f\u00f6rfylld e-v\u00e4tskebeh\u00e5llare, vilket garanterar omfattande vaping-sessioner. Den justerbara luftfl\u00f6deskontrollen ger en dimension av anpassning och g\u00f6r att du kan \u00e4ndra din vapingupplevelse efter eget tycke och smak.<\/p>\n<p class=\"whitespace-normal break-words\">Tornado \u00e4r utformad f\u00f6r mobila vapers och imponerar med sin b\u00e4rbara design och dragaktiverade aktiveringsenhet, vilket g\u00f6r den extremt anv\u00e4ndarv\u00e4nlig. Blueberry Bubblegum-smaken kombinerar s\u00f6ta bl\u00e5b\u00e4r med bubbelgumssmak f\u00f6r en lekfull smakupplevelse. Tornado 7000 finns tillg\u00e4nglig i nikotinsaltgraderingarna 0%, 2%, 3% och 5% och tilltalar olika behov.<\/p>\n<h3 class=\"text-lg font-bold text-text-100 mt-1 -mb-1.5\">Tekniska egenskaper<\/h3>\n<p class=\"whitespace-normal break-words\">\u2611 Nikotinvarianter: 0% \/2%\/3%\/5%<br \/>\n\u2611 V\u00e4tskekapacitet: 14 ml<br \/>\n\u2611 \u00c5ngt\u00e5g per enhet: 7000<br \/>\n\u2611 Justering av luftfl\u00f6de<br \/>\nTyp-C str\u00f6mf\u00f6rs\u00f6rjning<br \/>\nUppladdningsbar kraftcell<br \/>\n\u2611 Integrerad str\u00f6mk\u00e4lla p\u00e5 850 mAh<\/p>\n<h3 class=\"text-lg font-bold text-text-100 mt-1 -mb-1.5\">Uppt\u00e4ck mer FUMOT VAPE p\u00e5 vozolpuff<\/h3>\n<p class=\"whitespace-normal break-words\">Navigera genom v\u00e5rt omfattande sortiment av produkter p\u00e5 v\u00e5r <strong><a class=\"underline\" href=\"https:\/\/vozolpuff.de\/sv\/\">N\u00e4rvaro p\u00e5 webben<\/a><\/strong>utforska premium vape-produkter i <strong><a class=\"underline\" href=\"https:\/\/vozolpuff.de\/sv\/product-category\/fumot-vape\/\">FUMOT VAPE Kategori<\/a><\/strong> eller s\u00f6k i hela <strong><a class=\"underline\" href=\"https:\/\/vozolpuff.de\/sv\/product-category\/fumot-vape\/randm-tornado-7000\/\">RandM Tornado 7000 smak v\u00e4rld<\/a><\/strong>.<\/p>","protected":false},"excerpt":{"rendered":"<p>RandM Tornado 7000 Blueberry Bubblegum eng\u00e5ngsvape kombinerar naturlig bl\u00e5b\u00e4rss\u00f6tma med en nostalgisk bubbelgumssmak. Med 7000 puffar, 14 ml e-liquid-kapacitet, 850 mAh batteri och mesh coil-teknik erbjuder den l\u00e5ngvarig \u00e5ngupplevelse i 0%, 2%, 3% eller 5% nikotin.repeat<\/p>","protected":false},"featured_media":3789,"comment_status":"open","ping_status":"closed","template":"","meta":{"_acf_changed":false},"product_brand":[],"product_cat":[50],"product_tag":[],"class_list":{"0":"post-3786","1":"product","2":"type-product","3":"status-publish","4":"has-post-thumbnail","6":"product_cat-randm-tornado-7000","8":"first","9":"instock","10":"shipping-taxable","11":"purchasable","12":"product-type-variable"},"acf":[],"_links":{"self":[{"href":"https:\/\/vozolpuff.de\/sv\/wp-json\/wp\/v2\/product\/3786","targetHints":{"allow":["GET"]}}],"collection":[{"href":"https:\/\/vozolpuff.de\/sv\/wp-json\/wp\/v2\/product"}],"about":[{"href":"https:\/\/vozolpuff.de\/sv\/wp-json\/wp\/v2\/types\/product"}],"replies":[{"embeddable":true,"href":"https:\/\/vozolpuff.de\/sv\/wp-json\/wp\/v2\/comments?post=3786"}],"wp:featuredmedia":[{"embeddable":true,"href":"https:\/\/vozolpuff.de\/sv\/wp-json\/wp\/v2\/media\/3789"}],"wp:attachment":[{"href":"https:\/\/vozolpuff.de\/sv\/wp-json\/wp\/v2\/media?parent=3786"}],"wp:term":[{"taxonomy":"product_brand","embeddable":true,"href":"https:\/\/vozolpuff.de\/sv\/wp-json\/wp\/v2\/product_brand?post=3786"},{"taxonomy":"product_cat","embeddable":true,"href":"https:\/\/vozolpuff.de\/sv\/wp-json\/wp\/v2\/product_cat?post=3786"},{"taxonomy":"product_tag","embeddable":true,"href":"https:\/\/vozolpuff.de\/sv\/wp-json\/wp\/v2\/product_tag?post=3786"}],"curies":[{"name":"wp","href":"https:\/\/api.w.org\/{rel}","templated":true}]}}