{"id":3804,"date":"2025-09-09T10:45:19","date_gmt":"2025-09-09T08:45:19","guid":{"rendered":"https:\/\/vozolpuff.de\/?post_type=product&#038;p=3804"},"modified":"2025-09-09T10:45:20","modified_gmt":"2025-09-09T08:45:20","slug":"randm-tornado-7000-mr-blue","status":"publish","type":"product","link":"https:\/\/vozolpuff.de\/sv\/produkt\/randm-tornado-7000-mr-blue\/","title":{"rendered":"RandM Tornado 7000 Herr Bl\u00e5"},"content":{"rendered":"<h2 class=\"text-xl font-bold text-text-100 mt-1 -mb-0.5\">RandM Tornado 7000 Mr Blue e-cigarett f\u00f6r eng\u00e5ngsbruk<\/h2>\n<p class=\"whitespace-normal break-words\">RandM Tornado 7000 Mr Blue Vape ger dig 7000 puffar per enhet med en kapacitet p\u00e5 14 ml e-juice och nikotinniv\u00e5er p\u00e5 0%, 2%, 3% och 5%. Den har ett 850mAh uppladdningsbart batteri, dragkontroll och modern mesh coil-teknik. Innan du anv\u00e4nder Tornado R&amp;M 7000 Mr Blue f\u00f6r f\u00f6rsta g\u00e5ngen b\u00f6r du pausa i cirka 2 minuter efter att du fyllt den med e-juice. Denna absorptionsperiod s\u00e4kerst\u00e4ller perfekt m\u00e4ttnad och maximerar din intensiva, b\u00e4riga \u00e5ngupplevelse.<\/p>\n<h3 class=\"text-lg font-bold text-text-100 mt-1 -mb-1.5\">RandM Tornado 7000 Mr Blue Funktioner:<\/h3>\n<p class=\"whitespace-normal break-words\">RandM Tornado 7000 Mr Blue Disposable - ett \u00e5ngm\u00e4starverk som kombinerar den komplexa s\u00f6tman hos blandade bl\u00e5b\u00e4r med ett mystiskt djup i en kompakt design. Med en extraordin\u00e4r uth\u00e5llighet p\u00e5 upp till 7000 puffar \u00e4r denna eng\u00e5ngs e-cigarett idealisk f\u00f6r anv\u00e4ndare som f\u00f6redrar en l\u00e5ngvarig och flerskiktad smakupplevelse.<\/p>\n<p class=\"whitespace-normal break-words\">Mr Blue Tornado \u00e4r utrustad med ett p\u00e5litligt 850mAh-batteri och en gener\u00f6s 14ml e-liquid tank, vilket garanterar l\u00e5nga vapingstunder. Den justerbara luftfl\u00f6deskontrollen ger ytterligare anpassningsniv\u00e5er och ger dig m\u00f6jlighet att finjustera din vapingupplevelse.<\/p>\n<p class=\"whitespace-normal break-words\">Tornado \u00e4r skapad f\u00f6r vapingfans som \u00e4r p\u00e5 spr\u00e5ng och imponerar med sitt praktiska format och dragaktiverade avtryckarmekanism, vilket g\u00f6r den exceptionellt anv\u00e4ndarv\u00e4nlig. Mr Blue-smaken erbjuder en komplex blandning av bl\u00e5 frukter f\u00f6r en djup, b\u00e4rig smakupplevelse. Tornado 7000 finns tillg\u00e4nglig i nikotinsaltvarianterna 0%, 2%, 3% och 5% och uppfyller ett brett spektrum av krav.<\/p>\n<h3 class=\"text-lg font-bold text-text-100 mt-1 -mb-1.5\">Specifikationer f\u00f6r enheten<\/h3>\n<p class=\"whitespace-normal break-words\">\u2611 Nikotinstyrkor: 0% \/2%\/3%\/5%<br \/>\n\u2611 Beh\u00e5llarens inneh\u00e5ll: 14 ml<br \/>\nPuffar per enhet: 7000<br \/>\n\u2611 Kontroll av luftfl\u00f6de<br \/>\n\u2611 Typ C-laddning<br \/>\nUppladdningsbar battericell<br \/>\n\u2611 Integrerad 850 mAh str\u00f6mf\u00f6rs\u00f6rjning<\/p>\n<h3 class=\"text-lg font-bold text-text-100 mt-1 -mb-1.5\">Uppt\u00e4ck mer FUMOT VAPE p\u00e5 vozolpuff<\/h3>\n<p class=\"whitespace-normal break-words\">Bl\u00e4ddra igenom v\u00e5r omfattande portf\u00f6lj p\u00e5 v\u00e5r <strong><a class=\"underline\" href=\"https:\/\/vozolpuff.de\/sv\/\">Hemsida<\/a><\/strong>, uppt\u00e4ck h\u00f6gkvalitativa \u00e5ngprodukter i <strong><a class=\"underline\" href=\"https:\/\/vozolpuff.de\/sv\/product-category\/fumot-vape\/\">FUMOT VAPE Avdelning<\/a><\/strong> eller utforska den kompletta <strong><a class=\"underline\" href=\"https:\/\/vozolpuff.de\/sv\/product-category\/fumot-vape\/randm-tornado-7000\/\">RandM Tornado 7000 val av smak<\/a><\/strong>.<\/p>","protected":false},"excerpt":{"rendered":"<p>RandM Tornado 7000 Mr Blue eng\u00e5ngsvape kombinerar den komplexa s\u00f6tman av blandade bl\u00e5b\u00e4r med mystiskt djup. Med 7000 puffar, 14 ml e-v\u00e4tskekapacitet, 850 mAh batteri och mesh coil-teknik erbjuder den l\u00e5ngvarig \u00e5ngupplevelse i 0%, 2%, 3% eller 5% nikotin.repeat<\/p>","protected":false},"featured_media":3808,"comment_status":"open","ping_status":"closed","template":"","meta":{"_acf_changed":false},"product_brand":[],"product_cat":[50],"product_tag":[],"class_list":{"0":"post-3804","1":"product","2":"type-product","3":"status-publish","4":"has-post-thumbnail","6":"product_cat-randm-tornado-7000","8":"first","9":"instock","10":"shipping-taxable","11":"purchasable","12":"product-type-variable"},"acf":[],"_links":{"self":[{"href":"https:\/\/vozolpuff.de\/sv\/wp-json\/wp\/v2\/product\/3804","targetHints":{"allow":["GET"]}}],"collection":[{"href":"https:\/\/vozolpuff.de\/sv\/wp-json\/wp\/v2\/product"}],"about":[{"href":"https:\/\/vozolpuff.de\/sv\/wp-json\/wp\/v2\/types\/product"}],"replies":[{"embeddable":true,"href":"https:\/\/vozolpuff.de\/sv\/wp-json\/wp\/v2\/comments?post=3804"}],"wp:featuredmedia":[{"embeddable":true,"href":"https:\/\/vozolpuff.de\/sv\/wp-json\/wp\/v2\/media\/3808"}],"wp:attachment":[{"href":"https:\/\/vozolpuff.de\/sv\/wp-json\/wp\/v2\/media?parent=3804"}],"wp:term":[{"taxonomy":"product_brand","embeddable":true,"href":"https:\/\/vozolpuff.de\/sv\/wp-json\/wp\/v2\/product_brand?post=3804"},{"taxonomy":"product_cat","embeddable":true,"href":"https:\/\/vozolpuff.de\/sv\/wp-json\/wp\/v2\/product_cat?post=3804"},{"taxonomy":"product_tag","embeddable":true,"href":"https:\/\/vozolpuff.de\/sv\/wp-json\/wp\/v2\/product_tag?post=3804"}],"curies":[{"name":"wp","href":"https:\/\/api.w.org\/{rel}","templated":true}]}}