{"id":3822,"date":"2025-09-09T10:50:27","date_gmt":"2025-09-09T08:50:27","guid":{"rendered":"https:\/\/vozolpuff.de\/?post_type=product&#038;p=3822"},"modified":"2025-09-09T10:50:27","modified_gmt":"2025-09-09T08:50:27","slug":"randm-tornado-7000-blueberry-pomegranate","status":"publish","type":"product","link":"https:\/\/vozolpuff.de\/sv\/produkt\/randm-tornado-7000-blueberry-pomegranate\/","title":{"rendered":"RandM Tornado 7000 Bl\u00e5b\u00e4r Granat\u00e4pple"},"content":{"rendered":"<h2 class=\"text-xl font-bold text-text-100 mt-1 -mb-0.5\">RandM Tornado 7000 Blueberry Pomegranate eng\u00e5ngs-e-cigarett<\/h2>\n<p class=\"whitespace-normal break-words\">RandM Tornado 7000 Blueberry Pomegranate Vape erbjuder spektakul\u00e4ra 7000 puffar per enhet med en kapacitet p\u00e5 14 ml e-juice och nikotinniv\u00e5er p\u00e5 0%, 2%, 3% och 5%. Den har ett 850mAh uppladdningsbart batteri, dragkontroll och innovativ mesh coil-teknik. Innan du anv\u00e4nder Tornado R&amp;M 7000 Blueberry Pomegranate f\u00f6r f\u00f6rsta g\u00e5ngen b\u00f6r du v\u00e4nta cirka 2 minuter efter att du har fyllt p\u00e5 med e-juice. Denna m\u00e4ttnadstid s\u00e4kerst\u00e4ller idealisk penetration och maximerar din antioxidantrika vapingupplevelse.<\/p>\n<h3 class=\"text-lg font-bold text-text-100 mt-1 -mb-1.5\">RandM Tornado 7000 Bl\u00e5b\u00e4r Granat\u00e4pple Egenskaper:<\/h3>\n<p class=\"whitespace-normal break-words\">RandM Tornado 7000 Blueberry Pomegranate Disposable - ett kraftpaket f\u00f6r vaping som f\u00f6renar bl\u00e5b\u00e4rens s\u00f6ta intensitet med granat\u00e4pplets syrligt s\u00f6ta komplexitet i ett sofistikerat paket. Med en anm\u00e4rkningsv\u00e4rd uth\u00e5llighet p\u00e5 upp till 7000 puffar \u00e4r denna eng\u00e5ngs e-cigarett perfekt f\u00f6r finsmakare som uppskattar en l\u00e5ngvarig och sofistikerad smakupplevelse.<\/p>\n<p class=\"whitespace-normal break-words\">Blueberry Pomegranate Tornado \u00e4r utrustad med ett robust 850mAh-batteri och en 14 ml f\u00f6rberedd e-v\u00e4tskebeh\u00e5llare, vilket garanterar l\u00e5ngvariga \u00e5ngfaser. Den justerbara luftfl\u00f6deskontrollen erbjuder ytterligare anpassningsniv\u00e5er och l\u00e5ter dig justera din vapingupplevelse individuellt.<\/p>\n<p class=\"whitespace-normal break-words\">Tornado \u00e4r utformad f\u00f6r r\u00f6kare p\u00e5 spr\u00e5ng och utm\u00e4rker sig genom sitt praktiska format och den andningsaktiverade t\u00e4ndanordningen, vilket g\u00f6r den extremt anv\u00e4ndarv\u00e4nlig. Blueberry Pomegranate-smaken kombinerar s\u00f6ta bl\u00e5b\u00e4r med syrligt s\u00f6tt granat\u00e4pple f\u00f6r en sofistikerad, fruktig vapingupplevelse. Tornado 7000 finns tillg\u00e4nglig i nikotinsaltgraderingarna 0%, 2%, 3% och 5% och passar olika preferenser.<\/p>\n<h3 class=\"text-lg font-bold text-text-100 mt-1 -mb-1.5\">Tekniska specifikationer<\/h3>\n<p class=\"whitespace-normal break-words\">\u2611 Nikotinvarianter: 0% \/2%\/3%\/5%<br \/>\n\u2611 V\u00e4tskevolym: 14 ml<br \/>\nInandning per enhet: 7000<br \/>\n\u2611 Justering av luftfl\u00f6de<br \/>\nTyp C-laddningsport<br \/>\nUppladdningsbart batteri<br \/>\n\u2611 Inbyggd energilagringsenhet p\u00e5 850 mAh<\/p>\n<h3 class=\"text-lg font-bold text-text-100 mt-1 -mb-1.5\">Uppt\u00e4ck mer FUMOT VAPE p\u00e5 vozolpuff<\/h3>\n<p class=\"whitespace-normal break-words\">Utforska v\u00e5rt breda sortiment av produkter p\u00e5 v\u00e5r <strong><a class=\"underline\" href=\"https:\/\/vozolpuff.de\/sv\/\">Webbplats<\/a><\/strong>uppt\u00e4cka h\u00f6gklassiga \u00e5ngprodukter i <strong><a class=\"underline\" href=\"https:\/\/vozolpuff.de\/sv\/product-category\/fumot-vape\/\">FUMOT VAPE Division<\/a><\/strong> eller bl\u00e4ddra igenom den kompletta <strong><a class=\"underline\" href=\"https:\/\/vozolpuff.de\/sv\/product-category\/fumot-vape\/randm-tornado-7000\/\">RandM Tornado 7000 En m\u00e4ngd olika smaker<\/a><\/strong>.<\/p>","protected":false},"excerpt":{"rendered":"<p>RandM Tornado 7000 Blueberry Pomegranate eng\u00e5ngsvape sm\u00e4lter s\u00f6ta bl\u00e5b\u00e4r med syrlig s\u00f6t granat\u00e4pplekomplexitet. Med 7000 puffar, 14 ml e-v\u00e4tskekapacitet, 850 mAh batteri och mesh coil-teknik erbjuder den l\u00e5ngvarig \u00e5ngupplevelse i 0%, 2%, 3% eller 5% nikotin.repeat<\/p>","protected":false},"featured_media":3826,"comment_status":"open","ping_status":"closed","template":"","meta":{"_acf_changed":false},"product_brand":[],"product_cat":[50],"product_tag":[],"class_list":{"0":"post-3822","1":"product","2":"type-product","3":"status-publish","4":"has-post-thumbnail","6":"product_cat-randm-tornado-7000","8":"first","9":"instock","10":"shipping-taxable","11":"purchasable","12":"product-type-variable"},"acf":[],"_links":{"self":[{"href":"https:\/\/vozolpuff.de\/sv\/wp-json\/wp\/v2\/product\/3822","targetHints":{"allow":["GET"]}}],"collection":[{"href":"https:\/\/vozolpuff.de\/sv\/wp-json\/wp\/v2\/product"}],"about":[{"href":"https:\/\/vozolpuff.de\/sv\/wp-json\/wp\/v2\/types\/product"}],"replies":[{"embeddable":true,"href":"https:\/\/vozolpuff.de\/sv\/wp-json\/wp\/v2\/comments?post=3822"}],"wp:featuredmedia":[{"embeddable":true,"href":"https:\/\/vozolpuff.de\/sv\/wp-json\/wp\/v2\/media\/3826"}],"wp:attachment":[{"href":"https:\/\/vozolpuff.de\/sv\/wp-json\/wp\/v2\/media?parent=3822"}],"wp:term":[{"taxonomy":"product_brand","embeddable":true,"href":"https:\/\/vozolpuff.de\/sv\/wp-json\/wp\/v2\/product_brand?post=3822"},{"taxonomy":"product_cat","embeddable":true,"href":"https:\/\/vozolpuff.de\/sv\/wp-json\/wp\/v2\/product_cat?post=3822"},{"taxonomy":"product_tag","embeddable":true,"href":"https:\/\/vozolpuff.de\/sv\/wp-json\/wp\/v2\/product_tag?post=3822"}],"curies":[{"name":"wp","href":"https:\/\/api.w.org\/{rel}","templated":true}]}}