{"id":3848,"date":"2025-09-10T05:33:03","date_gmt":"2025-09-10T03:33:03","guid":{"rendered":"https:\/\/vozolpuff.de\/?post_type=product&#038;p=3848"},"modified":"2025-09-10T05:33:04","modified_gmt":"2025-09-10T03:33:04","slug":"randm-tornado-7000-kiwi-passion-fruit-guava","status":"publish","type":"product","link":"https:\/\/vozolpuff.de\/sv\/produkt\/randm-tornado-7000-kiwi-passion-fruit-guava\/","title":{"rendered":"RandM Tornado 7000 Kiwi Passionsfrukt Guava"},"content":{"rendered":"<h2 class=\"text-xl font-bold text-text-100 mt-1 -mb-0.5\">RandM Tornado 7000 Kiwi Passion Fruit Guava e-cigarett f\u00f6r eng\u00e5ngsbruk<\/h2>\n<p class=\"whitespace-normal break-words\">F\u00f6rdjupa dig i ett tropiskt paradis med RandM Tornado 7000 Kiwi Passion Fruit Guava-smaken. Denna exotiska fruktblandning kombinerar s\u00f6tman i guava, intensiteten i passionsfrukt och den uppfriskande syran i kiwi f\u00f6r att skapa en oemotst\u00e5ndlig vapingupplevelse. Med en imponerande kapacitet p\u00e5 7000 puffar erbjuder denna eng\u00e5ngsapparat flera veckors njutning utan underh\u00e5ll. Det kraftfulla 850mAh litiumbatteriet s\u00e4kerst\u00e4ller konstant \u00e5ngproduktion, medan den stora kapaciteten p\u00e5 14 ml e-juice tank s\u00e4kerst\u00e4ller l\u00e5ngvariga sessioner. Den innovativa dragaktiveringen eliminerar behovet av komplicerad anv\u00e4ndning.<\/p>\n<h3 class=\"text-lg font-bold text-text-100 mt-1 -mb-1.5\">Produktspecifikationer<\/h3>\n<p class=\"whitespace-normal break-words\"><strong>Batteri:<\/strong> 850mAh inbyggd (uppladdningsbar)<br \/>\n<strong>Prestanda:<\/strong> Optimerad och konsekvent energidistribution<br \/>\n<strong>Tankens kapacitet:<\/strong> 14 ml f\u00f6rfylld<br \/>\n<strong>Nikotinstyrkor:<\/strong> 0%, 2%, 3% eller 5% tillg\u00e4ngliga<br \/>\n<strong>Puffr\u00e4kning:<\/strong> Cirka 7.000 t\u00e5g<br \/>\n<strong>Luftreglering:<\/strong> Anpassningsbar lufttillf\u00f6rsel<br \/>\n<strong>Extramaterial:<\/strong> Integrerade RGB-belysningseffekter<\/p>\n<h3 class=\"text-lg font-bold text-text-100 mt-1 -mb-1.5\">Uppt\u00e4ck mer FUMOT VAPE p\u00e5 vozolpuff<\/h3>\n<p class=\"whitespace-normal break-words\">Ta en titt p\u00e5 andra f\u00f6rstklassiga e-cigaretter p\u00e5 v\u00e5r <strong><a class=\"underline\" href=\"https:\/\/vozolpuff.de\/sv\/\">Huvudsida<\/a><\/strong> och utforska den kompletta <strong><a class=\"underline\" href=\"https:\/\/vozolpuff.de\/sv\/product-category\/fumot-vape\/\">FUMOT VAPE-serien<\/a><\/strong> eller hitta din nya favoritsmak i <strong><a class=\"underline\" href=\"https:\/\/vozolpuff.de\/sv\/product-category\/fumot-vape\/randm-tornado-7000\/\">RandM Tornado 7000 samling<\/a><\/strong>.<\/p>","protected":false},"excerpt":{"rendered":"<div>\n<div class=\"grid-cols-1 grid gap-2.5 [&amp;_&gt;_*]:min-w-0 !gap-3.5\">\n<p class=\"whitespace-normal break-words\">Erleben Sie tropischen Genuss mit der RandM Tornado 7000 Kiwi Passion Fruit Guava Einweg-Vape. Die exotische Dreifach-Fruchtmischung aus s\u00fc\u00dfer Guave, intensiver Passionsfrucht und erfrischender Kiwi sorgt f\u00fcr ein unvergleichliches Geschmackserlebnis \u00fcber alle 7000 Z\u00fcge mit RGB-Beleuchtung.<\/p>\n<\/div>\n<\/div>\n<div class=\"h-8\"><\/div>\n","protected":false},"featured_media":3852,"comment_status":"open","ping_status":"closed","template":"","meta":{"_acf_changed":false},"product_brand":[],"product_cat":[50],"product_tag":[],"class_list":{"0":"post-3848","1":"product","2":"type-product","3":"status-publish","4":"has-post-thumbnail","6":"product_cat-randm-tornado-7000","8":"first","9":"instock","10":"shipping-taxable","11":"purchasable","12":"product-type-variable"},"acf":[],"_links":{"self":[{"href":"https:\/\/vozolpuff.de\/sv\/wp-json\/wp\/v2\/product\/3848","targetHints":{"allow":["GET"]}}],"collection":[{"href":"https:\/\/vozolpuff.de\/sv\/wp-json\/wp\/v2\/product"}],"about":[{"href":"https:\/\/vozolpuff.de\/sv\/wp-json\/wp\/v2\/types\/product"}],"replies":[{"embeddable":true,"href":"https:\/\/vozolpuff.de\/sv\/wp-json\/wp\/v2\/comments?post=3848"}],"wp:featuredmedia":[{"embeddable":true,"href":"https:\/\/vozolpuff.de\/sv\/wp-json\/wp\/v2\/media\/3852"}],"wp:attachment":[{"href":"https:\/\/vozolpuff.de\/sv\/wp-json\/wp\/v2\/media?parent=3848"}],"wp:term":[{"taxonomy":"product_brand","embeddable":true,"href":"https:\/\/vozolpuff.de\/sv\/wp-json\/wp\/v2\/product_brand?post=3848"},{"taxonomy":"product_cat","embeddable":true,"href":"https:\/\/vozolpuff.de\/sv\/wp-json\/wp\/v2\/product_cat?post=3848"},{"taxonomy":"product_tag","embeddable":true,"href":"https:\/\/vozolpuff.de\/sv\/wp-json\/wp\/v2\/product_tag?post=3848"}],"curies":[{"name":"wp","href":"https:\/\/api.w.org\/{rel}","templated":true}]}}