{"id":3857,"date":"2025-09-10T05:35:40","date_gmt":"2025-09-10T03:35:40","guid":{"rendered":"https:\/\/vozolpuff.de\/?post_type=product&#038;p=3857"},"modified":"2025-09-10T05:35:40","modified_gmt":"2025-09-10T03:35:40","slug":"randm-tornado-7000-cola","status":"publish","type":"product","link":"https:\/\/vozolpuff.de\/sv\/produkt\/randm-tornado-7000-cola\/","title":{"rendered":"RandM Tornado 7000 Cola"},"content":{"rendered":"<h2 class=\"text-xl font-bold text-text-100 mt-1 -mb-0.5\">RandM Tornado 7000 Cola e-cigarett f\u00f6r eng\u00e5ngsbruk<\/h2>\n<p class=\"whitespace-normal break-words\">RandM Tornado 7000 Cola tar med sig den nostalgiska smaken av din favoritl\u00e4sk till vapingv\u00e4rlden. Denna autentiska colasmak med sin karakteristiska s\u00f6tma och hemliga kryddor g\u00f6r varje vaping-session till en uppfriskande upplevelse. Det toppmoderna eng\u00e5ngssystemet levererar upp till 7000 puffar av ren cola-njutning, med st\u00f6d av ett p\u00e5litligt 850mAh-batteri. Den stora 14 ml v\u00e4tsketanken eliminerar helt besv\u00e4ret med p\u00e5fyllning. Tack vare den variabla luftfl\u00f6desinst\u00e4llningen kan du perfekt anpassa ditt personliga \u00e5ngbeteende.<\/p>\n<h3 class=\"text-lg font-bold text-text-100 mt-1 -mb-1.5\">Tekniska data<\/h3>\n<p class=\"whitespace-normal break-words\"><strong>Batteriets prestanda:<\/strong> 850mAh permanent installerad (uppladdningsbar)<br \/>\n<strong>\u00c5ngproduktion:<\/strong> Stabil och kontinuerlig utmatning<br \/>\n<strong>Flytande inneh\u00e5ll:<\/strong> 14 ml redan fylld<br \/>\n<strong>Nikotinvarianter:<\/strong> 0%, 2%, 3% eller 5% kan v\u00e4ljas<br \/>\n<strong>T\u00e5gets kapacitet:<\/strong> Cirka 7.000 \u00e5ngt\u00e5g<br \/>\n<strong>Luftfl\u00f6de:<\/strong> Justerbar luftgenomsl\u00e4pplighet<br \/>\n<strong>Belysning:<\/strong> Flerf\u00e4rgad RGB-display<\/p>\n<h3 class=\"text-lg font-bold text-text-100 mt-1 -mb-1.5\">Uppt\u00e4ck mer FUMOT VAPE p\u00e5 vozolpuff<\/h3>\n<p class=\"whitespace-normal break-words\">Utforska ytterligare premiuml\u00f6sningar f\u00f6r vaping p\u00e5 v\u00e5r <strong><a class=\"underline\" href=\"https:\/\/vozolpuff.de\/sv\/\">Hemsida<\/a><\/strong>f\u00f6rdjupa dig i den m\u00e5ngsidiga <strong><a class=\"underline\" href=\"https:\/\/vozolpuff.de\/sv\/product-category\/fumot-vape\/\">FUMOT VAPE urval<\/a><\/strong> eller v\u00e4lj fr\u00e5n det omfattande <strong><a class=\"underline\" href=\"https:\/\/vozolpuff.de\/sv\/product-category\/fumot-vape\/randm-tornado-7000\/\">RandM Tornado 7000 En m\u00e4ngd olika smaker<\/a><\/strong>.<\/p>","protected":false},"excerpt":{"rendered":"<div>\n<div class=\"grid-cols-1 grid gap-2.5 [&amp;_&gt;_*]:min-w-0 !gap-3.5\">\n<p class=\"whitespace-normal break-words\">Entdecken Sie den authentischen Cola-Geschmack mit der RandM Tornado 7000 Cola Einweg-Vape. Diese Premium-Vape kombiniert nostalgische S\u00fc\u00dfe mit geheimen Gew\u00fcrznoten f\u00fcr ein unverwechselbares Dampferlebnis. Mit 850mAh Akku, 14ml Liquidtank und 7000 Z\u00fcgen bietet sie langanhaltenden, erfrischenden Genuss.<\/p>\n<\/div>\n<\/div>\n<div class=\"h-8\"><\/div>\n","protected":false},"featured_media":3859,"comment_status":"open","ping_status":"closed","template":"","meta":{"_acf_changed":false},"product_brand":[],"product_cat":[50],"product_tag":[],"class_list":{"0":"post-3857","1":"product","2":"type-product","3":"status-publish","4":"has-post-thumbnail","6":"product_cat-randm-tornado-7000","8":"first","9":"instock","10":"shipping-taxable","11":"purchasable","12":"product-type-variable"},"acf":[],"_links":{"self":[{"href":"https:\/\/vozolpuff.de\/sv\/wp-json\/wp\/v2\/product\/3857","targetHints":{"allow":["GET"]}}],"collection":[{"href":"https:\/\/vozolpuff.de\/sv\/wp-json\/wp\/v2\/product"}],"about":[{"href":"https:\/\/vozolpuff.de\/sv\/wp-json\/wp\/v2\/types\/product"}],"replies":[{"embeddable":true,"href":"https:\/\/vozolpuff.de\/sv\/wp-json\/wp\/v2\/comments?post=3857"}],"wp:featuredmedia":[{"embeddable":true,"href":"https:\/\/vozolpuff.de\/sv\/wp-json\/wp\/v2\/media\/3859"}],"wp:attachment":[{"href":"https:\/\/vozolpuff.de\/sv\/wp-json\/wp\/v2\/media?parent=3857"}],"wp:term":[{"taxonomy":"product_brand","embeddable":true,"href":"https:\/\/vozolpuff.de\/sv\/wp-json\/wp\/v2\/product_brand?post=3857"},{"taxonomy":"product_cat","embeddable":true,"href":"https:\/\/vozolpuff.de\/sv\/wp-json\/wp\/v2\/product_cat?post=3857"},{"taxonomy":"product_tag","embeddable":true,"href":"https:\/\/vozolpuff.de\/sv\/wp-json\/wp\/v2\/product_tag?post=3857"}],"curies":[{"name":"wp","href":"https:\/\/api.w.org\/{rel}","templated":true}]}}