{"id":3884,"date":"2025-09-10T05:43:22","date_gmt":"2025-09-10T03:43:22","guid":{"rendered":"https:\/\/vozolpuff.de\/?post_type=product&#038;p=3884"},"modified":"2025-09-10T05:43:22","modified_gmt":"2025-09-10T03:43:22","slug":"randm-tornado-7000-tiger-blood","status":"publish","type":"product","link":"https:\/\/vozolpuff.de\/sv\/produkt\/randm-tornado-7000-tiger-blood\/","title":{"rendered":"RandM Tornado 7000 Tiger Blood"},"content":{"rendered":"<h2 class=\"text-xl font-bold text-text-100 mt-1 -mb-0.5\">RandM Tornado 7000 Tiger Blood e-cigarett f\u00f6r eng\u00e5ngsbruk<\/h2>\n<p class=\"whitespace-normal break-words\">Uppt\u00e4ck den mystiska och sp\u00e4nnande Tiger Blood-smaken i RandM Tornado 7000-serien. Trots det vilda namnet \u00e4r det en uts\u00f6kt blandning av jordgubbar, vattenmelon och kokosn\u00f6t som skapar en tropisk fruktig smakrush. Denna premium eng\u00e5ngsenhet erbjuder imponerande 7000 puffar av ren smakgl\u00e4dje, som drivs av ett kraftfullt 850mAh batterisystem. Den volumin\u00f6sa 14 ml v\u00e4tsketanken garanterar veckor av vapingn\u00f6je utan avbrott. Den intelligenta dragaktiveringen startar varje \u00e5ngprocess automatiskt, medan den justerbara lufttillf\u00f6rseln ger maximal flexibilitet.<\/p>\n<h3 class=\"text-lg font-bold text-text-100 mt-1 -mb-1.5\">Utrustningens egenskaper<\/h3>\n<p class=\"whitespace-normal break-words\"><strong>Lagring av energi:<\/strong> 850mAh permanent monterad (uppladdningsbar)<br \/>\n<strong>\u00c5ngbildning:<\/strong> Stadig och kraftfull prestanda<br \/>\n<strong>V\u00e4tskebeh\u00e5llare:<\/strong> 14 ml f\u00f6rinstallerad<br \/>\n<strong>Alternativ till nikotin:<\/strong> 0%, 2%, 3% eller 5% kan v\u00e4ljas<br \/>\n<strong>Antal vid inandning:<\/strong> Cirka 7.000 t\u00e5g per enhet<br \/>\n<strong>Ventilation:<\/strong> Reglering av variabelt luftfl\u00f6de<br \/>\n<strong>Funktioner:<\/strong> M\u00e5ngf\u00e4rgad RGB-ljusshow<\/p>\n<h3 class=\"text-lg font-bold text-text-100 mt-1 -mb-1.5\">Uppt\u00e4ck mer FUMOT VAPE p\u00e5 vozolpuff<\/h3>\n<p class=\"whitespace-normal break-words\">Ta reda p\u00e5 mer om andra h\u00f6gkvalitativa vapes p\u00e5 v\u00e5r <strong><a class=\"underline\" href=\"https:\/\/vozolpuff.de\/sv\/\">Startsida<\/a><\/strong>, uppt\u00e4ck den kompletta <strong><a class=\"underline\" href=\"https:\/\/vozolpuff.de\/sv\/product-category\/fumot-vape\/\">FUMOT VAPE Kategori<\/a><\/strong> eller testa alternativ <strong><a class=\"underline\" href=\"https:\/\/vozolpuff.de\/sv\/product-category\/fumot-vape\/randm-tornado-7000\/\">RandM Tornado 7000 smaker<\/a><\/strong>.<\/p>","protected":false},"excerpt":{"rendered":"<div>\n<div class=\"grid-cols-1 grid gap-2.5 [&amp;_&gt;_*]:min-w-0 !gap-3.5\">\n<p class=\"whitespace-normal break-words\">Entdecken Sie den mysteri\u00f6sen Tiger Blood Geschmack der RandM Tornado 7000 Tiger Blood Einweg-Vape. Die exotische Kombination aus saftigen Erdbeeren, erfrischender Wassermelone und cremiger Kokosnuss kreiert ein tropisches Geschmackserlebnis. Mit 850mAh Akku, 14ml Tank und 7000 Z\u00fcgen plus RGB-Beleuchtung.<\/p>\n<\/div>\n<\/div>\n<div class=\"h-8\"><\/div>\n","protected":false},"featured_media":3888,"comment_status":"open","ping_status":"closed","template":"","meta":{"_acf_changed":false},"product_brand":[],"product_cat":[50],"product_tag":[],"class_list":{"0":"post-3884","1":"product","2":"type-product","3":"status-publish","4":"has-post-thumbnail","6":"product_cat-randm-tornado-7000","8":"first","9":"instock","10":"shipping-taxable","11":"purchasable","12":"product-type-variable"},"acf":[],"_links":{"self":[{"href":"https:\/\/vozolpuff.de\/sv\/wp-json\/wp\/v2\/product\/3884","targetHints":{"allow":["GET"]}}],"collection":[{"href":"https:\/\/vozolpuff.de\/sv\/wp-json\/wp\/v2\/product"}],"about":[{"href":"https:\/\/vozolpuff.de\/sv\/wp-json\/wp\/v2\/types\/product"}],"replies":[{"embeddable":true,"href":"https:\/\/vozolpuff.de\/sv\/wp-json\/wp\/v2\/comments?post=3884"}],"wp:featuredmedia":[{"embeddable":true,"href":"https:\/\/vozolpuff.de\/sv\/wp-json\/wp\/v2\/media\/3888"}],"wp:attachment":[{"href":"https:\/\/vozolpuff.de\/sv\/wp-json\/wp\/v2\/media?parent=3884"}],"wp:term":[{"taxonomy":"product_brand","embeddable":true,"href":"https:\/\/vozolpuff.de\/sv\/wp-json\/wp\/v2\/product_brand?post=3884"},{"taxonomy":"product_cat","embeddable":true,"href":"https:\/\/vozolpuff.de\/sv\/wp-json\/wp\/v2\/product_cat?post=3884"},{"taxonomy":"product_tag","embeddable":true,"href":"https:\/\/vozolpuff.de\/sv\/wp-json\/wp\/v2\/product_tag?post=3884"}],"curies":[{"name":"wp","href":"https:\/\/api.w.org\/{rel}","templated":true}]}}