{"id":3920,"date":"2025-09-10T05:53:08","date_gmt":"2025-09-10T03:53:08","guid":{"rendered":"https:\/\/vozolpuff.de\/?post_type=product&#038;p=3920"},"modified":"2025-09-10T05:53:08","modified_gmt":"2025-09-10T03:53:08","slug":"randm-tornado-7000-blackcurrant-ice","status":"publish","type":"product","link":"https:\/\/vozolpuff.de\/sv\/produkt\/randm-tornado-7000-blackcurrant-ice\/","title":{"rendered":"RandM Tornado 7000 Svartvinb\u00e4rsis"},"content":{"rendered":"<h2 class=\"text-xl font-bold text-text-100 mt-1 -mb-0.5\">RandM Tornado 7000 Blackcurrant Ice e-cigarett f\u00f6r eng\u00e5ngsbruk<\/h2>\n<p class=\"whitespace-normal break-words\">Kyl ner dig med den uppfriskande RandM Tornado 7000 Blackcurrant Ice-smaken. Denna iskalla smakkombination kombinerar den m\u00f6rka intensiteten av svarta vinb\u00e4r med en frostig mentolfinish som g\u00f6r varje bloss till en uppfriskande upplevelse. Den h\u00f6gpresterande eng\u00e5ngsenheten ger upp till 7000 bloss med kristallklar smak, uppbackad av ett p\u00e5litligt 850mAh batterisystem. Den stora 14 ml e-juice-tanken ger l\u00e5ngvarig njutning utan behov av underh\u00e5ll. Den responsiva inhalationsaktiveringen startar omedelbart, medan den justerbara luftfl\u00f6desinst\u00e4llningen m\u00f6jligg\u00f6r personlig anpassning.<\/p>\n<h3 class=\"text-lg font-bold text-text-100 mt-1 -mb-1.5\">Specifikationer f\u00f6r h\u00e5rdvara<\/h3>\n<p class=\"whitespace-normal break-words\"><strong>Energif\u00f6rs\u00f6rjning:<\/strong> 850mAh inbyggd (uppladdningsbar)<br \/>\n<strong>\u00c5ngproduktion:<\/strong> Konstant och tillf\u00f6rlitlig funktion<br \/>\n<strong>Inneh\u00e5ll av e-v\u00e4tska:<\/strong> 14ml helt f\u00e4rdigberedd<br \/>\n<strong>Nikotinvariationer:<\/strong> 0%, 2%, 3% eller 5% tillg\u00e4ngliga<br \/>\n<strong>Volym vid inandning:<\/strong> Cirka 7.000 puffar<br \/>\n<strong>Kontroll av lufttillf\u00f6rsel:<\/strong> Variabel fl\u00f6desinst\u00e4llning<br \/>\n<strong>Ljusdesign:<\/strong> Integrerad RGB-f\u00e4rgbelysning<\/p>\n<h3 class=\"text-lg font-bold text-text-100 mt-1 -mb-1.5\">Uppt\u00e4ck mer FUMOT VAPE p\u00e5 vozolpuff<\/h3>\n<p class=\"whitespace-normal break-words\">Utforska fler premiumapparater f\u00f6r \u00e5nga i v\u00e5r <strong><a class=\"underline\" href=\"https:\/\/vozolpuff.de\/sv\/\">Katalog online<\/a><\/strong>dyka djupt in i <strong><a class=\"underline\" href=\"https:\/\/vozolpuff.de\/sv\/product-category\/fumot-vape\/\">FUMOT VAPE produktfamilj<\/a><\/strong> eller hitta din perfekta smak i <strong><a class=\"underline\" href=\"https:\/\/vozolpuff.de\/sv\/product-category\/fumot-vape\/randm-tornado-7000\/\">RandM Tornado 7000-serien<\/a><\/strong>.<\/p>","protected":false},"excerpt":{"rendered":"<div>\n<div class=\"grid-cols-1 grid gap-2.5 [&amp;_&gt;_*]:min-w-0 !gap-3.5\">\n<p class=\"whitespace-normal break-words\">Erfrischen Sie sich mit der RandM Tornado 7000 Blackcurrant Ice Einweg-Vape. Die intensive Kombination aus dunklen Johannisbeeren und eisigem Menthol-Finish sorgt f\u00fcr kristallklaren Geschmack und frostiges Dampferlebnis. Mit zuverl\u00e4ssigem 850mAh Akku, 14ml Tank und 7000 erfrischenden Z\u00fcgen inklusive RGB-Design.<\/p>\n<\/div>\n<\/div>\n<div class=\"h-8\"><\/div>\n","protected":false},"featured_media":3924,"comment_status":"open","ping_status":"closed","template":"","meta":{"_acf_changed":false},"product_brand":[],"product_cat":[50],"product_tag":[],"class_list":{"0":"post-3920","1":"product","2":"type-product","3":"status-publish","4":"has-post-thumbnail","6":"product_cat-randm-tornado-7000","8":"first","9":"instock","10":"shipping-taxable","11":"purchasable","12":"product-type-variable"},"acf":[],"_links":{"self":[{"href":"https:\/\/vozolpuff.de\/sv\/wp-json\/wp\/v2\/product\/3920","targetHints":{"allow":["GET"]}}],"collection":[{"href":"https:\/\/vozolpuff.de\/sv\/wp-json\/wp\/v2\/product"}],"about":[{"href":"https:\/\/vozolpuff.de\/sv\/wp-json\/wp\/v2\/types\/product"}],"replies":[{"embeddable":true,"href":"https:\/\/vozolpuff.de\/sv\/wp-json\/wp\/v2\/comments?post=3920"}],"wp:featuredmedia":[{"embeddable":true,"href":"https:\/\/vozolpuff.de\/sv\/wp-json\/wp\/v2\/media\/3924"}],"wp:attachment":[{"href":"https:\/\/vozolpuff.de\/sv\/wp-json\/wp\/v2\/media?parent=3920"}],"wp:term":[{"taxonomy":"product_brand","embeddable":true,"href":"https:\/\/vozolpuff.de\/sv\/wp-json\/wp\/v2\/product_brand?post=3920"},{"taxonomy":"product_cat","embeddable":true,"href":"https:\/\/vozolpuff.de\/sv\/wp-json\/wp\/v2\/product_cat?post=3920"},{"taxonomy":"product_tag","embeddable":true,"href":"https:\/\/vozolpuff.de\/sv\/wp-json\/wp\/v2\/product_tag?post=3920"}],"curies":[{"name":"wp","href":"https:\/\/api.w.org\/{rel}","templated":true}]}}