{"id":3929,"date":"2025-09-10T05:55:36","date_gmt":"2025-09-10T03:55:36","guid":{"rendered":"https:\/\/vozolpuff.de\/?post_type=product&#038;p=3929"},"modified":"2025-09-10T05:55:36","modified_gmt":"2025-09-10T03:55:36","slug":"randm-tornado-7000-strawberry-watermelon-lemonade","status":"publish","type":"product","link":"https:\/\/vozolpuff.de\/sv\/produkt\/randm-tornado-7000-strawberry-watermelon-lemonade\/","title":{"rendered":"RandM Tornado 7000 Jordgubb Vattenmelon Lemonad"},"content":{"rendered":"<h2 class=\"text-xl font-bold text-text-100 mt-1 -mb-0.5\">RandM Tornado 7000 Strawberry Watermelon Lemonade e-cigarett f\u00f6r eng\u00e5ngsbruk<\/h2>\n<p class=\"whitespace-normal break-words\">Njut av en somrig smakcocktail med RandM Tornado 7000 Strawberry Watermelon Lemonade. Denna trippel fruktkomposition kombinerar s\u00f6ta jordgubbar, saftig vattenmelon och syrlig limonad f\u00f6r att skapa en perfekt balanserad sommarhit. Den innovativa eng\u00e5ngs vape-enheten garanterar en exceptionell 7000 puffar av solig smak, drivs av ett l\u00e5ngvarigt 850mAh Li-Ion-batteri. Den expansiva 14 ml v\u00e4tsketanken s\u00e4kerst\u00e4ller att sommarsmaken aldrig tar slut. Den enkla draw-to-vape-funktionen aktiveras automatiskt, medan den justerbara luftfl\u00f6deskontrollen st\u00f6der individuella \u00e5ngpreferenser.<\/p>\n<h3 class=\"text-lg font-bold text-text-100 mt-1 -mb-1.5\">Produktspecifikationer<\/h3>\n<p class=\"whitespace-normal break-words\"><strong>Batteriteknik:<\/strong> 850mAh permanent installerad (uppladdningsbar)<br \/>\n<strong>Prestationsniv\u00e5:<\/strong> Konsekvent och tillf\u00f6rlitlig prestanda<br \/>\n<strong>V\u00e4tsketank:<\/strong> 14ml f\u00e4rdigfylld<br \/>\n<strong>Nikotinniv\u00e5er:<\/strong> 0%, 2%, 3% eller 5% tillg\u00e4ngliga<br \/>\n<strong>Antal puffar:<\/strong> Cirka 7.000 \u00e5ngt\u00e5g<br \/>\n<strong>Funktion f\u00f6r luftfl\u00f6de:<\/strong> Justerbar luftcirkulation<br \/>\n<strong>Belysning extra:<\/strong> RGB-system med flera f\u00e4rger<\/p>\n<h3 class=\"text-lg font-bold text-text-100 mt-1 -mb-1.5\">Uppt\u00e4ck mer FUMOT VAPE p\u00e5 vozolpuff<\/h3>\n<p class=\"whitespace-normal break-words\">S\u00f6k i v\u00e5r <strong><a class=\"underline\" href=\"https:\/\/vozolpuff.de\/sv\/\">\u00c5nguniversum<\/a><\/strong> f\u00f6r fler f\u00f6rstklassiga vapes, kommer du att l\u00e4ra k\u00e4nna hela <strong><a class=\"underline\" href=\"https:\/\/vozolpuff.de\/sv\/product-category\/fumot-vape\/\">FUMOT VAPE Kollektion<\/a><\/strong> eller uppt\u00e4ck mer <strong><a class=\"underline\" href=\"https:\/\/vozolpuff.de\/sv\/product-category\/fumot-vape\/randm-tornado-7000\/\">RandM Tornado 7000 smakupplevelser<\/a><\/strong>.<\/p>","protected":false},"excerpt":{"rendered":"<div>\n<div class=\"grid-cols-1 grid gap-2.5 [&amp;_&gt;_*]:min-w-0 !gap-3.5\">\n<p class=\"whitespace-normal break-words\">Erleben Sie puren Sommergenuss mit der RandM Tornado 7000 Strawberry Watermelon Lemonade Einweg-Vape. Die harmonische Dreifach-Komposition aus s\u00fc\u00dfen Erdbeeren, saftiger Wassermelone und spritziger Limonade kreiert den perfekten Geschmackscocktail. Mit 850mAh Akku, 14ml Tank und 7000 sonnigen Z\u00fcgen.<\/p>\n<\/div>\n<\/div>\n<div class=\"h-8\"><\/div>\n","protected":false},"featured_media":3933,"comment_status":"open","ping_status":"closed","template":"","meta":{"_acf_changed":false},"product_brand":[],"product_cat":[50],"product_tag":[],"class_list":{"0":"post-3929","1":"product","2":"type-product","3":"status-publish","4":"has-post-thumbnail","6":"product_cat-randm-tornado-7000","8":"first","9":"instock","10":"shipping-taxable","11":"purchasable","12":"product-type-variable"},"acf":[],"_links":{"self":[{"href":"https:\/\/vozolpuff.de\/sv\/wp-json\/wp\/v2\/product\/3929","targetHints":{"allow":["GET"]}}],"collection":[{"href":"https:\/\/vozolpuff.de\/sv\/wp-json\/wp\/v2\/product"}],"about":[{"href":"https:\/\/vozolpuff.de\/sv\/wp-json\/wp\/v2\/types\/product"}],"replies":[{"embeddable":true,"href":"https:\/\/vozolpuff.de\/sv\/wp-json\/wp\/v2\/comments?post=3929"}],"wp:featuredmedia":[{"embeddable":true,"href":"https:\/\/vozolpuff.de\/sv\/wp-json\/wp\/v2\/media\/3933"}],"wp:attachment":[{"href":"https:\/\/vozolpuff.de\/sv\/wp-json\/wp\/v2\/media?parent=3929"}],"wp:term":[{"taxonomy":"product_brand","embeddable":true,"href":"https:\/\/vozolpuff.de\/sv\/wp-json\/wp\/v2\/product_brand?post=3929"},{"taxonomy":"product_cat","embeddable":true,"href":"https:\/\/vozolpuff.de\/sv\/wp-json\/wp\/v2\/product_cat?post=3929"},{"taxonomy":"product_tag","embeddable":true,"href":"https:\/\/vozolpuff.de\/sv\/wp-json\/wp\/v2\/product_tag?post=3929"}],"curies":[{"name":"wp","href":"https:\/\/api.w.org\/{rel}","templated":true}]}}