{"id":3938,"date":"2025-09-10T05:58:14","date_gmt":"2025-09-10T03:58:14","guid":{"rendered":"https:\/\/vozolpuff.de\/?post_type=product&#038;p=3938"},"modified":"2025-09-10T05:58:14","modified_gmt":"2025-09-10T03:58:14","slug":"randm-tornado-7000-cherry","status":"publish","type":"product","link":"https:\/\/vozolpuff.de\/sv\/produkt\/randm-tornado-7000-cherry\/","title":{"rendered":"RandM Tornado 7000 K\u00f6rsb\u00e4r"},"content":{"rendered":"<h2 class=\"text-xl font-bold text-text-100 mt-1 -mb-0.5\">RandM Tornado 7000 Cherry e-cigarett f\u00f6r eng\u00e5ngsbruk<\/h2>\n<p class=\"whitespace-normal break-words\">Sk\u00e4m bort dig med klassisk s\u00f6tma med RandM Tornado 7000 Cherry-smaken. Denna tidl\u00f6sa fruktvariant f\u00e5ngar den rena essensen av fullmogna k\u00f6rsb\u00e4r och erbjuder en autentisk, s\u00f6t och sur smak som aldrig g\u00e5r ur stil. Det avancerade eng\u00e5ngssystemet m\u00f6jligg\u00f6r upp till 7000 puffar av fruktig njutning, med st\u00f6d av en kraftfull 850mAh energilagring. Den gener\u00f6sa 14 ml f\u00f6rfyllda tanken eliminerar behovet av p\u00e5fyllning och garanterar veckor av tillfredsst\u00e4llelse. Den intelligenta inhalationsaktiveringen fungerar omedelbart med varje bloss, medan den modul\u00e4ra luftfl\u00f6desjusteringen m\u00f6jligg\u00f6r en m\u00e4ngd olika \u00e5ngstilar.<\/p>\n<h3 class=\"text-lg font-bold text-text-100 mt-1 -mb-1.5\">Teknisk utrustning<\/h3>\n<p class=\"whitespace-normal break-words\"><strong>Batterienhet:<\/strong> 850mAh permanent installerad (uppladdningsbar)<br \/>\n<strong>Prestationsutg\u00e5ng:<\/strong> Kontinuerlig och effektiv \u00e5ngproduktion<br \/>\n<strong>E-Juice reservoar:<\/strong> 14 ml helt f\u00f6rfylld<br \/>\n<strong>Alternativ f\u00f6r nikotininneh\u00e5ll:<\/strong> 0%, 2%, 3% eller 5% kan v\u00e4ljas<br \/>\n<strong>Dragkraftsvolym:<\/strong> Cirka 7.000 inhalationer per enhet<br \/>\n<strong>Ventilationskontroll:<\/strong> Justerbart luftfl\u00f6de<br \/>\n<strong>Designh\u00f6jdpunkt:<\/strong> F\u00e4rgglad RGB-ljusshow<\/p>\n<h3 class=\"text-lg font-bold text-text-100 mt-1 -mb-1.5\">Uppt\u00e4ck mer FUMOT VAPE p\u00e5 vozolpuff<\/h3>\n<p class=\"whitespace-normal break-words\">Bes\u00f6k v\u00e5r <strong><a class=\"underline\" href=\"https:\/\/vozolpuff.de\/sv\/\">Vapingcenter<\/a><\/strong> f\u00f6r ett bredare urval av premiumprodukter, utforska det m\u00e5ngsidiga sortimentet av <strong><a class=\"underline\" href=\"https:\/\/vozolpuff.de\/sv\/product-category\/fumot-vape\/\">Varum\u00e4rket FUMOT VAPE<\/a><\/strong> eller v\u00e4lj bland v\u00e5ra andra <strong><a class=\"underline\" href=\"https:\/\/vozolpuff.de\/sv\/product-category\/fumot-vape\/randm-tornado-7000\/\">RandM Tornado 7000 skapelser<\/a><\/strong>.<\/p>","protected":false},"excerpt":{"rendered":"<div>\n<div class=\"grid-cols-1 grid gap-2.5 [&amp;_&gt;_*]:min-w-0 !gap-3.5\">\n<p class=\"whitespace-normal break-words\">Genie\u00dfen Sie klassische S\u00fc\u00dfe mit der RandM Tornado 7000 Cherry Einweg-Vape. Der authentische s\u00fc\u00df-s\u00e4uerliche Kirschgeschmack vollreifer Fr\u00fcchte bietet zeitloses Dampfvergn\u00fcgen. Mit kraftvollem 850mAh Akku, gro\u00dfz\u00fcgigem 14ml Liquidtank und 7000 fruchtigen Z\u00fcgen f\u00fcr langanhaltenden Genuss mit RGB-Beleuchtung.<\/p>\n<\/div>\n<\/div>\n<div class=\"h-8\"><\/div>\n","protected":false},"featured_media":3942,"comment_status":"open","ping_status":"closed","template":"","meta":{"_acf_changed":false},"product_brand":[],"product_cat":[50],"product_tag":[],"class_list":{"0":"post-3938","1":"product","2":"type-product","3":"status-publish","4":"has-post-thumbnail","6":"product_cat-randm-tornado-7000","8":"first","9":"instock","10":"shipping-taxable","11":"purchasable","12":"product-type-variable"},"acf":[],"_links":{"self":[{"href":"https:\/\/vozolpuff.de\/sv\/wp-json\/wp\/v2\/product\/3938","targetHints":{"allow":["GET"]}}],"collection":[{"href":"https:\/\/vozolpuff.de\/sv\/wp-json\/wp\/v2\/product"}],"about":[{"href":"https:\/\/vozolpuff.de\/sv\/wp-json\/wp\/v2\/types\/product"}],"replies":[{"embeddable":true,"href":"https:\/\/vozolpuff.de\/sv\/wp-json\/wp\/v2\/comments?post=3938"}],"wp:featuredmedia":[{"embeddable":true,"href":"https:\/\/vozolpuff.de\/sv\/wp-json\/wp\/v2\/media\/3942"}],"wp:attachment":[{"href":"https:\/\/vozolpuff.de\/sv\/wp-json\/wp\/v2\/media?parent=3938"}],"wp:term":[{"taxonomy":"product_brand","embeddable":true,"href":"https:\/\/vozolpuff.de\/sv\/wp-json\/wp\/v2\/product_brand?post=3938"},{"taxonomy":"product_cat","embeddable":true,"href":"https:\/\/vozolpuff.de\/sv\/wp-json\/wp\/v2\/product_cat?post=3938"},{"taxonomy":"product_tag","embeddable":true,"href":"https:\/\/vozolpuff.de\/sv\/wp-json\/wp\/v2\/product_tag?post=3938"}],"curies":[{"name":"wp","href":"https:\/\/api.w.org\/{rel}","templated":true}]}}