{"id":3956,"date":"2025-09-10T06:03:10","date_gmt":"2025-09-10T04:03:10","guid":{"rendered":"https:\/\/vozolpuff.de\/?post_type=product&#038;p=3956"},"modified":"2025-09-10T06:03:10","modified_gmt":"2025-09-10T04:03:10","slug":"randm-tornado-7000-skittles","status":"publish","type":"product","link":"https:\/\/vozolpuff.de\/sv\/produkt\/randm-tornado-7000-skittles\/","title":{"rendered":"RandM Tornado 7000 Skittles"},"content":{"rendered":"<h2 class=\"text-xl font-bold text-text-100 mt-1 -mb-0.5\">RandM Tornado 7000 Skittles eng\u00e5ngs-e-cigarett<\/h2>\n<p class=\"whitespace-normal break-words\">Smaka p\u00e5 regnb\u00e5gen med RandM Tornado 7000 Skittles-smaken. Denna nostalgiska tolkning av godis ger dig den ikoniska blandningen av olika fruktsmaker direkt i din vapingupplevelse och v\u00e4cker barndomsminnen med varje drag. Den toppmoderna eng\u00e5ngsenheten levererar exceptionella 7000 drag av f\u00e4rgglad smakupplevelse, driven av ett uth\u00e5lligt 850 mAh litiumbatteri. Det rymliga 14 ml e-v\u00e4tskebeh\u00e5llet garanterar veckor av njutning utan underh\u00e5ll. Den enkla inhalationsaktiveringen reagerar omedelbart p\u00e5 varje drag, medan den justerbara luftfl\u00f6desfunktionen tar h\u00e4nsyn till personliga \u00e5ngpreferenser.<\/p>\n<h3 class=\"text-lg font-bold text-text-100 mt-1 -mb-1.5\">Egenskaper f\u00f6r h\u00e5rdvara<\/h3>\n<p class=\"whitespace-normal break-words\"><strong>Energik\u00e4lla:<\/strong> 850 mAh fast monterad (uppladdningsbar)<br \/>\n<strong>\u00c5ngbildning:<\/strong> P\u00e5litlig och kontinuerlig funktion<br \/>\n<strong>Tankens kapacitet:<\/strong> 14ml helt f\u00e4rdigberedd<br \/>\n<strong>Nikotinstyrkor:<\/strong> 0%, 2%, 3% eller 5% att v\u00e4lja mellan<br \/>\n<strong>Puffkapacitet:<\/strong> Cirka 7 000 inhalationer<br \/>\n<strong>Ventilationsfunktion:<\/strong> Variabel luftfl\u00f6desinst\u00e4llning<br \/>\n<strong>Ljusshow:<\/strong> Flerf\u00e4rgad RGB-belysning<\/p>\n<h3 class=\"text-lg font-bold text-text-100 mt-1 -mb-1.5\">Uppt\u00e4ck mer FUMOT VAPE p\u00e5 vozolpuff<\/h3>\n<p class=\"whitespace-normal break-words\">Utforska v\u00e5ra <strong><a class=\"underline\" href=\"https:\/\/vozolpuff.de\/sv\/\">Vape-sortiment<\/a><\/strong> F\u00f6r \u00e4nnu fler fantastiska smaker, bl\u00e4ddra igenom hela sortimentet. <strong><a class=\"underline\" href=\"https:\/\/vozolpuff.de\/sv\/product-category\/fumot-vape\/\">FUMOT VAPE M\u00e5ngfald<\/a><\/strong> eller l\u00e5t andra <strong><a class=\"underline\" href=\"https:\/\/vozolpuff.de\/sv\/product-category\/fumot-vape\/randm-tornado-7000\/\">RandM Tornado 7000 H\u00f6jdpunkter<\/a><\/strong> \u00f6verraska.<\/p>","protected":false},"excerpt":{"rendered":"<div>\n<div class=\"grid-cols-1 grid gap-2.5 [&amp;_&gt;_*]:min-w-0 !gap-3.5\">\n<p class=\"whitespace-normal break-words\">Schmecken Sie den Regenbogen mit der RandM Tornado 7000 Skittles Einweg-Vape. Die nostalgische S\u00fc\u00dfwaren-Interpretation bringt die ikonische Mischung verschiedener Fruchtaromen direkt zu Ihnen und weckt Kindheitserinnerungen. Mit 850mAh Akku, 14ml Tank und 7000 bunten Z\u00fcgen plus RGB-Beleuchtung.<\/p>\n<\/div>\n<\/div>\n<div class=\"h-8\"><\/div>\n","protected":false},"featured_media":3960,"comment_status":"open","ping_status":"closed","template":"","meta":{"_acf_changed":false},"product_brand":[],"product_cat":[50],"product_tag":[],"class_list":{"0":"post-3956","1":"product","2":"type-product","3":"status-publish","4":"has-post-thumbnail","6":"product_cat-randm-tornado-7000","8":"first","9":"instock","10":"shipping-taxable","11":"purchasable","12":"product-type-variable"},"acf":[],"_links":{"self":[{"href":"https:\/\/vozolpuff.de\/sv\/wp-json\/wp\/v2\/product\/3956","targetHints":{"allow":["GET"]}}],"collection":[{"href":"https:\/\/vozolpuff.de\/sv\/wp-json\/wp\/v2\/product"}],"about":[{"href":"https:\/\/vozolpuff.de\/sv\/wp-json\/wp\/v2\/types\/product"}],"replies":[{"embeddable":true,"href":"https:\/\/vozolpuff.de\/sv\/wp-json\/wp\/v2\/comments?post=3956"}],"wp:featuredmedia":[{"embeddable":true,"href":"https:\/\/vozolpuff.de\/sv\/wp-json\/wp\/v2\/media\/3960"}],"wp:attachment":[{"href":"https:\/\/vozolpuff.de\/sv\/wp-json\/wp\/v2\/media?parent=3956"}],"wp:term":[{"taxonomy":"product_brand","embeddable":true,"href":"https:\/\/vozolpuff.de\/sv\/wp-json\/wp\/v2\/product_brand?post=3956"},{"taxonomy":"product_cat","embeddable":true,"href":"https:\/\/vozolpuff.de\/sv\/wp-json\/wp\/v2\/product_cat?post=3956"},{"taxonomy":"product_tag","embeddable":true,"href":"https:\/\/vozolpuff.de\/sv\/wp-json\/wp\/v2\/product_tag?post=3956"}],"curies":[{"name":"wp","href":"https:\/\/api.w.org\/{rel}","templated":true}]}}