{"id":4037,"date":"2025-09-10T10:36:18","date_gmt":"2025-09-10T08:36:18","guid":{"rendered":"https:\/\/vozolpuff.de\/?post_type=product&#038;p=4037"},"modified":"2025-09-10T10:36:18","modified_gmt":"2025-09-10T08:36:18","slug":"randm-tornado-7000-ice-pop","status":"publish","type":"product","link":"https:\/\/vozolpuff.de\/sv\/produkt\/randm-tornado-7000-ice-pop\/","title":{"rendered":"RandM Tornado 7000 Ice Pop"},"content":{"rendered":"<h2 class=\"text-xl font-bold text-text-100 mt-1 -mb-0.5\">RandM Tornado 7000 Ice Pop Cool f\u00f6rfriskning Eng\u00e5ngsartiklar<\/h2>\n<p class=\"whitespace-normal break-words\">Njut av isiga uppfriskningar med RandM Tornado 7000 Ice Pop. Denna svalkande smak kombinerar s\u00f6ta fruktsmaker med en uppfriskande kyleffekt och ger 7000 uppfriskande puffar fr\u00e5n en 14 ml beh\u00e5llare med flexibla nikotinkoncentrationer fr\u00e5n 0% till 5%.<\/p>\n<h3 class=\"text-lg font-bold text-text-100 mt-1 -mb-1.5\">Ice Pop Iskall s\u00f6tma:<\/h3>\n<p class=\"whitespace-normal break-words\">Ice Pop skapar den autentiska k\u00e4nslan av en frusen fruktpopsicle med sin perfekta balans mellan s\u00f6t frukt och intensiv kyleffekt. Denna uppfriskande smakkombination implementeras optimalt av det h\u00f6gt utvecklade mesh coil-systemet och s\u00e4kerst\u00e4ller maximal smakintensitet.<\/p>\n<p class=\"whitespace-normal break-words\">Det bepr\u00f6vade 850mAh-batterisystemet med praktisk Type-C-laddning garanterar tillf\u00f6rlitlig drift, medan den individuellt justerbara luftfl\u00f6desregleringen m\u00f6jligg\u00f6r personlig anpassning. Denna tekniska innovation s\u00e4kerst\u00e4ller en o\u00f6vertr\u00e4ffad kylningsupplevelse.<\/p>\n<p class=\"whitespace-normal break-words\">Den omedelbara beredskapen f\u00f6r anv\u00e4ndning tack vare automatisk dragaktivering och den slimmade designen g\u00f6r denna e-cigarett till det perfekta valet f\u00f6r alla som vill uppleva en perfekt kombination av intensiv svalka och s\u00f6ta fruktsmaker.<\/p>\n<h3 class=\"text-lg font-bold text-text-100 mt-1 -mb-1.5\">Specifikationer f\u00f6r Ice Pop-enheten:<\/h3>\n<p class=\"whitespace-normal break-words\">\u2611 0% \/ 2% \/ 3% \/ 5% Nikotinuppringning<br \/>\n\u2611 14 ML E-v\u00e4tskevolym<br \/>\n\u2611 Kapacitet f\u00f6r 7000 t\u00e5g<br \/>\n\u2611 Anpassningsbar luftcirkulation<br \/>\nUSB-C snabbladdare<br \/>\n850 mAh h\u00f6gkapacitetsbatteri<br \/>\n\u2611 Avancerad mesh-teknik<\/p>\n<p class=\"whitespace-normal break-words\">Bl\u00e4ddra igenom v\u00e5ra <strong><a class=\"underline\" href=\"https:\/\/vozolpuff.de\/sv\/\">Huvudwebbshop<\/a><\/strong> f\u00f6r ytterligare kylningsalternativ eller uppt\u00e4ck det breda utbudet av <strong><a class=\"underline\" href=\"https:\/\/vozolpuff.de\/sv\/product-category\/fumot-vape\/\">FUMOT VAPE urval<\/a><\/strong>. Den kompletta <strong><a class=\"underline\" href=\"https:\/\/vozolpuff.de\/sv\/product-category\/fumot-vape\/randm-tornado-7000\/\">RandM Tornado 7000 smakuppsamling<\/a><\/strong> st\u00e5r till ditt f\u00f6rfogande.<\/p>","protected":false},"excerpt":{"rendered":"<p class=\"whitespace-normal break-words\">RandM Tornado 7000 Ice Pop eng\u00e5ngsvape kombinerar s\u00f6ta fruktsmaker med en intensiv kylningseffekt f\u00f6r isig f\u00f6rfriskning. 7000 puffar, 14ml e-juice, 850mAh uppladdningsbart batteri med Type-C laddning. Mesh-spole f\u00f6r maximal svalka. Finns i 0%, 2%, 3% och 5% nikotin.<\/p>\n<p class=\"whitespace-normal break-words\">","protected":false},"featured_media":4041,"comment_status":"open","ping_status":"closed","template":"","meta":{"_acf_changed":false},"product_brand":[],"product_cat":[50],"product_tag":[],"class_list":{"0":"post-4037","1":"product","2":"type-product","3":"status-publish","4":"has-post-thumbnail","6":"product_cat-randm-tornado-7000","8":"first","9":"instock","10":"shipping-taxable","11":"purchasable","12":"product-type-variable"},"acf":[],"_links":{"self":[{"href":"https:\/\/vozolpuff.de\/sv\/wp-json\/wp\/v2\/product\/4037","targetHints":{"allow":["GET"]}}],"collection":[{"href":"https:\/\/vozolpuff.de\/sv\/wp-json\/wp\/v2\/product"}],"about":[{"href":"https:\/\/vozolpuff.de\/sv\/wp-json\/wp\/v2\/types\/product"}],"replies":[{"embeddable":true,"href":"https:\/\/vozolpuff.de\/sv\/wp-json\/wp\/v2\/comments?post=4037"}],"wp:featuredmedia":[{"embeddable":true,"href":"https:\/\/vozolpuff.de\/sv\/wp-json\/wp\/v2\/media\/4041"}],"wp:attachment":[{"href":"https:\/\/vozolpuff.de\/sv\/wp-json\/wp\/v2\/media?parent=4037"}],"wp:term":[{"taxonomy":"product_brand","embeddable":true,"href":"https:\/\/vozolpuff.de\/sv\/wp-json\/wp\/v2\/product_brand?post=4037"},{"taxonomy":"product_cat","embeddable":true,"href":"https:\/\/vozolpuff.de\/sv\/wp-json\/wp\/v2\/product_cat?post=4037"},{"taxonomy":"product_tag","embeddable":true,"href":"https:\/\/vozolpuff.de\/sv\/wp-json\/wp\/v2\/product_tag?post=4037"}],"curies":[{"name":"wp","href":"https:\/\/api.w.org\/{rel}","templated":true}]}}