{"id":4268,"date":"2025-09-12T04:19:20","date_gmt":"2025-09-12T02:19:20","guid":{"rendered":"https:\/\/vozolpuff.de\/?post_type=product&#038;p=4268"},"modified":"2025-09-29T12:52:13","modified_gmt":"2025-09-29T10:52:13","slug":"waspe-aiviou-60000-strawberry-raspberry-cherry-love-666-cherry-candy-ice","status":"publish","type":"product","link":"https:\/\/vozolpuff.de\/sv\/produkt\/waspe-aiviou-60000-strawberry-raspberry-cherry-love-666-cherry-candy-ice\/","title":{"rendered":"WASPE AIVIOU 60000 Jordgubb Hallon K\u00f6rsb\u00e4r\/Love 666\/K\u00f6rsb\u00e4r Candy Ice"},"content":{"rendered":"<h2 class=\"text-xl font-bold text-text-100 mt-1 -mb-0.5\">WASPE AIVIOU 60000 Jordgubb Hallon K\u00f6rsb\u00e4r\/Love 666\/Cherry Candy Ice eng\u00e5ngsvape<\/h2>\n<p class=\"whitespace-normal break-words\">Upplev tre intensiva smakkompositioner med WASPE AIVIOU 60000 i varianterna Strawberry Raspberry Cherry, Love 666 och Cherry Candy Ice. Denna extraordin\u00e4ra e-cigarett f\u00f6r eng\u00e5ngsbruk erbjuder 60 000 smakintensiva bloss tack vare den toppmoderna trippelcoilarkitekturen och variabla nikotinstyrkor fr\u00e5n 0% till 5%. Den gener\u00f6sa v\u00e4tsketanken p\u00e5 54 ml och den anv\u00e4ndarv\u00e4nliga LED-displayen g\u00f6r det m\u00f6jligt att njuta av individuella \u00e5ngor utan kompromisser.<\/p>\n<h3 class=\"text-lg font-bold text-text-100 mt-1 -mb-1.5\">Intensiva smakkombinationer<\/h3>\n<p class=\"whitespace-normal break-words\">Den avancerade trippel-smakinnovationen presenterar en harmonisk blandning av jordgubbar, hallon och k\u00f6rsb\u00e4r, den mystiska Love 666-smakprofilen och s\u00f6t k\u00f6rsb\u00e4rsgodis med en kylande finish. Varje smak \u00e4r perfekt balanserad av optimerade 0,9\u03a9 mesh-vaporisatorer och ger autentiska smaknyanser.<\/p>\n<p class=\"whitespace-normal break-words\">Med 650 mAh batterikapacitet och snabbladdning av typ C erbjuder den h\u00e4r enheten maximal tillf\u00f6rlitlighet f\u00f6r alla tre smakprofilerna. Smart \u00f6vervakning h\u00e5ller dig informerad om statusen f\u00f6r varje smakreservoar.<\/p>\n<h3 class=\"text-lg font-bold text-text-100 mt-1 -mb-1.5\">Uppt\u00e4ck mer WASPE VAPE p\u00e5 vozolpuff<\/h3>\n<p class=\"whitespace-normal break-words\">Hitta fler exklusiva vape-produkter i v\u00e5r <strong><a class=\"underline\" href=\"https:\/\/vozolpuff.de\/sv\/\">Steam-butik<\/a><\/strong>bl\u00e4ddra igenom den kompletta <strong><a class=\"underline\" href=\"https:\/\/vozolpuff.de\/sv\/product-category\/waspe-vape\/\">WASPE VAPE Kollektion<\/a><\/strong> eller v\u00e4lj fr\u00e5n hela sortimentet <strong><a class=\"underline\" href=\"https:\/\/vozolpuff.de\/sv\/product-category\/waspe-vape\/waspe-aiviou-60000\/\">WASPE AIVIOU 60000 Olika sorters smaker<\/a><\/strong>.<\/p>","protected":false},"excerpt":{"rendered":"<div>\n<div class=\"grid-cols-1 grid gap-2.5 [&amp;_&gt;_*]:min-w-0 !gap-3.5\">\n<p class=\"whitespace-normal break-words\">Die WASPE AIVIOU 60000 Strawberry Raspberry Cherry\/Love 666\/Cherry Candy Ice Einweg-Vape bietet drei intensive Geschmackskompositionen. 60.000 Z\u00fcge, Dreifach-Coil-Architektur, 54ml Tank, 0-5% Nikotin und 650mAh Akku f\u00fcr authentischen Genuss.<\/p>\n<\/div>\n<\/div>\n<div class=\"h-8\"><\/div>\n","protected":false},"featured_media":4270,"comment_status":"open","ping_status":"closed","template":"","meta":{"_acf_changed":false},"product_brand":[],"product_cat":[53],"product_tag":[],"class_list":{"0":"post-4268","1":"product","2":"type-product","3":"status-publish","4":"has-post-thumbnail","6":"product_cat-waspe-aiviou-60000","8":"first","9":"instock","10":"shipping-taxable","11":"purchasable","12":"product-type-variable"},"acf":[],"_links":{"self":[{"href":"https:\/\/vozolpuff.de\/sv\/wp-json\/wp\/v2\/product\/4268","targetHints":{"allow":["GET"]}}],"collection":[{"href":"https:\/\/vozolpuff.de\/sv\/wp-json\/wp\/v2\/product"}],"about":[{"href":"https:\/\/vozolpuff.de\/sv\/wp-json\/wp\/v2\/types\/product"}],"replies":[{"embeddable":true,"href":"https:\/\/vozolpuff.de\/sv\/wp-json\/wp\/v2\/comments?post=4268"}],"wp:featuredmedia":[{"embeddable":true,"href":"https:\/\/vozolpuff.de\/sv\/wp-json\/wp\/v2\/media\/4270"}],"wp:attachment":[{"href":"https:\/\/vozolpuff.de\/sv\/wp-json\/wp\/v2\/media?parent=4268"}],"wp:term":[{"taxonomy":"product_brand","embeddable":true,"href":"https:\/\/vozolpuff.de\/sv\/wp-json\/wp\/v2\/product_brand?post=4268"},{"taxonomy":"product_cat","embeddable":true,"href":"https:\/\/vozolpuff.de\/sv\/wp-json\/wp\/v2\/product_cat?post=4268"},{"taxonomy":"product_tag","embeddable":true,"href":"https:\/\/vozolpuff.de\/sv\/wp-json\/wp\/v2\/product_tag?post=4268"}],"curies":[{"name":"wp","href":"https:\/\/api.w.org\/{rel}","templated":true}]}}